{"id":29535,"date":"2018-02-13T15:47:24","date_gmt":"2018-02-13T14:47:24","guid":{"rendered":"https:\/\/www.zivautomation.com\/?page_id=29535"},"modified":"2026-04-01T08:00:46","modified_gmt":"2026-04-01T06:00:46","slug":"irf-rele-de-proteccion-de-feeder-iec","status":"publish","type":"page","link":"https:\/\/www.zivautomation.com\/es\/productos\/sistemas-de-automatizacion-de-subestacion\/irf-rele-de-proteccion-de-feeder-iec\/","title":{"rendered":"IRF  &#8211; Rel\u00e9 de Protecci\u00f3n de Feeder IEC 61850 2"},"content":{"rendered":"<div class=\"wpb-content-wrapper\"><p>[vc_row][vc_column width=&#8221;1\/3&#8243;][vc_single_image image=&#8221;30953&#8243; img_size=&#8221;medium&#8221; alignment=&#8221;center&#8221; onclick=&#8221;img_link_large&#8221; css=&#8221;&#8221;][\/vc_column][vc_column width=&#8221;2\/3&#8243;][vc_column_text]<\/p>\n<h1>Rel\u00e9 (relevador) de <strong>Protecci\u00f3n de feeder<\/strong> (alimentadores) de distribuci\u00f3n, posiciones de m\u00e1quina (motores, transformadores y generadores), back-up en l\u00edneas de transmisi\u00f3n y unidad de control de bah\u00eda (BCU). <strong>Modular<\/strong>. Certificado <strong>IEC 61850<\/strong> edici\u00f3n 2.<\/h1>\n<p>Es aplicable <strong>para cualquier configuraci\u00f3n de subestaci\u00f3n<\/strong>. Sus funciones de protecci\u00f3n son apropiadas <strong>para cualquier r\u00e9gimen de neutro<\/strong> (r\u00edgido a tierra, a tierra a trav\u00e9s de resistencia limitadora, compensado a trav\u00e9s de bobina Petersen, y aislado).<\/p>\n<p>Incluye una potente <strong>l\u00f3gica programable con tiempos de ejecuci\u00f3n seleccionables<\/strong> seg\u00fan la prioridad requerida (2 ms, 10 ms y 20 ms). Contiene una gran cantidad de operadores, tanto digitales como anal\u00f3gicos, lo que permite la creaci\u00f3n de complejas funciones tanto de protecci\u00f3n como de control.<\/p>\n<h4>Caracter\u00edsticas principales de la Protecci\u00f3n de Feeder<\/h4>\n<ul>\n<li><span style=\"color: #800000;\">Detector de saturaci\u00f3n<\/span>.\u00a0La detecci\u00f3n de saturaci\u00f3n de alg\u00fan TI se basa en el c\u00e1lculo de la derivada de la intensidad. Su activaci\u00f3n modifica el principio de operaci\u00f3n de las unidades de sobreintensidad, utilizando \u00e9stas, adem\u00e1s de valor eficaz, el valor instant\u00e1neo. Este \u00faltimo criterio permite relajar los requerimientos de TIs.<\/li>\n<li><span style=\"color: #800000;\">Unidades direccionales<\/span>.\u00a0Incorpora varias unidades direccionales, que permiten determinar la direcci\u00f3n de la falta en escenarios complejos como: faltas con tensi\u00f3n cero, faltas con inversi\u00f3n de tensi\u00f3n en l\u00edneas con compensaci\u00f3n serie, faltas en redes con neutro aislado o compensado, etc.<\/li>\n<li><span style=\"color: #800000;\">Esquemas de protecci\u00f3n<\/span>.\u00a0Incluye esquemas DTT, PUTT, POTT, DCUB y DCB para las unidades de sobreintensidad direccionales lo que permite actuar de forma instant\u00e1nea en faltas localizadas hasta el 100% de la l\u00ednea.<\/li>\n<li><span style=\"color: #800000;\">Unidad de faltas a tierra restringidas.<\/span> Esta unidad permite detectar faltas a tierra en alguno de los devanados de un transformador de potencia, situadas muy cerca del punto neutro. Adem\u00e1s de la propia unidad diferencial de neutro, la unidad de faltas a tierra restringidas incluye una unidad de comparaci\u00f3n direccional que incrementa su seguridad ante faltas externas con saturaci\u00f3n de TIs. El equipo incorpora unidad de faltas a tierra restringidas de baja y de alta impedancia.<\/li>\n<\/ul>\n<p>&nbsp;<\/p>\n<h4>Caracter\u00edsticas generales de la familia de<a href=\"https:\/\/www.zivautomation.com\/es\/productos\/sistemas-de-automatizacion-de-subestacion\/\"> protecciones ZIV e-NET flex<\/a><\/h4>\n<ul>\n<li>Potente l\u00f3gica programable.<\/li>\n<li>Registro de 2000 eventos, hasta 100s de oscilograf\u00eda.<\/li>\n<li>Display alfanum\u00e9rico o gr\u00e1fico. 144 ED, 63 SD y 22 LEDs.<\/li>\n<li>Redundancia Bonding, RSTP, PRP y HSR.<\/li>\n<li>Protocolos IEC 61850 Ed. 2, DNP3.0, Modbus RTU y PROCOME.<\/li>\n<li>Bus de proceso nativo. Las tarjetas de canales anal\u00f3gicos operan como Merging Units para la CPU (muestras a 4800 Hz (IEC 61869-9) y sincronizadas).<\/li>\n<li>Ciberseguridad conforme a est\u00e1ndares IEC 62351, IEC 62443 e IEEE 1686-2013. RBAC, claves seguras, inhabilitaci\u00f3n de puertos f\u00edsicos y l\u00f3gicos,registro de eventos de ciberseguridad, securizaci\u00f3nde los protocolos de gesti\u00f3n (PROCOME, HTTPS, SFTP, SSH), autenticaci\u00f3n remota (LDAP, RADIUS) y securizaci\u00f3n del firmware.<\/li>\n<li>\u00a0Sincronizaci\u00f3n por IRIG-B, SNTP y PTP (Ordinary Clock \/ Transparent Clock).<\/li>\n<\/ul>\n<p>[\/vc_column_text]<p><strong>Documentaci\u00f3n<\/strong><\/p><ul>\r\n \t<li>Manual de instrucciones: <a target=\"_blank\" class=\"icon-lock\" data-id=\"162386\" href=\"https:\/\/www.zivautomation.com\/es\/access\/acceso\/\">M0IRFA2206Ev25<\/a> (03\/2026)<\/li>\r\n \t<li><span lang=\"ES-TRAD\">H<\/span><span lang=\"ES-TRAD\">oja de Producto<\/span>: <a target=\"_blank\" href=\"https:\/\/www.zivautomation.com\/wp-content\/uploads\/2022\/05\/h0irfa1807ev03.pdf\">H0IRFA1807Ev03<\/a> - Rev 04.2022<\/li>\r\n<\/ul><a class=\"btn btn-default\" href=\"\/es\/contacto\/\">Contacta aqu\u00ed con el responsable comercial de tu \u00e1rea<\/a>[\/vc_column][\/vc_row]<\/p>\n<\/div>","protected":false},"excerpt":{"rendered":"<p> Rel\u00e9 (relevador) de Protecci\u00f3n de feeder (alimentadores) de distribuci\u00f3n, posiciones de m\u00e1quina (motores, transformadores y generadores), back-up en l\u00edneas de transmisi\u00f3n y unidad de control de bah\u00eda (BCU). Modular. Certificado IEC 61850 edici\u00f3n 2. Es aplicable para cualquier configuraci\u00f3n de subestaci\u00f3n. Sus funciones de protecci\u00f3n son apropiadas para cualquier r\u00e9gimen de neutro [&hellip;]<\/p>\n","protected":false},"author":1,"featured_media":73257,"parent":84398,"menu_order":121,"comment_status":"closed","ping_status":"closed","template":"","meta":{"_acf_changed":false,"footnotes":""},"categories":[268,440,441,323,217,220],"tags":[],"class_list":["post-29535","page","type-page","status-publish","has-post-thumbnail","hentry","category-sistemas-de-automatizacion-de-subestacion-cat","category-subestacion-primaria-cat","category-transmision-cat","category-banco-de-capacitores-y-reactancia-cat","category-protecciones-cat","category-proteccion-de-alimentadores-cat"],"acf":[],"yoast_head":"<!-- This site is optimized with the Yoast SEO plugin v27.4 - https:\/\/yoast.com\/product\/yoast-seo-wordpress\/ -->\n<title>IRF - Rel\u00e9 de Protecci\u00f3n de Feeder IEC 61850 2 - ZIV<\/title>\n<meta name=\"description\" content=\"Rel\u00e9 (relevador) de\u00a0Protecci\u00f3n de feeder (alimentador) de distribuci\u00f3n, posiciones de m\u00e1quina, back-up en l\u00edneas de transmisi\u00f3n y BCU.\" \/>\n<meta name=\"robots\" content=\"index, follow, max-snippet:-1, max-image-preview:large, max-video-preview:-1\" \/>\n<link rel=\"canonical\" href=\"https:\/\/www.zivautomation.com\/es\/productos\/sistemas-de-automatizacion-de-subestacion\/irf-rele-de-proteccion-de-feeder-iec\/\" \/>\n<meta property=\"og:locale\" content=\"es_ES\" \/>\n<meta property=\"og:type\" content=\"article\" \/>\n<meta property=\"og:title\" content=\"IRF - Rel\u00e9 de Protecci\u00f3n de Feeder IEC 61850 2 - ZIV\" \/>\n<meta property=\"og:description\" content=\"Rel\u00e9 (relevador) de\u00a0Protecci\u00f3n de feeder (alimentador) de distribuci\u00f3n, posiciones de m\u00e1quina, back-up en l\u00edneas de transmisi\u00f3n y BCU.\" \/>\n<meta property=\"og:url\" content=\"https:\/\/www.zivautomation.com\/es\/productos\/sistemas-de-automatizacion-de-subestacion\/irf-rele-de-proteccion-de-feeder-iec\/\" \/>\n<meta property=\"og:site_name\" content=\"ZIV\" \/>\n<meta property=\"article:modified_time\" content=\"2026-04-01T06:00:46+00:00\" \/>\n<meta property=\"og:image\" content=\"https:\/\/www.zivautomation.com\/wp-content\/uploads\/2020\/01\/ziv-enel-goias-1.png\" \/>\n\t<meta property=\"og:image:width\" content=\"800\" \/>\n\t<meta property=\"og:image:height\" content=\"400\" \/>\n\t<meta property=\"og:image:type\" content=\"image\/png\" \/>\n<meta name=\"twitter:card\" content=\"summary_large_image\" \/>\n<meta name=\"twitter:label1\" content=\"Tiempo de lectura\" \/>\n\t<meta name=\"twitter:data1\" content=\"3 minutos\" \/>\n<script type=\"application\/ld+json\" class=\"yoast-schema-graph\">{\"@context\":\"https:\\\/\\\/schema.org\",\"@graph\":[{\"@type\":\"WebPage\",\"@id\":\"https:\\\/\\\/www.zivautomation.com\\\/es\\\/productos\\\/sistemas-de-automatizacion-de-subestacion\\\/irf-rele-de-proteccion-de-feeder-iec\\\/\",\"url\":\"https:\\\/\\\/www.zivautomation.com\\\/es\\\/productos\\\/sistemas-de-automatizacion-de-subestacion\\\/irf-rele-de-proteccion-de-feeder-iec\\\/\",\"name\":\"IRF - Rel\u00e9 de Protecci\u00f3n de Feeder IEC 61850 2 - ZIV\",\"isPartOf\":{\"@id\":\"https:\\\/\\\/www.zivautomation.com\\\/es\\\/#website\"},\"primaryImageOfPage\":{\"@id\":\"https:\\\/\\\/www.zivautomation.com\\\/es\\\/productos\\\/sistemas-de-automatizacion-de-subestacion\\\/irf-rele-de-proteccion-de-feeder-iec\\\/#primaryimage\"},\"image\":{\"@id\":\"https:\\\/\\\/www.zivautomation.com\\\/es\\\/productos\\\/sistemas-de-automatizacion-de-subestacion\\\/irf-rele-de-proteccion-de-feeder-iec\\\/#primaryimage\"},\"thumbnailUrl\":\"https:\\\/\\\/www.zivautomation.com\\\/wp-content\\\/uploads\\\/2020\\\/01\\\/ziv-enel-goias-1.png\",\"datePublished\":\"2018-02-13T14:47:24+00:00\",\"dateModified\":\"2026-04-01T06:00:46+00:00\",\"description\":\"Rel\u00e9 (relevador) de\u00a0Protecci\u00f3n de feeder (alimentador) de distribuci\u00f3n, posiciones de m\u00e1quina, back-up en l\u00edneas de transmisi\u00f3n y BCU.\",\"breadcrumb\":{\"@id\":\"https:\\\/\\\/www.zivautomation.com\\\/es\\\/productos\\\/sistemas-de-automatizacion-de-subestacion\\\/irf-rele-de-proteccion-de-feeder-iec\\\/#breadcrumb\"},\"inLanguage\":\"es\",\"potentialAction\":[{\"@type\":\"ReadAction\",\"target\":[\"https:\\\/\\\/www.zivautomation.com\\\/es\\\/productos\\\/sistemas-de-automatizacion-de-subestacion\\\/irf-rele-de-proteccion-de-feeder-iec\\\/\"]}]},{\"@type\":\"ImageObject\",\"inLanguage\":\"es\",\"@id\":\"https:\\\/\\\/www.zivautomation.com\\\/es\\\/productos\\\/sistemas-de-automatizacion-de-subestacion\\\/irf-rele-de-proteccion-de-feeder-iec\\\/#primaryimage\",\"url\":\"https:\\\/\\\/www.zivautomation.com\\\/wp-content\\\/uploads\\\/2020\\\/01\\\/ziv-enel-goias-1.png\",\"contentUrl\":\"https:\\\/\\\/www.zivautomation.com\\\/wp-content\\\/uploads\\\/2020\\\/01\\\/ziv-enel-goias-1.png\",\"width\":800,\"height\":400},{\"@type\":\"BreadcrumbList\",\"@id\":\"https:\\\/\\\/www.zivautomation.com\\\/es\\\/productos\\\/sistemas-de-automatizacion-de-subestacion\\\/irf-rele-de-proteccion-de-feeder-iec\\\/#breadcrumb\",\"itemListElement\":[{\"@type\":\"ListItem\",\"position\":1,\"name\":\"Home\",\"item\":\"https:\\\/\\\/www.zivautomation.com\\\/es\\\/\"},{\"@type\":\"ListItem\",\"position\":2,\"name\":\"Soluciones ZIV\",\"item\":\"https:\\\/\\\/www.zivautomation.com\\\/es\\\/productos\\\/\"},{\"@type\":\"ListItem\",\"position\":3,\"name\":\"Sistemas de Automatizaci\u00f3n de Subestaciones\",\"item\":\"https:\\\/\\\/www.zivautomation.com\\\/es\\\/productos\\\/sistemas-de-automatizacion-de-subestacion\\\/\"},{\"@type\":\"ListItem\",\"position\":4,\"name\":\"IRF &#8211; Rel\u00e9 de Protecci\u00f3n de Feeder IEC 61850 2\"}]},{\"@type\":\"WebSite\",\"@id\":\"https:\\\/\\\/www.zivautomation.com\\\/es\\\/#website\",\"url\":\"https:\\\/\\\/www.zivautomation.com\\\/es\\\/\",\"name\":\"ZIV\",\"description\":\"Haciendo realidad la Red del Futuro\",\"publisher\":{\"@id\":\"https:\\\/\\\/www.zivautomation.com\\\/es\\\/#organization\"},\"potentialAction\":[{\"@type\":\"SearchAction\",\"target\":{\"@type\":\"EntryPoint\",\"urlTemplate\":\"https:\\\/\\\/www.zivautomation.com\\\/es\\\/?s={search_term_string}\"},\"query-input\":{\"@type\":\"PropertyValueSpecification\",\"valueRequired\":true,\"valueName\":\"search_term_string\"}}],\"inLanguage\":\"es\"},{\"@type\":\"Organization\",\"@id\":\"https:\\\/\\\/www.zivautomation.com\\\/es\\\/#organization\",\"name\":\"ZIV\",\"url\":\"https:\\\/\\\/www.zivautomation.com\\\/es\\\/\",\"logo\":{\"@type\":\"ImageObject\",\"inLanguage\":\"es\",\"@id\":\"https:\\\/\\\/www.zivautomation.com\\\/es\\\/#\\\/schema\\\/logo\\\/image\\\/\",\"url\":\"https:\\\/\\\/www.zivautomation.com\\\/wp-content\\\/uploads\\\/2016\\\/10\\\/ziv_solo_cmyk_hr.jpg\",\"contentUrl\":\"https:\\\/\\\/www.zivautomation.com\\\/wp-content\\\/uploads\\\/2016\\\/10\\\/ziv_solo_cmyk_hr.jpg\",\"width\":7078,\"height\":2234,\"caption\":\"ZIV\"},\"image\":{\"@id\":\"https:\\\/\\\/www.zivautomation.com\\\/es\\\/#\\\/schema\\\/logo\\\/image\\\/\"}}]}<\/script>\n<!-- \/ Yoast SEO plugin. -->","yoast_head_json":{"title":"IRF - Rel\u00e9 de Protecci\u00f3n de Feeder IEC 61850 2 - ZIV","description":"Rel\u00e9 (relevador) de\u00a0Protecci\u00f3n de feeder (alimentador) de distribuci\u00f3n, posiciones de m\u00e1quina, back-up en l\u00edneas de transmisi\u00f3n y BCU.","robots":{"index":"index","follow":"follow","max-snippet":"max-snippet:-1","max-image-preview":"max-image-preview:large","max-video-preview":"max-video-preview:-1"},"canonical":"https:\/\/www.zivautomation.com\/es\/productos\/sistemas-de-automatizacion-de-subestacion\/irf-rele-de-proteccion-de-feeder-iec\/","og_locale":"es_ES","og_type":"article","og_title":"IRF - Rel\u00e9 de Protecci\u00f3n de Feeder IEC 61850 2 - ZIV","og_description":"Rel\u00e9 (relevador) de\u00a0Protecci\u00f3n de feeder (alimentador) de distribuci\u00f3n, posiciones de m\u00e1quina, back-up en l\u00edneas de transmisi\u00f3n y BCU.","og_url":"https:\/\/www.zivautomation.com\/es\/productos\/sistemas-de-automatizacion-de-subestacion\/irf-rele-de-proteccion-de-feeder-iec\/","og_site_name":"ZIV","article_modified_time":"2026-04-01T06:00:46+00:00","og_image":[{"width":800,"height":400,"url":"https:\/\/www.zivautomation.com\/wp-content\/uploads\/2020\/01\/ziv-enel-goias-1.png","type":"image\/png"}],"twitter_card":"summary_large_image","twitter_misc":{"Tiempo de lectura":"3 minutos"},"schema":{"@context":"https:\/\/schema.org","@graph":[{"@type":"WebPage","@id":"https:\/\/www.zivautomation.com\/es\/productos\/sistemas-de-automatizacion-de-subestacion\/irf-rele-de-proteccion-de-feeder-iec\/","url":"https:\/\/www.zivautomation.com\/es\/productos\/sistemas-de-automatizacion-de-subestacion\/irf-rele-de-proteccion-de-feeder-iec\/","name":"IRF - Rel\u00e9 de Protecci\u00f3n de Feeder IEC 61850 2 - ZIV","isPartOf":{"@id":"https:\/\/www.zivautomation.com\/es\/#website"},"primaryImageOfPage":{"@id":"https:\/\/www.zivautomation.com\/es\/productos\/sistemas-de-automatizacion-de-subestacion\/irf-rele-de-proteccion-de-feeder-iec\/#primaryimage"},"image":{"@id":"https:\/\/www.zivautomation.com\/es\/productos\/sistemas-de-automatizacion-de-subestacion\/irf-rele-de-proteccion-de-feeder-iec\/#primaryimage"},"thumbnailUrl":"https:\/\/www.zivautomation.com\/wp-content\/uploads\/2020\/01\/ziv-enel-goias-1.png","datePublished":"2018-02-13T14:47:24+00:00","dateModified":"2026-04-01T06:00:46+00:00","description":"Rel\u00e9 (relevador) de\u00a0Protecci\u00f3n de feeder (alimentador) de distribuci\u00f3n, posiciones de m\u00e1quina, back-up en l\u00edneas de transmisi\u00f3n y BCU.","breadcrumb":{"@id":"https:\/\/www.zivautomation.com\/es\/productos\/sistemas-de-automatizacion-de-subestacion\/irf-rele-de-proteccion-de-feeder-iec\/#breadcrumb"},"inLanguage":"es","potentialAction":[{"@type":"ReadAction","target":["https:\/\/www.zivautomation.com\/es\/productos\/sistemas-de-automatizacion-de-subestacion\/irf-rele-de-proteccion-de-feeder-iec\/"]}]},{"@type":"ImageObject","inLanguage":"es","@id":"https:\/\/www.zivautomation.com\/es\/productos\/sistemas-de-automatizacion-de-subestacion\/irf-rele-de-proteccion-de-feeder-iec\/#primaryimage","url":"https:\/\/www.zivautomation.com\/wp-content\/uploads\/2020\/01\/ziv-enel-goias-1.png","contentUrl":"https:\/\/www.zivautomation.com\/wp-content\/uploads\/2020\/01\/ziv-enel-goias-1.png","width":800,"height":400},{"@type":"BreadcrumbList","@id":"https:\/\/www.zivautomation.com\/es\/productos\/sistemas-de-automatizacion-de-subestacion\/irf-rele-de-proteccion-de-feeder-iec\/#breadcrumb","itemListElement":[{"@type":"ListItem","position":1,"name":"Home","item":"https:\/\/www.zivautomation.com\/es\/"},{"@type":"ListItem","position":2,"name":"Soluciones ZIV","item":"https:\/\/www.zivautomation.com\/es\/productos\/"},{"@type":"ListItem","position":3,"name":"Sistemas de Automatizaci\u00f3n de Subestaciones","item":"https:\/\/www.zivautomation.com\/es\/productos\/sistemas-de-automatizacion-de-subestacion\/"},{"@type":"ListItem","position":4,"name":"IRF &#8211; Rel\u00e9 de Protecci\u00f3n de Feeder IEC 61850 2"}]},{"@type":"WebSite","@id":"https:\/\/www.zivautomation.com\/es\/#website","url":"https:\/\/www.zivautomation.com\/es\/","name":"ZIV","description":"Haciendo realidad la Red del Futuro","publisher":{"@id":"https:\/\/www.zivautomation.com\/es\/#organization"},"potentialAction":[{"@type":"SearchAction","target":{"@type":"EntryPoint","urlTemplate":"https:\/\/www.zivautomation.com\/es\/?s={search_term_string}"},"query-input":{"@type":"PropertyValueSpecification","valueRequired":true,"valueName":"search_term_string"}}],"inLanguage":"es"},{"@type":"Organization","@id":"https:\/\/www.zivautomation.com\/es\/#organization","name":"ZIV","url":"https:\/\/www.zivautomation.com\/es\/","logo":{"@type":"ImageObject","inLanguage":"es","@id":"https:\/\/www.zivautomation.com\/es\/#\/schema\/logo\/image\/","url":"https:\/\/www.zivautomation.com\/wp-content\/uploads\/2016\/10\/ziv_solo_cmyk_hr.jpg","contentUrl":"https:\/\/www.zivautomation.com\/wp-content\/uploads\/2016\/10\/ziv_solo_cmyk_hr.jpg","width":7078,"height":2234,"caption":"ZIV"},"image":{"@id":"https:\/\/www.zivautomation.com\/es\/#\/schema\/logo\/image\/"}}]}},"_links":{"self":[{"href":"https:\/\/www.zivautomation.com\/es\/wp-json\/wp\/v2\/pages\/29535","targetHints":{"allow":["GET"]}}],"collection":[{"href":"https:\/\/www.zivautomation.com\/es\/wp-json\/wp\/v2\/pages"}],"about":[{"href":"https:\/\/www.zivautomation.com\/es\/wp-json\/wp\/v2\/types\/page"}],"author":[{"embeddable":true,"href":"https:\/\/www.zivautomation.com\/es\/wp-json\/wp\/v2\/users\/1"}],"replies":[{"embeddable":true,"href":"https:\/\/www.zivautomation.com\/es\/wp-json\/wp\/v2\/comments?post=29535"}],"version-history":[{"count":76,"href":"https:\/\/www.zivautomation.com\/es\/wp-json\/wp\/v2\/pages\/29535\/revisions"}],"predecessor-version":[{"id":162388,"href":"https:\/\/www.zivautomation.com\/es\/wp-json\/wp\/v2\/pages\/29535\/revisions\/162388"}],"up":[{"embeddable":true,"href":"https:\/\/www.zivautomation.com\/es\/wp-json\/wp\/v2\/pages\/84398"}],"wp:featuredmedia":[{"embeddable":true,"href":"https:\/\/www.zivautomation.com\/es\/wp-json\/wp\/v2\/media\/73257"}],"wp:attachment":[{"href":"https:\/\/www.zivautomation.com\/es\/wp-json\/wp\/v2\/media?parent=29535"}],"wp:term":[{"taxonomy":"category","embeddable":true,"href":"https:\/\/www.zivautomation.com\/es\/wp-json\/wp\/v2\/categories?post=29535"},{"taxonomy":"post_tag","embeddable":true,"href":"https:\/\/www.zivautomation.com\/es\/wp-json\/wp\/v2\/tags?post=29535"}],"curies":[{"name":"wp","href":"https:\/\/api.w.org\/{rel}","templated":true}]}}