{"id":29532,"date":"2017-11-22T22:35:34","date_gmt":"2017-11-22T21:35:34","guid":{"rendered":"https:\/\/www.zivautomation.com\/?page_id=29532"},"modified":"2026-04-01T09:48:19","modified_gmt":"2026-04-01T07:48:19","slug":"idf-proteccion-control-y-medida-para-una-posicion-de-transformador-o-autotransformador","status":"publish","type":"page","link":"https:\/\/www.zivautomation.com\/es\/productos\/sistemas-de-automatizacion-de-subestacion\/idf-proteccion-control-y-medida-para-una-posicion-de-transformador-o-autotransformador\/","title":{"rendered":"IDF &#8211; Rel\u00e9 de Protecci\u00f3n de Transformador IEC 61850 2"},"content":{"rendered":"<div class=\"wpb-content-wrapper\"><p>[vc_row][vc_column width=&#8221;1\/3&#8243;][vc_single_image image=&#8221;142150&#8243; img_size=&#8221;medium&#8221; alignment=&#8221;center&#8221; onclick=&#8221;img_link_large&#8221; css=&#8221;&#8221;][\/vc_column][vc_column width=&#8221;2\/3&#8243;][vc_column_text]<\/p>\n<h1>Rel\u00e9 (relevador) de <strong>protecci\u00f3n de transformador o autotransformador<\/strong>, de dos o tres devanados, aplicable a cualquier nivel de tensi\u00f3n, con simple o doble interruptor.<\/h1>\n<p>Se aplica en transformadores no convencionales tales como <strong>transformadores desfasadores y transformadores Scott o Leblanc<\/strong>.<\/p>\n<p>Puede emplearse como <strong>protecci\u00f3n diferencial <\/strong>en reactancias, SVCs, generadores y motores.<\/p>\n<p>Su <strong>r\u00e1pida unidad diferencial<\/strong>, complementada por las avanzadas <strong>l\u00f3gicas de bloqueo y frenado por arm\u00f3nicos <\/strong>y por el <strong>detector de falta externa<\/strong>, aporta una gran fiabilidad en todo tipo de condiciones.<\/p>\n<h4>Caracter\u00edsticas principales de la Protecci\u00f3n de transformador<\/h4>\n<ul>\n<li><span style=\"color: #800000;\">Unidades diferenciales<\/span>. Incluye una con frenado, por intensidad pasante y frenado\/bloqueo por arm\u00f3nicos, y otra sin ning\u00fan tipo<br \/>\nde frenado. Esta \u00faltima permite acelerar el disparo ante faltas internas con elevada intensidad de defecto que provoque la saturaci\u00f3n de los TIs. Ambas unidades diferenciales disponen de hasta 4 entradas trif\u00e1sicas de intensidad, lo que permite proteger transformadores con configuraciones de interruptor y medio o anillo.<\/li>\n<li><span style=\"color: #800000;\">Frenado\/Bloqueo por arm\u00f3nicos.<\/span>\u00a0Las unidades de frenado y de bloqueo por arm\u00f3nicos permiten evitar disparos en condiciones de inrush y sobreexcitaci\u00f3n del transformador. La amplia variedad de l\u00f3gicas de bloqueo cruzado (\u201ccross-blocking\u201d) aporta gran seguridad en energizaciones con bajo porcentaje de segundo arm\u00f3nico, caracter\u00edsticas de los nuevos transformadores de potencia. La l\u00f3gica de bloqueo\/ frenado por arm\u00f3nicos din\u00e1mico permite acelerar los disparos ante faltas internas con saturaci\u00f3n de alg\u00fan TI. Gracias a esta \u00faltima l\u00f3gica y al uso de salidas r\u00e1pidas, la unidad diferencial dispara en tiempos inferiores al ciclo.<\/li>\n<li><span style=\"color: #800000;\">Detector de falta externa<\/span>.\u00a0Permite bloquear la unidad diferencial ante faltas externas con saturaci\u00f3n de TIs muy severa, aportando una gran seguridad.<\/li>\n<li><span style=\"color: #800000;\">Faltas a tierra restringidas<\/span>. Las unidades de faltas a tierra restringidas permiten detectar altas a tierra en alguno de los devanados de la m\u00e1quina, situadas muy cerca del punto neutro. Adem\u00e1s de la propia unidad diferencial de neutro, la unidad de faltas a tierra restringidas incluye una unidad de comparaci\u00f3n direccional que incrementa su seguridad ante faltas externas con saturaci\u00f3n de TIs. El equipo dispone de unidades de faltas a tierra restringidas de baja y de alta impedancia<\/li>\n<li><span style=\"color: #800000;\">Unidades de respaldo<\/span>. Cuentan con hasta nueve unidades de sobreintensidad de cada tipo (fases, neutro, secuencia inversa y tierra). Cada una de ellas puede configurarse como unidad direccional.<\/li>\n<\/ul>\n<h4>Caracter\u00edsticas generales de la familia de <a href=\"https:\/\/www.zivautomation.com\/es\/productos\/sistemas-de-automatizacion-de-subestacion\/\">protecciones ZIV e-NET flex<\/a><\/h4>\n<ul>\n<li>Potente l\u00f3gica programable.<\/li>\n<li>Registro de 2000 eventos, hasta 100s de oscilograf\u00eda.<\/li>\n<li>Display alfanum\u00e9rico o gr\u00e1fico. 144 ED, 63 SD y 22 LEDs.<\/li>\n<li>Redundancia Bonding, RSTP, PRP y HSR.<\/li>\n<li>Protocolos IEC 61850 Ed. 2, DNP3.0, Modbus RTU y PROCOME.<\/li>\n<li>Bus de proceso nativo. Las tarjetas de canales anal\u00f3gicos operan como Merging Units para la CPU (muestras a 4800 Hz (IEC 61869-9) y sincronizadas).<\/li>\n<li>Ciberseguridad conforme a est\u00e1ndares IEC 62351, IEC 62443 e IEEE 1686-2013. RBAC, claves seguras, inhabilitaci\u00f3n de puertos f\u00edsicos y l\u00f3gicos,registro de eventos de ciberseguridad, securizaci\u00f3nde los protocolos de gesti\u00f3n (PROCOME, HTTPS, SFTP, SSH), autenticaci\u00f3n remota (LDAP, RADIUS) y securizaci\u00f3n del firmware.<\/li>\n<li>\u00a0Sincronizaci\u00f3n por IRIG-B, SNTP y PTP (Ordinary Clock \/ Transparent Clock).<\/li>\n<\/ul>\n<p>[\/vc_column_text]<a class=\"btn with-icon btn-link\" href=\"https:\/\/www.zivautomation.com\/es\/contacto\/\" target=\"_blank\"><i class=\"icon-mail\" ><\/i> M\u00e1s informaci\u00f3n<\/a><p><strong>Documentaci\u00f3n<\/strong><\/p><ul>\r\n \t<li>Manual de Instrucciones: <a target=\"_blank\" class=\"icon-lock\" data-id=\"162401\" href=\"https:\/\/www.zivautomation.com\/es\/access\/acceso\/\">M0IDFA2307Ev04<\/a> (03\/2026)<strong><em>\r\n<\/em><\/strong><\/li>\r\n \t<li>Hoja de Producto:\u00a0 \u00a0 <a target=\"_blank\" href=\"https:\/\/www.zivautomation.com\/wp-content\/uploads\/2019\/06\/h0idfb2102ev01.pdf\">H0IDFB2102Ev01<\/a>\u00a0- Rev 04.2022<\/li>\r\n<\/ul>[\/vc_column][\/vc_row]<\/p>\n<\/div>","protected":false},"excerpt":{"rendered":"<p> Rel\u00e9 (relevador) de protecci\u00f3n de transformador o autotransformador, de dos o tres devanados, aplicable a cualquier nivel de tensi\u00f3n, con simple o doble interruptor. Se aplica en transformadores no convencionales tales como transformadores desfasadores y transformadores Scott o Leblanc. Puede emplearse como protecci\u00f3n diferencial en reactancias, SVCs, generadores y motores. Su r\u00e1pida [&hellip;]<\/p>\n","protected":false},"author":1,"featured_media":74478,"parent":84398,"menu_order":260,"comment_status":"closed","ping_status":"closed","template":"","meta":{"_acf_changed":false,"footnotes":""},"categories":[268,440,441,217,223],"tags":[],"class_list":["post-29532","page","type-page","status-publish","has-post-thumbnail","hentry","category-sistemas-de-automatizacion-de-subestacion-cat","category-subestacion-primaria-cat","category-transmision-cat","category-protecciones-cat","category-proteccion-de-transformadores-cat"],"acf":[],"yoast_head":"<!-- This site is optimized with the Yoast SEO plugin v27.5 - https:\/\/yoast.com\/product\/yoast-seo-wordpress\/ -->\n<title>IDF - Rel\u00e9 de Protecci\u00f3n de Transformador IEC 61850 2 - ZIV<\/title>\n<meta name=\"description\" content=\"Rel\u00e9 (relevador) de protecci\u00f3n de transformador de dos o tres devanados. Simple o doble interruptor. R\u00e1pida unidad diferencial...\" \/>\n<meta name=\"robots\" content=\"index, follow, max-snippet:-1, max-image-preview:large, max-video-preview:-1\" \/>\n<link rel=\"canonical\" href=\"https:\/\/www.zivautomation.com\/es\/productos\/sistemas-de-automatizacion-de-subestacion\/idf-proteccion-control-y-medida-para-una-posicion-de-transformador-o-autotransformador\/\" \/>\n<meta property=\"og:locale\" content=\"es_ES\" \/>\n<meta property=\"og:type\" content=\"article\" \/>\n<meta property=\"og:title\" content=\"IDF - Rel\u00e9 de Protecci\u00f3n de Transformador IEC 61850 2 - ZIV\" \/>\n<meta property=\"og:description\" content=\"Rel\u00e9 (relevador) de protecci\u00f3n de transformador de dos o tres devanados. Simple o doble interruptor. R\u00e1pida unidad diferencial...\" \/>\n<meta property=\"og:url\" content=\"https:\/\/www.zivautomation.com\/es\/productos\/sistemas-de-automatizacion-de-subestacion\/idf-proteccion-control-y-medida-para-una-posicion-de-transformador-o-autotransformador\/\" \/>\n<meta property=\"og:site_name\" content=\"ZIV\" \/>\n<meta property=\"article:modified_time\" content=\"2026-04-01T07:48:19+00:00\" \/>\n<meta property=\"og:image\" content=\"https:\/\/www.zivautomation.com\/wp-content\/uploads\/2020\/04\/idf-transformer-protection-relay-iec-61850-2-800x400-ziv.png\" \/>\n\t<meta property=\"og:image:width\" content=\"800\" \/>\n\t<meta property=\"og:image:height\" content=\"400\" \/>\n\t<meta property=\"og:image:type\" content=\"image\/png\" \/>\n<meta name=\"twitter:card\" content=\"summary_large_image\" \/>\n<meta name=\"twitter:label1\" content=\"Tiempo de lectura\" \/>\n\t<meta name=\"twitter:data1\" content=\"3 minutos\" \/>\n<script type=\"application\/ld+json\" class=\"yoast-schema-graph\">{\"@context\":\"https:\\\/\\\/schema.org\",\"@graph\":[{\"@type\":\"WebPage\",\"@id\":\"https:\\\/\\\/www.zivautomation.com\\\/es\\\/productos\\\/sistemas-de-automatizacion-de-subestacion\\\/idf-proteccion-control-y-medida-para-una-posicion-de-transformador-o-autotransformador\\\/\",\"url\":\"https:\\\/\\\/www.zivautomation.com\\\/es\\\/productos\\\/sistemas-de-automatizacion-de-subestacion\\\/idf-proteccion-control-y-medida-para-una-posicion-de-transformador-o-autotransformador\\\/\",\"name\":\"IDF - Rel\u00e9 de Protecci\u00f3n de Transformador IEC 61850 2 - ZIV\",\"isPartOf\":{\"@id\":\"https:\\\/\\\/www.zivautomation.com\\\/es\\\/#website\"},\"primaryImageOfPage\":{\"@id\":\"https:\\\/\\\/www.zivautomation.com\\\/es\\\/productos\\\/sistemas-de-automatizacion-de-subestacion\\\/idf-proteccion-control-y-medida-para-una-posicion-de-transformador-o-autotransformador\\\/#primaryimage\"},\"image\":{\"@id\":\"https:\\\/\\\/www.zivautomation.com\\\/es\\\/productos\\\/sistemas-de-automatizacion-de-subestacion\\\/idf-proteccion-control-y-medida-para-una-posicion-de-transformador-o-autotransformador\\\/#primaryimage\"},\"thumbnailUrl\":\"https:\\\/\\\/www.zivautomation.com\\\/wp-content\\\/uploads\\\/2020\\\/04\\\/idf-transformer-protection-relay-iec-61850-2-800x400-ziv.png\",\"datePublished\":\"2017-11-22T21:35:34+00:00\",\"dateModified\":\"2026-04-01T07:48:19+00:00\",\"description\":\"Rel\u00e9 (relevador) de protecci\u00f3n de transformador de dos o tres devanados. Simple o doble interruptor. R\u00e1pida unidad diferencial...\",\"breadcrumb\":{\"@id\":\"https:\\\/\\\/www.zivautomation.com\\\/es\\\/productos\\\/sistemas-de-automatizacion-de-subestacion\\\/idf-proteccion-control-y-medida-para-una-posicion-de-transformador-o-autotransformador\\\/#breadcrumb\"},\"inLanguage\":\"es\",\"potentialAction\":[{\"@type\":\"ReadAction\",\"target\":[\"https:\\\/\\\/www.zivautomation.com\\\/es\\\/productos\\\/sistemas-de-automatizacion-de-subestacion\\\/idf-proteccion-control-y-medida-para-una-posicion-de-transformador-o-autotransformador\\\/\"]}]},{\"@type\":\"ImageObject\",\"inLanguage\":\"es\",\"@id\":\"https:\\\/\\\/www.zivautomation.com\\\/es\\\/productos\\\/sistemas-de-automatizacion-de-subestacion\\\/idf-proteccion-control-y-medida-para-una-posicion-de-transformador-o-autotransformador\\\/#primaryimage\",\"url\":\"https:\\\/\\\/www.zivautomation.com\\\/wp-content\\\/uploads\\\/2020\\\/04\\\/idf-transformer-protection-relay-iec-61850-2-800x400-ziv.png\",\"contentUrl\":\"https:\\\/\\\/www.zivautomation.com\\\/wp-content\\\/uploads\\\/2020\\\/04\\\/idf-transformer-protection-relay-iec-61850-2-800x400-ziv.png\",\"width\":800,\"height\":400,\"caption\":\"IDF - Transformer Protection Relay IEC 61850 2\"},{\"@type\":\"BreadcrumbList\",\"@id\":\"https:\\\/\\\/www.zivautomation.com\\\/es\\\/productos\\\/sistemas-de-automatizacion-de-subestacion\\\/idf-proteccion-control-y-medida-para-una-posicion-de-transformador-o-autotransformador\\\/#breadcrumb\",\"itemListElement\":[{\"@type\":\"ListItem\",\"position\":1,\"name\":\"Home\",\"item\":\"https:\\\/\\\/www.zivautomation.com\\\/es\\\/\"},{\"@type\":\"ListItem\",\"position\":2,\"name\":\"Soluciones ZIV\",\"item\":\"https:\\\/\\\/www.zivautomation.com\\\/es\\\/productos\\\/\"},{\"@type\":\"ListItem\",\"position\":3,\"name\":\"Sistemas de Automatizaci\u00f3n de Subestaciones\",\"item\":\"https:\\\/\\\/www.zivautomation.com\\\/es\\\/productos\\\/sistemas-de-automatizacion-de-subestacion\\\/\"},{\"@type\":\"ListItem\",\"position\":4,\"name\":\"IDF &#8211; Rel\u00e9 de Protecci\u00f3n de Transformador IEC 61850 2\"}]},{\"@type\":\"WebSite\",\"@id\":\"https:\\\/\\\/www.zivautomation.com\\\/es\\\/#website\",\"url\":\"https:\\\/\\\/www.zivautomation.com\\\/es\\\/\",\"name\":\"ZIV\",\"description\":\"Haciendo realidad la Red del Futuro\",\"publisher\":{\"@id\":\"https:\\\/\\\/www.zivautomation.com\\\/es\\\/#organization\"},\"potentialAction\":[{\"@type\":\"SearchAction\",\"target\":{\"@type\":\"EntryPoint\",\"urlTemplate\":\"https:\\\/\\\/www.zivautomation.com\\\/es\\\/?s={search_term_string}\"},\"query-input\":{\"@type\":\"PropertyValueSpecification\",\"valueRequired\":true,\"valueName\":\"search_term_string\"}}],\"inLanguage\":\"es\"},{\"@type\":\"Organization\",\"@id\":\"https:\\\/\\\/www.zivautomation.com\\\/es\\\/#organization\",\"name\":\"ZIV\",\"url\":\"https:\\\/\\\/www.zivautomation.com\\\/es\\\/\",\"logo\":{\"@type\":\"ImageObject\",\"inLanguage\":\"es\",\"@id\":\"https:\\\/\\\/www.zivautomation.com\\\/es\\\/#\\\/schema\\\/logo\\\/image\\\/\",\"url\":\"https:\\\/\\\/www.zivautomation.com\\\/wp-content\\\/uploads\\\/2016\\\/10\\\/ziv_solo_cmyk_hr.jpg\",\"contentUrl\":\"https:\\\/\\\/www.zivautomation.com\\\/wp-content\\\/uploads\\\/2016\\\/10\\\/ziv_solo_cmyk_hr.jpg\",\"width\":7078,\"height\":2234,\"caption\":\"ZIV\"},\"image\":{\"@id\":\"https:\\\/\\\/www.zivautomation.com\\\/es\\\/#\\\/schema\\\/logo\\\/image\\\/\"}}]}<\/script>\n<!-- \/ Yoast SEO plugin. -->","yoast_head_json":{"title":"IDF - Rel\u00e9 de Protecci\u00f3n de Transformador IEC 61850 2 - ZIV","description":"Rel\u00e9 (relevador) de protecci\u00f3n de transformador de dos o tres devanados. Simple o doble interruptor. R\u00e1pida unidad diferencial...","robots":{"index":"index","follow":"follow","max-snippet":"max-snippet:-1","max-image-preview":"max-image-preview:large","max-video-preview":"max-video-preview:-1"},"canonical":"https:\/\/www.zivautomation.com\/es\/productos\/sistemas-de-automatizacion-de-subestacion\/idf-proteccion-control-y-medida-para-una-posicion-de-transformador-o-autotransformador\/","og_locale":"es_ES","og_type":"article","og_title":"IDF - Rel\u00e9 de Protecci\u00f3n de Transformador IEC 61850 2 - ZIV","og_description":"Rel\u00e9 (relevador) de protecci\u00f3n de transformador de dos o tres devanados. Simple o doble interruptor. R\u00e1pida unidad diferencial...","og_url":"https:\/\/www.zivautomation.com\/es\/productos\/sistemas-de-automatizacion-de-subestacion\/idf-proteccion-control-y-medida-para-una-posicion-de-transformador-o-autotransformador\/","og_site_name":"ZIV","article_modified_time":"2026-04-01T07:48:19+00:00","og_image":[{"width":800,"height":400,"url":"https:\/\/www.zivautomation.com\/wp-content\/uploads\/2020\/04\/idf-transformer-protection-relay-iec-61850-2-800x400-ziv.png","type":"image\/png"}],"twitter_card":"summary_large_image","twitter_misc":{"Tiempo de lectura":"3 minutos"},"schema":{"@context":"https:\/\/schema.org","@graph":[{"@type":"WebPage","@id":"https:\/\/www.zivautomation.com\/es\/productos\/sistemas-de-automatizacion-de-subestacion\/idf-proteccion-control-y-medida-para-una-posicion-de-transformador-o-autotransformador\/","url":"https:\/\/www.zivautomation.com\/es\/productos\/sistemas-de-automatizacion-de-subestacion\/idf-proteccion-control-y-medida-para-una-posicion-de-transformador-o-autotransformador\/","name":"IDF - Rel\u00e9 de Protecci\u00f3n de Transformador IEC 61850 2 - ZIV","isPartOf":{"@id":"https:\/\/www.zivautomation.com\/es\/#website"},"primaryImageOfPage":{"@id":"https:\/\/www.zivautomation.com\/es\/productos\/sistemas-de-automatizacion-de-subestacion\/idf-proteccion-control-y-medida-para-una-posicion-de-transformador-o-autotransformador\/#primaryimage"},"image":{"@id":"https:\/\/www.zivautomation.com\/es\/productos\/sistemas-de-automatizacion-de-subestacion\/idf-proteccion-control-y-medida-para-una-posicion-de-transformador-o-autotransformador\/#primaryimage"},"thumbnailUrl":"https:\/\/www.zivautomation.com\/wp-content\/uploads\/2020\/04\/idf-transformer-protection-relay-iec-61850-2-800x400-ziv.png","datePublished":"2017-11-22T21:35:34+00:00","dateModified":"2026-04-01T07:48:19+00:00","description":"Rel\u00e9 (relevador) de protecci\u00f3n de transformador de dos o tres devanados. Simple o doble interruptor. R\u00e1pida unidad diferencial...","breadcrumb":{"@id":"https:\/\/www.zivautomation.com\/es\/productos\/sistemas-de-automatizacion-de-subestacion\/idf-proteccion-control-y-medida-para-una-posicion-de-transformador-o-autotransformador\/#breadcrumb"},"inLanguage":"es","potentialAction":[{"@type":"ReadAction","target":["https:\/\/www.zivautomation.com\/es\/productos\/sistemas-de-automatizacion-de-subestacion\/idf-proteccion-control-y-medida-para-una-posicion-de-transformador-o-autotransformador\/"]}]},{"@type":"ImageObject","inLanguage":"es","@id":"https:\/\/www.zivautomation.com\/es\/productos\/sistemas-de-automatizacion-de-subestacion\/idf-proteccion-control-y-medida-para-una-posicion-de-transformador-o-autotransformador\/#primaryimage","url":"https:\/\/www.zivautomation.com\/wp-content\/uploads\/2020\/04\/idf-transformer-protection-relay-iec-61850-2-800x400-ziv.png","contentUrl":"https:\/\/www.zivautomation.com\/wp-content\/uploads\/2020\/04\/idf-transformer-protection-relay-iec-61850-2-800x400-ziv.png","width":800,"height":400,"caption":"IDF - Transformer Protection Relay IEC 61850 2"},{"@type":"BreadcrumbList","@id":"https:\/\/www.zivautomation.com\/es\/productos\/sistemas-de-automatizacion-de-subestacion\/idf-proteccion-control-y-medida-para-una-posicion-de-transformador-o-autotransformador\/#breadcrumb","itemListElement":[{"@type":"ListItem","position":1,"name":"Home","item":"https:\/\/www.zivautomation.com\/es\/"},{"@type":"ListItem","position":2,"name":"Soluciones ZIV","item":"https:\/\/www.zivautomation.com\/es\/productos\/"},{"@type":"ListItem","position":3,"name":"Sistemas de Automatizaci\u00f3n de Subestaciones","item":"https:\/\/www.zivautomation.com\/es\/productos\/sistemas-de-automatizacion-de-subestacion\/"},{"@type":"ListItem","position":4,"name":"IDF &#8211; Rel\u00e9 de Protecci\u00f3n de Transformador IEC 61850 2"}]},{"@type":"WebSite","@id":"https:\/\/www.zivautomation.com\/es\/#website","url":"https:\/\/www.zivautomation.com\/es\/","name":"ZIV","description":"Haciendo realidad la Red del Futuro","publisher":{"@id":"https:\/\/www.zivautomation.com\/es\/#organization"},"potentialAction":[{"@type":"SearchAction","target":{"@type":"EntryPoint","urlTemplate":"https:\/\/www.zivautomation.com\/es\/?s={search_term_string}"},"query-input":{"@type":"PropertyValueSpecification","valueRequired":true,"valueName":"search_term_string"}}],"inLanguage":"es"},{"@type":"Organization","@id":"https:\/\/www.zivautomation.com\/es\/#organization","name":"ZIV","url":"https:\/\/www.zivautomation.com\/es\/","logo":{"@type":"ImageObject","inLanguage":"es","@id":"https:\/\/www.zivautomation.com\/es\/#\/schema\/logo\/image\/","url":"https:\/\/www.zivautomation.com\/wp-content\/uploads\/2016\/10\/ziv_solo_cmyk_hr.jpg","contentUrl":"https:\/\/www.zivautomation.com\/wp-content\/uploads\/2016\/10\/ziv_solo_cmyk_hr.jpg","width":7078,"height":2234,"caption":"ZIV"},"image":{"@id":"https:\/\/www.zivautomation.com\/es\/#\/schema\/logo\/image\/"}}]}},"_links":{"self":[{"href":"https:\/\/www.zivautomation.com\/es\/wp-json\/wp\/v2\/pages\/29532","targetHints":{"allow":["GET"]}}],"collection":[{"href":"https:\/\/www.zivautomation.com\/es\/wp-json\/wp\/v2\/pages"}],"about":[{"href":"https:\/\/www.zivautomation.com\/es\/wp-json\/wp\/v2\/types\/page"}],"author":[{"embeddable":true,"href":"https:\/\/www.zivautomation.com\/es\/wp-json\/wp\/v2\/users\/1"}],"replies":[{"embeddable":true,"href":"https:\/\/www.zivautomation.com\/es\/wp-json\/wp\/v2\/comments?post=29532"}],"version-history":[{"count":69,"href":"https:\/\/www.zivautomation.com\/es\/wp-json\/wp\/v2\/pages\/29532\/revisions"}],"predecessor-version":[{"id":162403,"href":"https:\/\/www.zivautomation.com\/es\/wp-json\/wp\/v2\/pages\/29532\/revisions\/162403"}],"up":[{"embeddable":true,"href":"https:\/\/www.zivautomation.com\/es\/wp-json\/wp\/v2\/pages\/84398"}],"wp:featuredmedia":[{"embeddable":true,"href":"https:\/\/www.zivautomation.com\/es\/wp-json\/wp\/v2\/media\/74478"}],"wp:attachment":[{"href":"https:\/\/www.zivautomation.com\/es\/wp-json\/wp\/v2\/media?parent=29532"}],"wp:term":[{"taxonomy":"category","embeddable":true,"href":"https:\/\/www.zivautomation.com\/es\/wp-json\/wp\/v2\/categories?post=29532"},{"taxonomy":"post_tag","embeddable":true,"href":"https:\/\/www.zivautomation.com\/es\/wp-json\/wp\/v2\/tags?post=29532"}],"curies":[{"name":"wp","href":"https:\/\/api.w.org\/{rel}","templated":true}]}}