{"id":26233,"date":"2017-07-06T12:19:55","date_gmt":"2017-07-06T10:19:55","guid":{"rendered":"https:\/\/www.zivautomation.com\/productos\/monitorizacion-y-control\/unidad-central-de-subestacion-rtu-gateway\/xcell-2\/"},"modified":"2025-02-11T09:57:16","modified_gmt":"2025-02-11T08:57:16","slug":"xcell-plataforma-de-automatizacion-para-subestaciones-de-at-y-mt","status":"publish","type":"page","link":"https:\/\/www.zivautomation.com\/es\/productos\/sistemas-de-automatizacion-de-subestacion\/xcell-plataforma-de-automatizacion-para-subestaciones-de-at-y-mt\/","title":{"rendered":"XCell &#8211; Plataforma de Automatizaci\u00f3n para Subestaciones de AT y MT"},"content":{"rendered":"<div class=\"wpb-content-wrapper\"><p><span id=\"result_box\" class=\"\" lang=\"en\"><span class=\"\">[vc_row][vc_column width=&#8221;1\/3&#8243;][vc_single_image border_color=&#8221;grey&#8221; img_link_large=&#8221;yes&#8221; img_link_target=&#8221;_self&#8221; css_animation=&#8221;right-to-left&#8221; img_size=&#8221;medium&#8221; image=&#8221;26225&#8243;][\/vc_column][vc_column width=&#8221;2\/3&#8243;][vc_column_text css_animation=&#8221;right-to-left&#8221;]<\/span><\/span><span id=\"result_box\" class=\"\" lang=\"en\"> <\/span><\/p>\n<h2><span id=\"result_box\" class=\"\" lang=\"es\"><span class=\"\">Gateway de Subestaci\u00f3n<\/span><\/span><\/h2>\n<p><strong><span id=\"result_box\" class=\"\" lang=\"es\"><span class=\"\">La plataforma ideal para nuevas subestaciones que facilita la integraci\u00f3n de nuevas tecnolog\u00edas, incluidos IEC 61850 y DLMS Smart Meters.<\/span><\/span><\/strong><\/p>\n<p><span id=\"result_box\" class=\"\" lang=\"es\">XCell es una avanzada plataforma de automatizaci\u00f3n, dise\u00f1ada espec\u00edficamente para subestaciones de AT y MT. Su tecnolog\u00eda de \u00faltima generaci\u00f3n proporciona acceso en tiempo real a datos de planta cableados, IED inteligentes, dispositivos IEC 61850 conectados en red y contadores inteligentes. <span class=\"\">Esto lo hace ideal para nuevas subestaciones o para la actualizaci\u00f3n e integraci\u00f3n de subestaciones existentes.<\/span><\/span><\/p>\n<p><strong>Caracter\u00edsticas principales <\/strong><\/p>\n<ul>\n<li>Acceso en tiempo real a los datos de los dispositivos conectados a la misma (IEC 61850 \/ protocolos convencionales).<\/li>\n<li>Soluci\u00f3n v\u00e1lida tanto para nuevas subestaciones como para integrar o actualizar instalaciones existentes.<\/li>\n<\/ul>\n<p><strong>Relacionado<\/strong><\/p>\n<ul>\n<li><a href=\"..\/..\">Substation Automation<\/a><\/li>\n<\/ul>\n<p>&nbsp;<\/p>\n<p>[\/vc_column_text]<a class=\"btn with-icon btn-link\" href=\"https:\/\/www.zivautomation.com\/es\/contacto\/\" target=\"_blank\"><i class=\"icon-mail\" ><\/i> SI EST\u00c1S TRABAJANDO EN UN PROYECTO, SOLICITA AYUDA AL EQUIPO DE APLICACI\u00d3N Y VENTAS<\/a><p><strong>Documentaci\u00f3n<\/strong><\/p><ul>\r\n \t<li>Instruction Manual: <a target=\"_blank\" class=\"icon-lock\" data-id=\"69095\" href=\"https:\/\/www.zivautomation.com\/es\/access\/acceso\/\">MXCELC1901Iv00<\/a><\/li>\r\n \t<li>Data Sheet: <a target=\"_blank\" href=\"https:\/\/www.zivautomation.com\/wp-content\/uploads\/2017\/07\/hxcei1612b.pdf\">HXCEI1612B<\/a><\/li>\r\n \t<li>CAN Master Configuration Guide [1.25]: <a target=\"_blank\" class=\"icon-lock\" data-id=\"69435\" href=\"https:\/\/www.zivautomation.com\/es\/access\/acceso\/\">M0CANC1902Iv00<\/a><\/li>\r\n \t<li>IEC60870-5-101\/104 Slave Configuration Guide [8.78 Arm]: <a target=\"_blank\" class=\"icon-lock\" data-id=\"69423\" href=\"https:\/\/www.zivautomation.com\/es\/access\/acceso\/\">M0IECS1902Iv00<\/a><\/li>\r\n \t<li>NTP Configuration Guide [1.00]: <a target=\"_blank\" class=\"icon-lock\" data-id=\"69426\" href=\"https:\/\/www.zivautomation.com\/es\/access\/acceso\/\">M0NTPA1902Iv00<\/a><\/li>\r\n \t<li>IRIG-B Configuration Guide [2.00]: <a target=\"_blank\" class=\"icon-lock\" data-id=\"69428\" href=\"https:\/\/www.zivautomation.com\/es\/access\/acceso\/\">M0IRIG1902Iv00<\/a><\/li>\r\n \t<li>MODBUS Master Configuration Guide [2.06]: <a target=\"_blank\" class=\"icon-lock\" data-id=\"69430\" href=\"https:\/\/www.zivautomation.com\/es\/access\/acceso\/\">M0MODM1902Iv00<\/a><\/li>\r\n \t<li>Scalenb Configuration Guide [2.00]: <a target=\"_blank\" class=\"icon-lock\" data-id=\"69432\" href=\"https:\/\/www.zivautomation.com\/es\/access\/acceso\/\">M0SCAL1903Iv00<\/a><\/li>\r\n<\/ul><a class=\"btn btn-default btn-sm\" href=\"https:\/\/www.zivautomation.com\/news-and-events\/news\/northernpowergrid\/\">APLICACI\u00d3N EN NORTHERN POWER GRID - GB<\/a>[\/vc_column][\/vc_row]<\/p>\n<\/div>","protected":false},"excerpt":{"rendered":"<p> Gateway de Subestaci\u00f3n La plataforma ideal para nuevas subestaciones que facilita la integraci\u00f3n de nuevas tecnolog\u00edas, incluidos IEC 61850 y DLMS Smart Meters. XCell es una avanzada plataforma de automatizaci\u00f3n, dise\u00f1ada espec\u00edficamente para subestaciones de AT y MT. Su tecnolog\u00eda de \u00faltima generaci\u00f3n proporciona acceso en tiempo real a datos [&hellip;]<\/p>\n","protected":false},"author":1323,"featured_media":70939,"parent":84398,"menu_order":115,"comment_status":"closed","ping_status":"closed","template":"","meta":{"_acf_changed":false,"footnotes":""},"categories":[377,376,357,450,455,441,212,384],"tags":[],"class_list":["post-26233","page","type-page","status-publish","has-post-thumbnail","hentry","category-segmento-cat","category-ied-tipo-de-sistema-cat","category-productos-cat","category-sistema-de-automatizacion-de-subestacion-cat","category-sistemas","category-transmision-cat","category-rtus-es-cat","category-hv-rtus-cat"],"acf":[],"yoast_head":"<!-- This site is optimized with the Yoast SEO plugin v27.4 - https:\/\/yoast.com\/product\/yoast-seo-wordpress\/ -->\n<title>XCell - Plataforma de Automatizaci\u00f3n para Subestaciones de AT y MT - ZIV<\/title>\n<meta name=\"description\" content=\"Gateway de Subestaci\u00f3n.Facilita la integraci\u00f3n de nuevas tecnolog\u00edas, incluidos IEC 61850 y DLMS Smart Meters. Ref. Northern Power Grid\" \/>\n<meta name=\"robots\" content=\"index, follow, max-snippet:-1, max-image-preview:large, max-video-preview:-1\" \/>\n<link rel=\"canonical\" href=\"https:\/\/www.zivautomation.com\/es\/productos\/sistemas-de-automatizacion-de-subestacion\/xcell-plataforma-de-automatizacion-para-subestaciones-de-at-y-mt\/\" \/>\n<meta property=\"og:locale\" content=\"es_ES\" \/>\n<meta property=\"og:type\" content=\"article\" \/>\n<meta property=\"og:title\" content=\"XCell - Plataforma de Automatizaci\u00f3n para Subestaciones de AT y MT - ZIV\" \/>\n<meta property=\"og:description\" content=\"Gateway de Subestaci\u00f3n.Facilita la integraci\u00f3n de nuevas tecnolog\u00edas, incluidos IEC 61850 y DLMS Smart Meters. Ref. Northern Power Grid\" \/>\n<meta property=\"og:url\" content=\"https:\/\/www.zivautomation.com\/es\/productos\/sistemas-de-automatizacion-de-subestacion\/xcell-plataforma-de-automatizacion-para-subestaciones-de-at-y-mt\/\" \/>\n<meta property=\"og:site_name\" content=\"ZIV\" \/>\n<meta property=\"article:modified_time\" content=\"2025-02-11T08:57:16+00:00\" \/>\n<meta property=\"og:image\" content=\"https:\/\/www.zivautomation.com\/wp-content\/uploads\/2019\/06\/substation-gateway-ziv-xcell.png\" \/>\n\t<meta property=\"og:image:width\" content=\"800\" \/>\n\t<meta property=\"og:image:height\" content=\"400\" \/>\n\t<meta property=\"og:image:type\" content=\"image\/png\" \/>\n<meta name=\"twitter:card\" content=\"summary_large_image\" \/>\n<meta name=\"twitter:label1\" content=\"Tiempo de lectura\" \/>\n\t<meta name=\"twitter:data1\" content=\"1 minuto\" \/>\n<script type=\"application\/ld+json\" class=\"yoast-schema-graph\">{\"@context\":\"https:\\\/\\\/schema.org\",\"@graph\":[{\"@type\":\"WebPage\",\"@id\":\"https:\\\/\\\/www.zivautomation.com\\\/es\\\/productos\\\/sistemas-de-automatizacion-de-subestacion\\\/xcell-plataforma-de-automatizacion-para-subestaciones-de-at-y-mt\\\/\",\"url\":\"https:\\\/\\\/www.zivautomation.com\\\/es\\\/productos\\\/sistemas-de-automatizacion-de-subestacion\\\/xcell-plataforma-de-automatizacion-para-subestaciones-de-at-y-mt\\\/\",\"name\":\"XCell - Plataforma de Automatizaci\u00f3n para Subestaciones de AT y MT - ZIV\",\"isPartOf\":{\"@id\":\"https:\\\/\\\/www.zivautomation.com\\\/es\\\/#website\"},\"primaryImageOfPage\":{\"@id\":\"https:\\\/\\\/www.zivautomation.com\\\/es\\\/productos\\\/sistemas-de-automatizacion-de-subestacion\\\/xcell-plataforma-de-automatizacion-para-subestaciones-de-at-y-mt\\\/#primaryimage\"},\"image\":{\"@id\":\"https:\\\/\\\/www.zivautomation.com\\\/es\\\/productos\\\/sistemas-de-automatizacion-de-subestacion\\\/xcell-plataforma-de-automatizacion-para-subestaciones-de-at-y-mt\\\/#primaryimage\"},\"thumbnailUrl\":\"https:\\\/\\\/www.zivautomation.com\\\/wp-content\\\/uploads\\\/2019\\\/06\\\/substation-gateway-ziv-xcell.png\",\"datePublished\":\"2017-07-06T10:19:55+00:00\",\"dateModified\":\"2025-02-11T08:57:16+00:00\",\"description\":\"Gateway de Subestaci\u00f3n.Facilita la integraci\u00f3n de nuevas tecnolog\u00edas, incluidos IEC 61850 y DLMS Smart Meters. Ref. Northern Power Grid\",\"breadcrumb\":{\"@id\":\"https:\\\/\\\/www.zivautomation.com\\\/es\\\/productos\\\/sistemas-de-automatizacion-de-subestacion\\\/xcell-plataforma-de-automatizacion-para-subestaciones-de-at-y-mt\\\/#breadcrumb\"},\"inLanguage\":\"es\",\"potentialAction\":[{\"@type\":\"ReadAction\",\"target\":[\"https:\\\/\\\/www.zivautomation.com\\\/es\\\/productos\\\/sistemas-de-automatizacion-de-subestacion\\\/xcell-plataforma-de-automatizacion-para-subestaciones-de-at-y-mt\\\/\"]}]},{\"@type\":\"ImageObject\",\"inLanguage\":\"es\",\"@id\":\"https:\\\/\\\/www.zivautomation.com\\\/es\\\/productos\\\/sistemas-de-automatizacion-de-subestacion\\\/xcell-plataforma-de-automatizacion-para-subestaciones-de-at-y-mt\\\/#primaryimage\",\"url\":\"https:\\\/\\\/www.zivautomation.com\\\/wp-content\\\/uploads\\\/2019\\\/06\\\/substation-gateway-ziv-xcell.png\",\"contentUrl\":\"https:\\\/\\\/www.zivautomation.com\\\/wp-content\\\/uploads\\\/2019\\\/06\\\/substation-gateway-ziv-xcell.png\",\"width\":800,\"height\":400,\"caption\":\"SUBSTATION GATEWAY - ZIV XCELL\"},{\"@type\":\"BreadcrumbList\",\"@id\":\"https:\\\/\\\/www.zivautomation.com\\\/es\\\/productos\\\/sistemas-de-automatizacion-de-subestacion\\\/xcell-plataforma-de-automatizacion-para-subestaciones-de-at-y-mt\\\/#breadcrumb\",\"itemListElement\":[{\"@type\":\"ListItem\",\"position\":1,\"name\":\"Home\",\"item\":\"https:\\\/\\\/www.zivautomation.com\\\/es\\\/\"},{\"@type\":\"ListItem\",\"position\":2,\"name\":\"Soluciones ZIV\",\"item\":\"https:\\\/\\\/www.zivautomation.com\\\/es\\\/productos\\\/\"},{\"@type\":\"ListItem\",\"position\":3,\"name\":\"Sistemas de Automatizaci\u00f3n de Subestaciones\",\"item\":\"https:\\\/\\\/www.zivautomation.com\\\/es\\\/productos\\\/sistemas-de-automatizacion-de-subestacion\\\/\"},{\"@type\":\"ListItem\",\"position\":4,\"name\":\"XCell &#8211; Plataforma de Automatizaci\u00f3n para Subestaciones de AT y MT\"}]},{\"@type\":\"WebSite\",\"@id\":\"https:\\\/\\\/www.zivautomation.com\\\/es\\\/#website\",\"url\":\"https:\\\/\\\/www.zivautomation.com\\\/es\\\/\",\"name\":\"ZIV\",\"description\":\"Haciendo realidad la Red del Futuro\",\"publisher\":{\"@id\":\"https:\\\/\\\/www.zivautomation.com\\\/es\\\/#organization\"},\"potentialAction\":[{\"@type\":\"SearchAction\",\"target\":{\"@type\":\"EntryPoint\",\"urlTemplate\":\"https:\\\/\\\/www.zivautomation.com\\\/es\\\/?s={search_term_string}\"},\"query-input\":{\"@type\":\"PropertyValueSpecification\",\"valueRequired\":true,\"valueName\":\"search_term_string\"}}],\"inLanguage\":\"es\"},{\"@type\":\"Organization\",\"@id\":\"https:\\\/\\\/www.zivautomation.com\\\/es\\\/#organization\",\"name\":\"ZIV\",\"url\":\"https:\\\/\\\/www.zivautomation.com\\\/es\\\/\",\"logo\":{\"@type\":\"ImageObject\",\"inLanguage\":\"es\",\"@id\":\"https:\\\/\\\/www.zivautomation.com\\\/es\\\/#\\\/schema\\\/logo\\\/image\\\/\",\"url\":\"https:\\\/\\\/www.zivautomation.com\\\/wp-content\\\/uploads\\\/2016\\\/10\\\/ziv_solo_cmyk_hr.jpg\",\"contentUrl\":\"https:\\\/\\\/www.zivautomation.com\\\/wp-content\\\/uploads\\\/2016\\\/10\\\/ziv_solo_cmyk_hr.jpg\",\"width\":7078,\"height\":2234,\"caption\":\"ZIV\"},\"image\":{\"@id\":\"https:\\\/\\\/www.zivautomation.com\\\/es\\\/#\\\/schema\\\/logo\\\/image\\\/\"}}]}<\/script>\n<!-- \/ Yoast SEO plugin. -->","yoast_head_json":{"title":"XCell - Plataforma de Automatizaci\u00f3n para Subestaciones de AT y MT - ZIV","description":"Gateway de Subestaci\u00f3n.Facilita la integraci\u00f3n de nuevas tecnolog\u00edas, incluidos IEC 61850 y DLMS Smart Meters. Ref. Northern Power Grid","robots":{"index":"index","follow":"follow","max-snippet":"max-snippet:-1","max-image-preview":"max-image-preview:large","max-video-preview":"max-video-preview:-1"},"canonical":"https:\/\/www.zivautomation.com\/es\/productos\/sistemas-de-automatizacion-de-subestacion\/xcell-plataforma-de-automatizacion-para-subestaciones-de-at-y-mt\/","og_locale":"es_ES","og_type":"article","og_title":"XCell - Plataforma de Automatizaci\u00f3n para Subestaciones de AT y MT - ZIV","og_description":"Gateway de Subestaci\u00f3n.Facilita la integraci\u00f3n de nuevas tecnolog\u00edas, incluidos IEC 61850 y DLMS Smart Meters. Ref. Northern Power Grid","og_url":"https:\/\/www.zivautomation.com\/es\/productos\/sistemas-de-automatizacion-de-subestacion\/xcell-plataforma-de-automatizacion-para-subestaciones-de-at-y-mt\/","og_site_name":"ZIV","article_modified_time":"2025-02-11T08:57:16+00:00","og_image":[{"width":800,"height":400,"url":"https:\/\/www.zivautomation.com\/wp-content\/uploads\/2019\/06\/substation-gateway-ziv-xcell.png","type":"image\/png"}],"twitter_card":"summary_large_image","twitter_misc":{"Tiempo de lectura":"1 minuto"},"schema":{"@context":"https:\/\/schema.org","@graph":[{"@type":"WebPage","@id":"https:\/\/www.zivautomation.com\/es\/productos\/sistemas-de-automatizacion-de-subestacion\/xcell-plataforma-de-automatizacion-para-subestaciones-de-at-y-mt\/","url":"https:\/\/www.zivautomation.com\/es\/productos\/sistemas-de-automatizacion-de-subestacion\/xcell-plataforma-de-automatizacion-para-subestaciones-de-at-y-mt\/","name":"XCell - Plataforma de Automatizaci\u00f3n para Subestaciones de AT y MT - ZIV","isPartOf":{"@id":"https:\/\/www.zivautomation.com\/es\/#website"},"primaryImageOfPage":{"@id":"https:\/\/www.zivautomation.com\/es\/productos\/sistemas-de-automatizacion-de-subestacion\/xcell-plataforma-de-automatizacion-para-subestaciones-de-at-y-mt\/#primaryimage"},"image":{"@id":"https:\/\/www.zivautomation.com\/es\/productos\/sistemas-de-automatizacion-de-subestacion\/xcell-plataforma-de-automatizacion-para-subestaciones-de-at-y-mt\/#primaryimage"},"thumbnailUrl":"https:\/\/www.zivautomation.com\/wp-content\/uploads\/2019\/06\/substation-gateway-ziv-xcell.png","datePublished":"2017-07-06T10:19:55+00:00","dateModified":"2025-02-11T08:57:16+00:00","description":"Gateway de Subestaci\u00f3n.Facilita la integraci\u00f3n de nuevas tecnolog\u00edas, incluidos IEC 61850 y DLMS Smart Meters. Ref. Northern Power Grid","breadcrumb":{"@id":"https:\/\/www.zivautomation.com\/es\/productos\/sistemas-de-automatizacion-de-subestacion\/xcell-plataforma-de-automatizacion-para-subestaciones-de-at-y-mt\/#breadcrumb"},"inLanguage":"es","potentialAction":[{"@type":"ReadAction","target":["https:\/\/www.zivautomation.com\/es\/productos\/sistemas-de-automatizacion-de-subestacion\/xcell-plataforma-de-automatizacion-para-subestaciones-de-at-y-mt\/"]}]},{"@type":"ImageObject","inLanguage":"es","@id":"https:\/\/www.zivautomation.com\/es\/productos\/sistemas-de-automatizacion-de-subestacion\/xcell-plataforma-de-automatizacion-para-subestaciones-de-at-y-mt\/#primaryimage","url":"https:\/\/www.zivautomation.com\/wp-content\/uploads\/2019\/06\/substation-gateway-ziv-xcell.png","contentUrl":"https:\/\/www.zivautomation.com\/wp-content\/uploads\/2019\/06\/substation-gateway-ziv-xcell.png","width":800,"height":400,"caption":"SUBSTATION GATEWAY - ZIV XCELL"},{"@type":"BreadcrumbList","@id":"https:\/\/www.zivautomation.com\/es\/productos\/sistemas-de-automatizacion-de-subestacion\/xcell-plataforma-de-automatizacion-para-subestaciones-de-at-y-mt\/#breadcrumb","itemListElement":[{"@type":"ListItem","position":1,"name":"Home","item":"https:\/\/www.zivautomation.com\/es\/"},{"@type":"ListItem","position":2,"name":"Soluciones ZIV","item":"https:\/\/www.zivautomation.com\/es\/productos\/"},{"@type":"ListItem","position":3,"name":"Sistemas de Automatizaci\u00f3n de Subestaciones","item":"https:\/\/www.zivautomation.com\/es\/productos\/sistemas-de-automatizacion-de-subestacion\/"},{"@type":"ListItem","position":4,"name":"XCell &#8211; Plataforma de Automatizaci\u00f3n para Subestaciones de AT y MT"}]},{"@type":"WebSite","@id":"https:\/\/www.zivautomation.com\/es\/#website","url":"https:\/\/www.zivautomation.com\/es\/","name":"ZIV","description":"Haciendo realidad la Red del Futuro","publisher":{"@id":"https:\/\/www.zivautomation.com\/es\/#organization"},"potentialAction":[{"@type":"SearchAction","target":{"@type":"EntryPoint","urlTemplate":"https:\/\/www.zivautomation.com\/es\/?s={search_term_string}"},"query-input":{"@type":"PropertyValueSpecification","valueRequired":true,"valueName":"search_term_string"}}],"inLanguage":"es"},{"@type":"Organization","@id":"https:\/\/www.zivautomation.com\/es\/#organization","name":"ZIV","url":"https:\/\/www.zivautomation.com\/es\/","logo":{"@type":"ImageObject","inLanguage":"es","@id":"https:\/\/www.zivautomation.com\/es\/#\/schema\/logo\/image\/","url":"https:\/\/www.zivautomation.com\/wp-content\/uploads\/2016\/10\/ziv_solo_cmyk_hr.jpg","contentUrl":"https:\/\/www.zivautomation.com\/wp-content\/uploads\/2016\/10\/ziv_solo_cmyk_hr.jpg","width":7078,"height":2234,"caption":"ZIV"},"image":{"@id":"https:\/\/www.zivautomation.com\/es\/#\/schema\/logo\/image\/"}}]}},"_links":{"self":[{"href":"https:\/\/www.zivautomation.com\/es\/wp-json\/wp\/v2\/pages\/26233","targetHints":{"allow":["GET"]}}],"collection":[{"href":"https:\/\/www.zivautomation.com\/es\/wp-json\/wp\/v2\/pages"}],"about":[{"href":"https:\/\/www.zivautomation.com\/es\/wp-json\/wp\/v2\/types\/page"}],"author":[{"embeddable":true,"href":"https:\/\/www.zivautomation.com\/es\/wp-json\/wp\/v2\/users\/1323"}],"replies":[{"embeddable":true,"href":"https:\/\/www.zivautomation.com\/es\/wp-json\/wp\/v2\/comments?post=26233"}],"version-history":[{"count":2,"href":"https:\/\/www.zivautomation.com\/es\/wp-json\/wp\/v2\/pages\/26233\/revisions"}],"predecessor-version":[{"id":68699,"href":"https:\/\/www.zivautomation.com\/es\/wp-json\/wp\/v2\/pages\/26233\/revisions\/68699"}],"up":[{"embeddable":true,"href":"https:\/\/www.zivautomation.com\/es\/wp-json\/wp\/v2\/pages\/84398"}],"wp:featuredmedia":[{"embeddable":true,"href":"https:\/\/www.zivautomation.com\/es\/wp-json\/wp\/v2\/media\/70939"}],"wp:attachment":[{"href":"https:\/\/www.zivautomation.com\/es\/wp-json\/wp\/v2\/media?parent=26233"}],"wp:term":[{"taxonomy":"category","embeddable":true,"href":"https:\/\/www.zivautomation.com\/es\/wp-json\/wp\/v2\/categories?post=26233"},{"taxonomy":"post_tag","embeddable":true,"href":"https:\/\/www.zivautomation.com\/es\/wp-json\/wp\/v2\/tags?post=26233"}],"curies":[{"name":"wp","href":"https:\/\/api.w.org\/{rel}","templated":true}]}}