{"id":22758,"date":"2015-04-23T19:12:13","date_gmt":"2015-04-23T17:12:13","guid":{"rendered":"https:\/\/www.zivautomation.com\/es\/?page_id=22758"},"modified":"2024-01-23T14:30:01","modified_gmt":"2024-01-23T13:30:01","slug":"sw3-switch-compacto-carril-din","status":"publish","type":"page","link":"https:\/\/www.zivautomation.com\/es\/productos\/comunicaciones\/sw3-switch-compacto-carril-din\/","title":{"rendered":"SW3 &#8211; Switch Compacto (carril DIN)"},"content":{"rendered":"<div class=\"wpb-content-wrapper\"><p>[vc_row][vc_column width=&#8221;1\/3&#8243;][vc_single_image image=&#8221;84197&#8243; img_size=&#8221;large&#8221; onclick=&#8221;img_link_large&#8221;][\/vc_column][vc_column width=&#8221;2\/3&#8243;][vc_column_text]<\/p>\n<h1>Switch Ethernet CEI-61850 para Centros de Transformaci\u00f3n<strong><br \/>\n<\/strong><\/h1>\n<h2>Switch de peque\u00f1o tama\u00f1o dotado de todas las funciones necesarias para la creaci\u00f3n de una red confiable en un Centro de Transformaci\u00f3n.<\/h2>\n<h4>Caracter\u00edsticas principales<\/h4>\n<ul>\n<li>Cumple con los est\u00e1ndares de EMC m\u00e1s restrictivos.<\/li>\n<li>Dispone de las capacidades necesarias para llevar a cabo la automatizaci\u00f3n de los Centros de Transformaci\u00f3n conforme al est\u00e1ndar IEC 61850.<\/li>\n<li>Arquitectura no bloqueable.<\/li>\n<li>Hasta 8k de direcciones MAC.<\/li>\n<li>Chasis mec\u00e1nico apto para instalaci\u00f3n en carril DIN.<\/li>\n<li>Disposici\u00f3n frontal de los puertos.<\/li>\n<li>2 bah\u00edas SFP Gigabit Ethernet y hasta 8 puertos Fast Ethernet (RJ-45 y\/o MT-RJ) o, bajo demanda, LC o ST.<\/li>\n<li>Prioridad configurable en cada puerto.<\/li>\n<li>Prestaciones de QoS para identificar servicios cr\u00edticos.<\/li>\n<li>STP\/ RSTP est\u00e1ndar.<\/li>\n<li>Soporte VLAN.<\/li>\n<li>Gesti\u00f3n local y remota mediante consola local, servidor Telnet, servidor SSH, o a trav\u00e9s de servidor web HTTP\/HTTPS.<\/li>\n<li>Agente SNMPv1, SNMPv2c y SNMPv3.<\/li>\n<li>LLDP, GARP\/GMRP, NTP\/SNTP.<\/li>\n<li>Control de acceso de usuarios mediante servidor remoto TACACS+ o RADIUS.<\/li>\n<li>Control de acceso a la red por puerto mediante RADIUS o listas locales de direcciones MAC.<\/li>\n<li>IGMP snooping.<\/li>\n<li>Operaci\u00f3n Q-in-Q (con doble tag).<\/li>\n<li>Agrupaci\u00f3n de enlaces (LAG) configurable por el usuario (no LACP), seg\u00fan IEEE 802.1AX.<\/li>\n<\/ul>\n<p>[\/vc_column_text]<p><strong>Documentaci\u00f3n<\/strong><\/p><ul>\r\n \t<li>Manual de Instrucciones: <a href=\"https:\/\/www.zivautomation.com\/es\/access\/acceso\/\" data-id=\"94254\" class=\"icon-lock\" target=\"_blank\" rel=\"noopener\">M0SW3D2401Ev09<\/a><\/li>\r\n \t<li>Hoja de Producto: <a href=\"https:\/\/www.zivautomation.com\/wp-content\/uploads\/2022\/06\/f0sw3d2205ev03_ziv_sw3_din_data_sheet_r3-c.pdf\" target=\"_blank\" rel=\"noopener\">F0SW3D2205Ev03_ZIV_SW3_DIN_Data_Sheet_R3-C\u00a0<\/a><strong><em> - rev 06.2022<\/em><\/strong><\/li>\r\n<\/ul>[\/vc_column][\/vc_row]<\/p>\n<\/div>","protected":false},"excerpt":{"rendered":"<p> Switch Ethernet CEI-61850 para Centros de Transformaci\u00f3n Switch de peque\u00f1o tama\u00f1o dotado de todas las funciones necesarias para la creaci\u00f3n de una red confiable en un Centro de Transformaci\u00f3n. Caracter\u00edsticas principales Cumple con los est\u00e1ndares de EMC m\u00e1s restrictivos. Dispone de las capacidades necesarias para llevar a cabo la automatizaci\u00f3n de los Centros de [&hellip;]<\/p>\n","protected":false},"author":1,"featured_media":84200,"parent":84941,"menu_order":225,"comment_status":"closed","ping_status":"closed","template":"","meta":{"_acf_changed":false,"footnotes":""},"categories":[429,208,388,347],"tags":[],"class_list":["post-22758","page","type-page","status-publish","has-post-thumbnail","hentry","category-comunicaciones-mt-bt-cat","category-comunicaciones-cat","category-subestacion-secundaria","category-router-modem-switch-cat"],"acf":[],"yoast_head":"<!-- This site is optimized with the Yoast SEO plugin v27.3 - https:\/\/yoast.com\/product\/yoast-seo-wordpress\/ -->\n<title>SW3 - Switch Compacto (carril DIN) - ZIV<\/title>\n<meta name=\"description\" content=\"Switch de peque\u00f1o tama\u00f1o dotado de todas las funciones necesarias para la creaci\u00f3n de una red confiable en un Centro de Transformaci\u00f3n.\" \/>\n<meta name=\"robots\" content=\"index, follow, max-snippet:-1, max-image-preview:large, max-video-preview:-1\" \/>\n<link rel=\"canonical\" href=\"https:\/\/www.zivautomation.com\/es\/productos\/comunicaciones\/sw3-switch-compacto-carril-din\/\" \/>\n<meta property=\"og:locale\" content=\"es_ES\" \/>\n<meta property=\"og:type\" content=\"article\" \/>\n<meta property=\"og:title\" content=\"SW3 - Switch Compacto (carril DIN) - ZIV\" \/>\n<meta property=\"og:description\" content=\"Switch de peque\u00f1o tama\u00f1o dotado de todas las funciones necesarias para la creaci\u00f3n de una red confiable en un Centro de Transformaci\u00f3n.\" \/>\n<meta property=\"og:url\" content=\"https:\/\/www.zivautomation.com\/es\/productos\/comunicaciones\/sw3-switch-compacto-carril-din\/\" \/>\n<meta property=\"og:site_name\" content=\"ZIV\" \/>\n<meta property=\"article:modified_time\" content=\"2024-01-23T13:30:01+00:00\" \/>\n<meta property=\"og:image\" content=\"https:\/\/www.zivautomation.com\/wp-content\/uploads\/2022\/05\/sw3-compact-switch-din-rail.jpg\" \/>\n\t<meta property=\"og:image:width\" content=\"800\" \/>\n\t<meta property=\"og:image:height\" content=\"400\" \/>\n\t<meta property=\"og:image:type\" content=\"image\/jpeg\" \/>\n<meta name=\"twitter:card\" content=\"summary_large_image\" \/>\n<meta name=\"twitter:label1\" content=\"Tiempo de lectura\" \/>\n\t<meta name=\"twitter:data1\" content=\"2 minutos\" \/>\n<script type=\"application\/ld+json\" class=\"yoast-schema-graph\">{\"@context\":\"https:\\\/\\\/schema.org\",\"@graph\":[{\"@type\":\"WebPage\",\"@id\":\"https:\\\/\\\/www.zivautomation.com\\\/es\\\/productos\\\/comunicaciones\\\/sw3-switch-compacto-carril-din\\\/\",\"url\":\"https:\\\/\\\/www.zivautomation.com\\\/es\\\/productos\\\/comunicaciones\\\/sw3-switch-compacto-carril-din\\\/\",\"name\":\"SW3 - Switch Compacto (carril DIN) - ZIV\",\"isPartOf\":{\"@id\":\"https:\\\/\\\/www.zivautomation.com\\\/es\\\/#website\"},\"primaryImageOfPage\":{\"@id\":\"https:\\\/\\\/www.zivautomation.com\\\/es\\\/productos\\\/comunicaciones\\\/sw3-switch-compacto-carril-din\\\/#primaryimage\"},\"image\":{\"@id\":\"https:\\\/\\\/www.zivautomation.com\\\/es\\\/productos\\\/comunicaciones\\\/sw3-switch-compacto-carril-din\\\/#primaryimage\"},\"thumbnailUrl\":\"https:\\\/\\\/www.zivautomation.com\\\/wp-content\\\/uploads\\\/2022\\\/05\\\/sw3-compact-switch-din-rail.jpg\",\"datePublished\":\"2015-04-23T17:12:13+00:00\",\"dateModified\":\"2024-01-23T13:30:01+00:00\",\"description\":\"Switch de peque\u00f1o tama\u00f1o dotado de todas las funciones necesarias para la creaci\u00f3n de una red confiable en un Centro de Transformaci\u00f3n.\",\"breadcrumb\":{\"@id\":\"https:\\\/\\\/www.zivautomation.com\\\/es\\\/productos\\\/comunicaciones\\\/sw3-switch-compacto-carril-din\\\/#breadcrumb\"},\"inLanguage\":\"es\",\"potentialAction\":[{\"@type\":\"ReadAction\",\"target\":[\"https:\\\/\\\/www.zivautomation.com\\\/es\\\/productos\\\/comunicaciones\\\/sw3-switch-compacto-carril-din\\\/\"]}]},{\"@type\":\"ImageObject\",\"inLanguage\":\"es\",\"@id\":\"https:\\\/\\\/www.zivautomation.com\\\/es\\\/productos\\\/comunicaciones\\\/sw3-switch-compacto-carril-din\\\/#primaryimage\",\"url\":\"https:\\\/\\\/www.zivautomation.com\\\/wp-content\\\/uploads\\\/2022\\\/05\\\/sw3-compact-switch-din-rail.jpg\",\"contentUrl\":\"https:\\\/\\\/www.zivautomation.com\\\/wp-content\\\/uploads\\\/2022\\\/05\\\/sw3-compact-switch-din-rail.jpg\",\"width\":800,\"height\":400},{\"@type\":\"BreadcrumbList\",\"@id\":\"https:\\\/\\\/www.zivautomation.com\\\/es\\\/productos\\\/comunicaciones\\\/sw3-switch-compacto-carril-din\\\/#breadcrumb\",\"itemListElement\":[{\"@type\":\"ListItem\",\"position\":1,\"name\":\"Home\",\"item\":\"https:\\\/\\\/www.zivautomation.com\\\/es\\\/\"},{\"@type\":\"ListItem\",\"position\":2,\"name\":\"Soluciones ZIV\",\"item\":\"https:\\\/\\\/www.zivautomation.com\\\/es\\\/productos\\\/\"},{\"@type\":\"ListItem\",\"position\":3,\"name\":\"Comunicaciones\",\"item\":\"https:\\\/\\\/www.zivautomation.com\\\/es\\\/productos\\\/comunicaciones\\\/\"},{\"@type\":\"ListItem\",\"position\":4,\"name\":\"SW3 &#8211; Switch Compacto (carril DIN)\"}]},{\"@type\":\"WebSite\",\"@id\":\"https:\\\/\\\/www.zivautomation.com\\\/es\\\/#website\",\"url\":\"https:\\\/\\\/www.zivautomation.com\\\/es\\\/\",\"name\":\"ZIV\",\"description\":\"Haciendo realidad la Red del Futuro\",\"publisher\":{\"@id\":\"https:\\\/\\\/www.zivautomation.com\\\/es\\\/#organization\"},\"potentialAction\":[{\"@type\":\"SearchAction\",\"target\":{\"@type\":\"EntryPoint\",\"urlTemplate\":\"https:\\\/\\\/www.zivautomation.com\\\/es\\\/?s={search_term_string}\"},\"query-input\":{\"@type\":\"PropertyValueSpecification\",\"valueRequired\":true,\"valueName\":\"search_term_string\"}}],\"inLanguage\":\"es\"},{\"@type\":\"Organization\",\"@id\":\"https:\\\/\\\/www.zivautomation.com\\\/es\\\/#organization\",\"name\":\"ZIV\",\"url\":\"https:\\\/\\\/www.zivautomation.com\\\/es\\\/\",\"logo\":{\"@type\":\"ImageObject\",\"inLanguage\":\"es\",\"@id\":\"https:\\\/\\\/www.zivautomation.com\\\/es\\\/#\\\/schema\\\/logo\\\/image\\\/\",\"url\":\"https:\\\/\\\/www.zivautomation.com\\\/wp-content\\\/uploads\\\/2016\\\/10\\\/ziv_solo_cmyk_hr.jpg\",\"contentUrl\":\"https:\\\/\\\/www.zivautomation.com\\\/wp-content\\\/uploads\\\/2016\\\/10\\\/ziv_solo_cmyk_hr.jpg\",\"width\":7078,\"height\":2234,\"caption\":\"ZIV\"},\"image\":{\"@id\":\"https:\\\/\\\/www.zivautomation.com\\\/es\\\/#\\\/schema\\\/logo\\\/image\\\/\"}}]}<\/script>\n<!-- \/ Yoast SEO plugin. -->","yoast_head_json":{"title":"SW3 - Switch Compacto (carril DIN) - ZIV","description":"Switch de peque\u00f1o tama\u00f1o dotado de todas las funciones necesarias para la creaci\u00f3n de una red confiable en un Centro de Transformaci\u00f3n.","robots":{"index":"index","follow":"follow","max-snippet":"max-snippet:-1","max-image-preview":"max-image-preview:large","max-video-preview":"max-video-preview:-1"},"canonical":"https:\/\/www.zivautomation.com\/es\/productos\/comunicaciones\/sw3-switch-compacto-carril-din\/","og_locale":"es_ES","og_type":"article","og_title":"SW3 - Switch Compacto (carril DIN) - ZIV","og_description":"Switch de peque\u00f1o tama\u00f1o dotado de todas las funciones necesarias para la creaci\u00f3n de una red confiable en un Centro de Transformaci\u00f3n.","og_url":"https:\/\/www.zivautomation.com\/es\/productos\/comunicaciones\/sw3-switch-compacto-carril-din\/","og_site_name":"ZIV","article_modified_time":"2024-01-23T13:30:01+00:00","og_image":[{"width":800,"height":400,"url":"https:\/\/www.zivautomation.com\/wp-content\/uploads\/2022\/05\/sw3-compact-switch-din-rail.jpg","type":"image\/jpeg"}],"twitter_card":"summary_large_image","twitter_misc":{"Tiempo de lectura":"2 minutos"},"schema":{"@context":"https:\/\/schema.org","@graph":[{"@type":"WebPage","@id":"https:\/\/www.zivautomation.com\/es\/productos\/comunicaciones\/sw3-switch-compacto-carril-din\/","url":"https:\/\/www.zivautomation.com\/es\/productos\/comunicaciones\/sw3-switch-compacto-carril-din\/","name":"SW3 - Switch Compacto (carril DIN) - ZIV","isPartOf":{"@id":"https:\/\/www.zivautomation.com\/es\/#website"},"primaryImageOfPage":{"@id":"https:\/\/www.zivautomation.com\/es\/productos\/comunicaciones\/sw3-switch-compacto-carril-din\/#primaryimage"},"image":{"@id":"https:\/\/www.zivautomation.com\/es\/productos\/comunicaciones\/sw3-switch-compacto-carril-din\/#primaryimage"},"thumbnailUrl":"https:\/\/www.zivautomation.com\/wp-content\/uploads\/2022\/05\/sw3-compact-switch-din-rail.jpg","datePublished":"2015-04-23T17:12:13+00:00","dateModified":"2024-01-23T13:30:01+00:00","description":"Switch de peque\u00f1o tama\u00f1o dotado de todas las funciones necesarias para la creaci\u00f3n de una red confiable en un Centro de Transformaci\u00f3n.","breadcrumb":{"@id":"https:\/\/www.zivautomation.com\/es\/productos\/comunicaciones\/sw3-switch-compacto-carril-din\/#breadcrumb"},"inLanguage":"es","potentialAction":[{"@type":"ReadAction","target":["https:\/\/www.zivautomation.com\/es\/productos\/comunicaciones\/sw3-switch-compacto-carril-din\/"]}]},{"@type":"ImageObject","inLanguage":"es","@id":"https:\/\/www.zivautomation.com\/es\/productos\/comunicaciones\/sw3-switch-compacto-carril-din\/#primaryimage","url":"https:\/\/www.zivautomation.com\/wp-content\/uploads\/2022\/05\/sw3-compact-switch-din-rail.jpg","contentUrl":"https:\/\/www.zivautomation.com\/wp-content\/uploads\/2022\/05\/sw3-compact-switch-din-rail.jpg","width":800,"height":400},{"@type":"BreadcrumbList","@id":"https:\/\/www.zivautomation.com\/es\/productos\/comunicaciones\/sw3-switch-compacto-carril-din\/#breadcrumb","itemListElement":[{"@type":"ListItem","position":1,"name":"Home","item":"https:\/\/www.zivautomation.com\/es\/"},{"@type":"ListItem","position":2,"name":"Soluciones ZIV","item":"https:\/\/www.zivautomation.com\/es\/productos\/"},{"@type":"ListItem","position":3,"name":"Comunicaciones","item":"https:\/\/www.zivautomation.com\/es\/productos\/comunicaciones\/"},{"@type":"ListItem","position":4,"name":"SW3 &#8211; Switch Compacto (carril DIN)"}]},{"@type":"WebSite","@id":"https:\/\/www.zivautomation.com\/es\/#website","url":"https:\/\/www.zivautomation.com\/es\/","name":"ZIV","description":"Haciendo realidad la Red del Futuro","publisher":{"@id":"https:\/\/www.zivautomation.com\/es\/#organization"},"potentialAction":[{"@type":"SearchAction","target":{"@type":"EntryPoint","urlTemplate":"https:\/\/www.zivautomation.com\/es\/?s={search_term_string}"},"query-input":{"@type":"PropertyValueSpecification","valueRequired":true,"valueName":"search_term_string"}}],"inLanguage":"es"},{"@type":"Organization","@id":"https:\/\/www.zivautomation.com\/es\/#organization","name":"ZIV","url":"https:\/\/www.zivautomation.com\/es\/","logo":{"@type":"ImageObject","inLanguage":"es","@id":"https:\/\/www.zivautomation.com\/es\/#\/schema\/logo\/image\/","url":"https:\/\/www.zivautomation.com\/wp-content\/uploads\/2016\/10\/ziv_solo_cmyk_hr.jpg","contentUrl":"https:\/\/www.zivautomation.com\/wp-content\/uploads\/2016\/10\/ziv_solo_cmyk_hr.jpg","width":7078,"height":2234,"caption":"ZIV"},"image":{"@id":"https:\/\/www.zivautomation.com\/es\/#\/schema\/logo\/image\/"}}]}},"_links":{"self":[{"href":"https:\/\/www.zivautomation.com\/es\/wp-json\/wp\/v2\/pages\/22758","targetHints":{"allow":["GET"]}}],"collection":[{"href":"https:\/\/www.zivautomation.com\/es\/wp-json\/wp\/v2\/pages"}],"about":[{"href":"https:\/\/www.zivautomation.com\/es\/wp-json\/wp\/v2\/types\/page"}],"author":[{"embeddable":true,"href":"https:\/\/www.zivautomation.com\/es\/wp-json\/wp\/v2\/users\/1"}],"replies":[{"embeddable":true,"href":"https:\/\/www.zivautomation.com\/es\/wp-json\/wp\/v2\/comments?post=22758"}],"version-history":[{"count":23,"href":"https:\/\/www.zivautomation.com\/es\/wp-json\/wp\/v2\/pages\/22758\/revisions"}],"predecessor-version":[{"id":94263,"href":"https:\/\/www.zivautomation.com\/es\/wp-json\/wp\/v2\/pages\/22758\/revisions\/94263"}],"up":[{"embeddable":true,"href":"https:\/\/www.zivautomation.com\/es\/wp-json\/wp\/v2\/pages\/84941"}],"wp:featuredmedia":[{"embeddable":true,"href":"https:\/\/www.zivautomation.com\/es\/wp-json\/wp\/v2\/media\/84200"}],"wp:attachment":[{"href":"https:\/\/www.zivautomation.com\/es\/wp-json\/wp\/v2\/media?parent=22758"}],"wp:term":[{"taxonomy":"category","embeddable":true,"href":"https:\/\/www.zivautomation.com\/es\/wp-json\/wp\/v2\/categories?post=22758"},{"taxonomy":"post_tag","embeddable":true,"href":"https:\/\/www.zivautomation.com\/es\/wp-json\/wp\/v2\/tags?post=22758"}],"curies":[{"name":"wp","href":"https:\/\/api.w.org\/{rel}","templated":true}]}}