{"id":22204,"date":"2016-11-10T10:20:06","date_gmt":"2016-11-10T09:20:06","guid":{"rendered":"https:\/\/www.zivautomation.com\/es\/?page_id=22204"},"modified":"2025-05-29T10:23:37","modified_gmt":"2025-05-29T08:23:37","slug":"ip-to-plc-ami-gateway-4gwc-enables-4gwc","status":"publish","type":"page","link":"https:\/\/www.zivautomation.com\/es\/productos\/metering-ami\/ip-to-plc-ami-gateway-4gwc-enables-4gwc\/","title":{"rendered":"Gateway Dual PRIME 1.3 &#038; 1.4  |  4GWC-L"},"content":{"rendered":"<div class=\"wpb-content-wrapper\"><p>[vc_row][vc_column width=&#8221;1\/3&#8243;][vc_single_image image=&#8221;91850&#8243; img_size=&#8221;medium&#8221; alignment=&#8221;center&#8221; onclick=&#8221;img_link_large&#8221; css=&#8221;&#8221;][\/vc_column][vc_column width=&#8221;2\/3&#8243;][vc_column_text css=&#8221;&#8221;]<\/p>\n<h2 class=\"cvGsUA direction-ltr align-start para-style-body\"><span class=\"OYPEnA font-feature-liga-off font-feature-clig-off font-feature-calt-off text-decoration-none text-strikethrough-none\">M\u00f3dem dual stack <\/span><span class=\"OYPEnA font-feature-liga-off font-feature-clig-off font-feature-calt-off text-decoration-none text-strikethrough-none\">certificado PRIME<\/span><span class=\"OYPEnA font-feature-liga-off font-feature-clig-off font-feature-calt-off text-decoration-none text-strikethrough-none\"> para el sistema de telegesti\u00f3n.<\/span><\/h2>\n<h2 class=\"cvGsUA direction-ltr align-start para-style-body\"><span class=\"OYPEnA font-feature-liga-off font-feature-clig-off font-feature-calt-off text-decoration-none text-strikethrough-none\">Lectura autom\u00e1tica de contadores (AMR) a trav\u00e9s de la red de baja tensi\u00f3n (Power Line Communication o PLC).<\/span><\/h2>\n<h2 class=\"cvGsUA direction-ltr align-start para-style-body\"><span class=\"OYPEnA font-feature-liga-off font-feature-clig-off font-feature-calt-off text-decoration-none text-strikethrough-none\">El 4GWC-L est\u00e1 pensado para la interconexi\u00f3n de otros dispositivos que implementen la tecnolog\u00eda PLC PRIME.<\/span><\/h2>\n<h4><a href=\"https:\/\/www.zivautomation.com\/es\/news-and-events\/noticias\/ziv-despliegue-prime-1-4\/\">PRIME 1.4 certification<\/a><\/h4>\n<p>[\/vc_column_text][vc_single_image image=&#8221;68712&#8243; img_size=&#8221;medium&#8221; alignment=&#8221;center&#8221; css=&#8221;&#8221;][vc_column_text css=&#8221;&#8221;]<\/p>\n<h4><strong>Aplicaciones<\/strong><\/h4>\n<p class=\"cvGsUA direction-ltr align-start para-style-body\"><span class=\"OYPEnA font-feature-liga-off font-feature-clig-off font-feature-calt-off text-decoration-none text-strikethrough-none\">El gateway <\/span><span class=\"OYPEnA font-feature-liga-off font-feature-clig-off font-feature-calt-off text-decoration-none text-strikethrough-none\">4GWC-L<\/span><span class=\"OYPEnA font-feature-liga-off font-feature-clig-off font-feature-calt-off text-decoration-none text-strikethrough-none\"> puede tener distintos usos:<\/span><\/p>\n<ul>\n<li><span class=\"OYPEnA font-feature-liga-off font-feature-clig-off font-feature-calt-off text-decoration-none text-strikethrough-none\">Se puede utilizar para la transici\u00f3n de PRIME 1.3 a PRIME 1.4.<\/span><\/li>\n<li><span class=\"OYPEnA font-feature-liga-off font-feature-clig-off font-feature-calt-off text-decoration-none text-strikethrough-none\">Se puede emplear como nodo base para comunicaci\u00f3n con CCT virtuales.<\/span><\/li>\n<li><span class=\"OYPEnA font-feature-liga-off font-feature-clig-off font-feature-calt-off text-decoration-none text-strikethrough-none\">Facilita el alcance de contadores en localizaciones remotas gracias a su funcionamiento como repetidor.<\/span><\/li>\n<li><span class=\"OYPEnA font-feature-liga-off font-feature-clig-off font-feature-calt-off text-decoration-none text-strikethrough-none\">En centros de transformaci\u00f3n con m\u00e1s de un transformador. En estas instalaciones un solo concentrador de datos act\u00faa como maestro, y este est\u00e1 conectado a m\u00e1s de un nodo base PLC (uno por transformador).<\/span><\/li>\n<li><span class=\"OYPEnA font-feature-liga-off font-feature-clig-off font-feature-calt-off text-decoration-none text-strikethrough-none\">El <\/span><span class=\"OYPEnA font-feature-liga-off font-feature-clig-off font-feature-calt-off text-decoration-none text-strikethrough-none\">4GWC<\/span><span class=\"OYPEnA font-feature-liga-off font-feature-clig-off font-feature-calt-off text-decoration-none text-strikethrough-none\"> es un dispositivo compacto que proporciona soluciones eficientes en el despliegue de contadores inteligentes PLC.<\/span><\/li>\n<\/ul>\n<h4>Informaci\u00f3n T\u00e9cnica<\/h4>\n<ul>\n<li><span class=\"OYPEnA font-feature-liga-off font-feature-clig-off font-feature-calt-off text-decoration-none text-strikethrough-none\">Valor nominal<\/span><span class=\"OYPEnA font-feature-liga-off font-feature-clig-off font-feature-calt-off text-decoration-none text-strikethrough-none\">: 3&#215;127 \/ 400 Vca 50 \/ 60 Hz<\/span><\/li>\n<li><span class=\"OYPEnA font-feature-liga-off font-feature-clig-off font-feature-calt-off text-decoration-none text-strikethrough-none\">Rango de tensi\u00f3n de funcionamiento<\/span><span class=\"OYPEnA font-feature-liga-off font-feature-clig-off font-feature-calt-off text-decoration-none text-strikethrough-none\">: 100-265 Vca (-20% \/ +15%)<\/span><\/li>\n<li><span class=\"OYPEnA font-feature-liga-off font-feature-clig-off font-feature-calt-off text-decoration-none text-strikethrough-none\">M\u00f3dulo PLC<\/span><span class=\"OYPEnA font-feature-liga-off font-feature-clig-off font-feature-calt-off text-decoration-none text-strikethrough-none\">:<\/span>\n<ul>\n<li><span class=\"OYPEnA font-feature-liga-off font-feature-clig-off font-feature-calt-off text-decoration-none text-strikethrough-none\">M\u00f3dulo trif\u00e1sico.<\/span><\/li>\n<li><span class=\"OYPEnA font-feature-liga-off font-feature-clig-off font-feature-calt-off text-decoration-none text-strikethrough-none\">PRIME dual v1.3 &amp; v1.4 FCC<\/span><\/li>\n<li><span class=\"OYPEnA font-feature-liga-off font-feature-clig-off font-feature-calt-off text-decoration-none text-strikethrough-none\">1 Vrms (120 dBuV) sobre 2 Ohms<\/span><\/li>\n<li><span class=\"OYPEnA font-feature-liga-off font-feature-clig-off font-feature-calt-off text-decoration-none text-strikethrough-none\">Impedancia de salida &lt; 2 Ohms<\/span><\/li>\n<li><span class=\"OYPEnA font-feature-liga-off font-feature-clig-off font-feature-calt-off text-decoration-none text-strikethrough-none\">Transmisi\u00f3n EVM: hasta 35 dBs (seg\u00fan la banda)<\/span><\/li>\n<li><span class=\"OYPEnA font-feature-liga-off font-feature-clig-off font-feature-calt-off text-decoration-none text-strikethrough-none\">Rango din\u00e1mico: 65 dB<\/span><\/li>\n<li><span class=\"OYPEnA font-feature-liga-off font-feature-clig-off font-feature-calt-off text-decoration-none text-strikethrough-none\">Impedancia de entrada &gt; 50 Ohms<\/span><\/li>\n<\/ul>\n<\/li>\n<li><span class=\"OYPEnA font-feature-liga-off font-feature-clig-off font-feature-calt-off text-decoration-none text-strikethrough-none\">Puerto Ethernet<\/span><span class=\"OYPEnA font-feature-liga-off font-feature-clig-off font-feature-calt-off text-decoration-none text-strikethrough-none\">:<\/span>\n<ul>\n<li><span class=\"OYPEnA font-feature-liga-off font-feature-clig-off font-feature-calt-off text-decoration-none text-strikethrough-none\">IEEE 802.3, 10\/100 Base-T<\/span><\/li>\n<li><span class=\"OYPEnA font-feature-liga-off font-feature-clig-off font-feature-calt-off text-decoration-none text-strikethrough-none\">Auto MDI-X (crossover)<\/span><\/li>\n<li><span class=\"OYPEnA font-feature-liga-off font-feature-clig-off font-feature-calt-off text-decoration-none text-strikethrough-none\">Half \/ Full duplex<\/span><\/li>\n<\/ul>\n<\/li>\n<li><span class=\"OYPEnA font-feature-liga-off font-feature-clig-off font-feature-calt-off text-decoration-none text-strikethrough-none\">Consumo m\u00e1ximo (condiciones normales)<\/span><span class=\"OYPEnA font-feature-liga-off font-feature-clig-off font-feature-calt-off text-decoration-none text-strikethrough-none\">:<\/span>\n<ul>\n<li><span class=\"OYPEnA font-feature-liga-off font-feature-clig-off font-feature-calt-off text-decoration-none text-strikethrough-none\">&lt;3 W \/por fase<\/span><\/li>\n<li><span class=\"OYPEnA font-feature-liga-off font-feature-clig-off font-feature-calt-off text-decoration-none text-strikethrough-none\">&lt;30 VA \/ por fase<\/span><\/li>\n<li><span class=\"OYPEnA font-feature-liga-off font-feature-clig-off font-feature-calt-off text-decoration-none text-strikethrough-none\">Max. 5 W total<\/span><\/li>\n<\/ul>\n<\/li>\n<li><span class=\"OYPEnA font-feature-liga-off font-feature-clig-off font-feature-calt-off text-decoration-none text-strikethrough-none\">Categor\u00eda de sobretensi\u00f3n<\/span><span class=\"OYPEnA font-feature-liga-off font-feature-clig-off font-feature-calt-off text-decoration-none text-strikethrough-none\">: IV (IEC 60950)<\/span><\/li>\n<li><span class=\"OYPEnA font-feature-liga-off font-feature-clig-off font-feature-calt-off text-decoration-none text-strikethrough-none\">Protecci\u00f3n de la envolvente: <\/span><span class=\"OYPEnA font-feature-liga-off font-feature-clig-off font-feature-calt-off text-decoration-none text-strikethrough-none\">Aislamiento doble Clase II<\/span><\/li>\n<li><span class=\"OYPEnA font-feature-liga-off font-feature-clig-off font-feature-calt-off text-decoration-none text-strikethrough-none\">Aislamiento (Rigidez Diel\u00e9ctrica)<\/span><span class=\"OYPEnA font-feature-liga-off font-feature-clig-off font-feature-calt-off text-decoration-none text-strikethrough-none\">: 2 kV<\/span><\/li>\n<li><span class=\"OYPEnA font-feature-liga-off font-feature-clig-off font-feature-calt-off text-decoration-none text-strikethrough-none\">Impulso de tensi\u00f3n<\/span><span class=\"OYPEnA font-feature-liga-off font-feature-clig-off font-feature-calt-off text-decoration-none text-strikethrough-none\">: 6 kV<\/span><\/li>\n<li><span class=\"OYPEnA font-feature-liga-off font-feature-clig-off font-feature-calt-off text-decoration-none text-strikethrough-none\">Rango de almacenaje y operaci\u00f3n<\/span><span class=\"OYPEnA font-feature-liga-off font-feature-clig-off font-feature-calt-off text-decoration-none text-strikethrough-none\">: De -25\u00ba C a +70\u00ba C \/ Humedad &lt;95% (sin condensaci\u00f3n)<\/span><\/li>\n<li><span class=\"OYPEnA font-feature-liga-off font-feature-clig-off font-feature-calt-off text-decoration-none text-strikethrough-none\">Clasificaci\u00f3n IP\/IK<\/span><span class=\"OYPEnA font-feature-liga-off font-feature-clig-off font-feature-calt-off text-decoration-none text-strikethrough-none\">: IK08\/IP20<\/span><\/li>\n<li><span class=\"OYPEnA font-feature-liga-off font-feature-clig-off font-feature-calt-off text-decoration-none text-strikethrough-none\">Dimensiones (mm)<\/span><span class=\"OYPEnA font-feature-liga-off font-feature-clig-off font-feature-calt-off text-decoration-none text-strikethrough-none\">: 150 x 98 x 40<\/span><\/li>\n<\/ul>\n<p>[\/vc_column_text]<p><strong>Documentaci\u00f3n<\/strong><\/p><strong>4GWC-L \/ Gateway Dual PRIME 1.3 &amp; 1.4<\/strong>\r\n<ul>\r\n \t<li>Manual de instrucciones: <a href=\"https:\/\/www.zivautomation.com\/es\/access\/acceso\/\" data-id=\"97510\" class=\"icon-lock\">M4GWCL2401Ev00<\/a> - <em>Rev. 09\/2024<\/em><\/li>\r\n \t<li>Hoja de producto : <a href=\"https:\/\/www.zivautomation.com\/wp-content\/uploads\/2019\/06\/h4gwcprime2311ev00.pdf\" target=\"_blank\">H4GWCPRIME2311Ev00<\/a> - <em>Rev. 05\/2025<\/em><\/li>\r\n<\/ul>[\/vc_column][\/vc_row]<\/p>\n<\/div>","protected":false},"excerpt":{"rendered":"<p> M\u00f3dem dual stack certificado PRIME para el sistema de telegesti\u00f3n. Lectura autom\u00e1tica de contadores (AMR) a trav\u00e9s de la red de baja tensi\u00f3n (Power Line Communication o PLC). El 4GWC-L est\u00e1 pensado para la interconexi\u00f3n de otros dispositivos que implementen la tecnolog\u00eda PLC PRIME. PRIME 1.4 certification <\/p>\n","protected":false},"author":1,"featured_media":0,"parent":84877,"menu_order":12,"comment_status":"closed","ping_status":"closed","template":"","meta":{"_acf_changed":false,"footnotes":""},"categories":[390,388,231,392],"tags":[],"class_list":["post-22204","page","type-page","status-publish","hentry","category-dcus-y-gateway-cat","category-subestacion-secundaria","category-medida-y-ami-cat","category-puerta-de-enlace-cat"],"acf":[],"yoast_head":"<!-- This site is optimized with the Yoast SEO plugin v27.3 - https:\/\/yoast.com\/product\/yoast-seo-wordpress\/ -->\n<title>Gateway Dual PRIME 1.3 &amp; 1.4 | 4GWC-L - ZIV for rural smart grid deplloyment<\/title>\n<meta name=\"description\" content=\"PRIME 1.4 base node - AMI GATEWAY. A robust gateway that will make easier for utilites the deployment of PRIME 1.4 networks.\" \/>\n<meta name=\"robots\" content=\"index, follow, max-snippet:-1, max-image-preview:large, max-video-preview:-1\" \/>\n<link rel=\"canonical\" href=\"https:\/\/www.zivautomation.com\/es\/productos\/metering-ami\/ip-to-plc-ami-gateway-4gwc-enables-4gwc\/\" \/>\n<meta property=\"og:locale\" content=\"es_ES\" \/>\n<meta property=\"og:type\" content=\"article\" \/>\n<meta property=\"og:title\" content=\"Gateway Dual PRIME 1.3 &amp; 1.4 | 4GWC-L - ZIV for rural smart grid deplloyment\" \/>\n<meta property=\"og:description\" content=\"PRIME 1.4 base node - AMI GATEWAY. A robust gateway that will make easier for utilites the deployment of PRIME 1.4 networks.\" \/>\n<meta property=\"og:url\" content=\"https:\/\/www.zivautomation.com\/es\/productos\/metering-ami\/ip-to-plc-ami-gateway-4gwc-enables-4gwc\/\" \/>\n<meta property=\"og:site_name\" content=\"ZIV\" \/>\n<meta property=\"article:modified_time\" content=\"2025-05-29T08:23:37+00:00\" \/>\n<meta name=\"twitter:card\" content=\"summary_large_image\" \/>\n<meta name=\"twitter:label1\" content=\"Tiempo de lectura\" \/>\n\t<meta name=\"twitter:data1\" content=\"2 minutos\" \/>\n<script type=\"application\/ld+json\" class=\"yoast-schema-graph\">{\"@context\":\"https:\\\/\\\/schema.org\",\"@graph\":[{\"@type\":\"WebPage\",\"@id\":\"https:\\\/\\\/www.zivautomation.com\\\/es\\\/productos\\\/metering-ami\\\/ip-to-plc-ami-gateway-4gwc-enables-4gwc\\\/\",\"url\":\"https:\\\/\\\/www.zivautomation.com\\\/es\\\/productos\\\/metering-ami\\\/ip-to-plc-ami-gateway-4gwc-enables-4gwc\\\/\",\"name\":\"Gateway Dual PRIME 1.3 & 1.4 | 4GWC-L - ZIV for rural smart grid deplloyment\",\"isPartOf\":{\"@id\":\"https:\\\/\\\/www.zivautomation.com\\\/es\\\/#website\"},\"datePublished\":\"2016-11-10T09:20:06+00:00\",\"dateModified\":\"2025-05-29T08:23:37+00:00\",\"description\":\"PRIME 1.4 base node - AMI GATEWAY. A robust gateway that will make easier for utilites the deployment of PRIME 1.4 networks.\",\"breadcrumb\":{\"@id\":\"https:\\\/\\\/www.zivautomation.com\\\/es\\\/productos\\\/metering-ami\\\/ip-to-plc-ami-gateway-4gwc-enables-4gwc\\\/#breadcrumb\"},\"inLanguage\":\"es\",\"potentialAction\":[{\"@type\":\"ReadAction\",\"target\":[\"https:\\\/\\\/www.zivautomation.com\\\/es\\\/productos\\\/metering-ami\\\/ip-to-plc-ami-gateway-4gwc-enables-4gwc\\\/\"]}]},{\"@type\":\"BreadcrumbList\",\"@id\":\"https:\\\/\\\/www.zivautomation.com\\\/es\\\/productos\\\/metering-ami\\\/ip-to-plc-ami-gateway-4gwc-enables-4gwc\\\/#breadcrumb\",\"itemListElement\":[{\"@type\":\"ListItem\",\"position\":1,\"name\":\"Home\",\"item\":\"https:\\\/\\\/www.zivautomation.com\\\/es\\\/\"},{\"@type\":\"ListItem\",\"position\":2,\"name\":\"Soluciones ZIV\",\"item\":\"https:\\\/\\\/www.zivautomation.com\\\/es\\\/productos\\\/\"},{\"@type\":\"ListItem\",\"position\":3,\"name\":\"Medida y AMI\",\"item\":\"https:\\\/\\\/www.zivautomation.com\\\/es\\\/productos\\\/metering-ami\\\/\"},{\"@type\":\"ListItem\",\"position\":4,\"name\":\"Gateway Dual PRIME 1.3 &#038; 1.4 | 4GWC-L\"}]},{\"@type\":\"WebSite\",\"@id\":\"https:\\\/\\\/www.zivautomation.com\\\/es\\\/#website\",\"url\":\"https:\\\/\\\/www.zivautomation.com\\\/es\\\/\",\"name\":\"ZIV\",\"description\":\"Haciendo realidad la Red del Futuro\",\"publisher\":{\"@id\":\"https:\\\/\\\/www.zivautomation.com\\\/es\\\/#organization\"},\"potentialAction\":[{\"@type\":\"SearchAction\",\"target\":{\"@type\":\"EntryPoint\",\"urlTemplate\":\"https:\\\/\\\/www.zivautomation.com\\\/es\\\/?s={search_term_string}\"},\"query-input\":{\"@type\":\"PropertyValueSpecification\",\"valueRequired\":true,\"valueName\":\"search_term_string\"}}],\"inLanguage\":\"es\"},{\"@type\":\"Organization\",\"@id\":\"https:\\\/\\\/www.zivautomation.com\\\/es\\\/#organization\",\"name\":\"ZIV\",\"url\":\"https:\\\/\\\/www.zivautomation.com\\\/es\\\/\",\"logo\":{\"@type\":\"ImageObject\",\"inLanguage\":\"es\",\"@id\":\"https:\\\/\\\/www.zivautomation.com\\\/es\\\/#\\\/schema\\\/logo\\\/image\\\/\",\"url\":\"https:\\\/\\\/www.zivautomation.com\\\/wp-content\\\/uploads\\\/2016\\\/10\\\/ziv_solo_cmyk_hr.jpg\",\"contentUrl\":\"https:\\\/\\\/www.zivautomation.com\\\/wp-content\\\/uploads\\\/2016\\\/10\\\/ziv_solo_cmyk_hr.jpg\",\"width\":7078,\"height\":2234,\"caption\":\"ZIV\"},\"image\":{\"@id\":\"https:\\\/\\\/www.zivautomation.com\\\/es\\\/#\\\/schema\\\/logo\\\/image\\\/\"}}]}<\/script>\n<!-- \/ Yoast SEO plugin. -->","yoast_head_json":{"title":"Gateway Dual PRIME 1.3 & 1.4 | 4GWC-L - ZIV for rural smart grid deplloyment","description":"PRIME 1.4 base node - AMI GATEWAY. A robust gateway that will make easier for utilites the deployment of PRIME 1.4 networks.","robots":{"index":"index","follow":"follow","max-snippet":"max-snippet:-1","max-image-preview":"max-image-preview:large","max-video-preview":"max-video-preview:-1"},"canonical":"https:\/\/www.zivautomation.com\/es\/productos\/metering-ami\/ip-to-plc-ami-gateway-4gwc-enables-4gwc\/","og_locale":"es_ES","og_type":"article","og_title":"Gateway Dual PRIME 1.3 & 1.4 | 4GWC-L - ZIV for rural smart grid deplloyment","og_description":"PRIME 1.4 base node - AMI GATEWAY. A robust gateway that will make easier for utilites the deployment of PRIME 1.4 networks.","og_url":"https:\/\/www.zivautomation.com\/es\/productos\/metering-ami\/ip-to-plc-ami-gateway-4gwc-enables-4gwc\/","og_site_name":"ZIV","article_modified_time":"2025-05-29T08:23:37+00:00","twitter_card":"summary_large_image","twitter_misc":{"Tiempo de lectura":"2 minutos"},"schema":{"@context":"https:\/\/schema.org","@graph":[{"@type":"WebPage","@id":"https:\/\/www.zivautomation.com\/es\/productos\/metering-ami\/ip-to-plc-ami-gateway-4gwc-enables-4gwc\/","url":"https:\/\/www.zivautomation.com\/es\/productos\/metering-ami\/ip-to-plc-ami-gateway-4gwc-enables-4gwc\/","name":"Gateway Dual PRIME 1.3 & 1.4 | 4GWC-L - ZIV for rural smart grid deplloyment","isPartOf":{"@id":"https:\/\/www.zivautomation.com\/es\/#website"},"datePublished":"2016-11-10T09:20:06+00:00","dateModified":"2025-05-29T08:23:37+00:00","description":"PRIME 1.4 base node - AMI GATEWAY. A robust gateway that will make easier for utilites the deployment of PRIME 1.4 networks.","breadcrumb":{"@id":"https:\/\/www.zivautomation.com\/es\/productos\/metering-ami\/ip-to-plc-ami-gateway-4gwc-enables-4gwc\/#breadcrumb"},"inLanguage":"es","potentialAction":[{"@type":"ReadAction","target":["https:\/\/www.zivautomation.com\/es\/productos\/metering-ami\/ip-to-plc-ami-gateway-4gwc-enables-4gwc\/"]}]},{"@type":"BreadcrumbList","@id":"https:\/\/www.zivautomation.com\/es\/productos\/metering-ami\/ip-to-plc-ami-gateway-4gwc-enables-4gwc\/#breadcrumb","itemListElement":[{"@type":"ListItem","position":1,"name":"Home","item":"https:\/\/www.zivautomation.com\/es\/"},{"@type":"ListItem","position":2,"name":"Soluciones ZIV","item":"https:\/\/www.zivautomation.com\/es\/productos\/"},{"@type":"ListItem","position":3,"name":"Medida y AMI","item":"https:\/\/www.zivautomation.com\/es\/productos\/metering-ami\/"},{"@type":"ListItem","position":4,"name":"Gateway Dual PRIME 1.3 &#038; 1.4 | 4GWC-L"}]},{"@type":"WebSite","@id":"https:\/\/www.zivautomation.com\/es\/#website","url":"https:\/\/www.zivautomation.com\/es\/","name":"ZIV","description":"Haciendo realidad la Red del Futuro","publisher":{"@id":"https:\/\/www.zivautomation.com\/es\/#organization"},"potentialAction":[{"@type":"SearchAction","target":{"@type":"EntryPoint","urlTemplate":"https:\/\/www.zivautomation.com\/es\/?s={search_term_string}"},"query-input":{"@type":"PropertyValueSpecification","valueRequired":true,"valueName":"search_term_string"}}],"inLanguage":"es"},{"@type":"Organization","@id":"https:\/\/www.zivautomation.com\/es\/#organization","name":"ZIV","url":"https:\/\/www.zivautomation.com\/es\/","logo":{"@type":"ImageObject","inLanguage":"es","@id":"https:\/\/www.zivautomation.com\/es\/#\/schema\/logo\/image\/","url":"https:\/\/www.zivautomation.com\/wp-content\/uploads\/2016\/10\/ziv_solo_cmyk_hr.jpg","contentUrl":"https:\/\/www.zivautomation.com\/wp-content\/uploads\/2016\/10\/ziv_solo_cmyk_hr.jpg","width":7078,"height":2234,"caption":"ZIV"},"image":{"@id":"https:\/\/www.zivautomation.com\/es\/#\/schema\/logo\/image\/"}}]}},"_links":{"self":[{"href":"https:\/\/www.zivautomation.com\/es\/wp-json\/wp\/v2\/pages\/22204","targetHints":{"allow":["GET"]}}],"collection":[{"href":"https:\/\/www.zivautomation.com\/es\/wp-json\/wp\/v2\/pages"}],"about":[{"href":"https:\/\/www.zivautomation.com\/es\/wp-json\/wp\/v2\/types\/page"}],"author":[{"embeddable":true,"href":"https:\/\/www.zivautomation.com\/es\/wp-json\/wp\/v2\/users\/1"}],"replies":[{"embeddable":true,"href":"https:\/\/www.zivautomation.com\/es\/wp-json\/wp\/v2\/comments?post=22204"}],"version-history":[{"count":21,"href":"https:\/\/www.zivautomation.com\/es\/wp-json\/wp\/v2\/pages\/22204\/revisions"}],"predecessor-version":[{"id":98742,"href":"https:\/\/www.zivautomation.com\/es\/wp-json\/wp\/v2\/pages\/22204\/revisions\/98742"}],"up":[{"embeddable":true,"href":"https:\/\/www.zivautomation.com\/es\/wp-json\/wp\/v2\/pages\/84877"}],"wp:attachment":[{"href":"https:\/\/www.zivautomation.com\/es\/wp-json\/wp\/v2\/media?parent=22204"}],"wp:term":[{"taxonomy":"category","embeddable":true,"href":"https:\/\/www.zivautomation.com\/es\/wp-json\/wp\/v2\/categories?post=22204"},{"taxonomy":"post_tag","embeddable":true,"href":"https:\/\/www.zivautomation.com\/es\/wp-json\/wp\/v2\/tags?post=22204"}],"curies":[{"name":"wp","href":"https:\/\/api.w.org\/{rel}","templated":true}]}}