{"id":17500,"date":"2016-06-09T10:53:57","date_gmt":"2016-06-09T08:53:57","guid":{"rendered":"https:\/\/www.zivautomation.com\/es\/cookie-policy\/"},"modified":"2023-05-12T18:31:04","modified_gmt":"2023-05-12T16:31:04","slug":"politica-de-cookies","status":"publish","type":"page","link":"https:\/\/www.zivautomation.com\/es\/politica-de-cookies\/","title":{"rendered":"Pol\u00edtica de Cookies"},"content":{"rendered":"<h3>1. Definici\u00f3n y funci\u00f3n de las cookies<\/h3>\n<p>Una cookie es un archivo que se descarga en su ordenador al acceder a determinadas p\u00e1ginas web. Las cookies permiten a una p\u00e1gina web, entre otras cosas, almacenar y recuperar informaci\u00f3n sobre los h\u00e1bitos de navegaci\u00f3n de un usuario (en t\u00e9rminos legales, el &#8220;destinatario&#8221;) o de su equipo y, dependiendo de la informaci\u00f3n que contengan y de la forma en que utilice su equipo, se pueden utilizar para reconocer al usuario.<\/p>\n<h3>2. Tipos de cookies utiliza esta p\u00e1gina web<\/h3>\n<p>Cookies propias: Son aquellas cookies que son enviadas a su ordenador y gestionadas exclusivamente por nosotros para el mejor funcionamiento del sitio web. La informaci\u00f3n que recabamos se emplea con el fin de mejorar la calidad de nuestro servicio y su experiencia como usuario. Estas cookies permanecen en su navegador m\u00e1s tiempo, permiti\u00e9ndonos reconocerle como visitante recurrente del Sitio Web y adaptar el contenido para ofrecerle contenidos que se ajusten a sus preferencias.<\/p>\n<p>Cookies anal\u00edticas de terceros: En nuestro Sitio Web tambi\u00e9n utilizamos el sistema de medici\u00f3n de audiencia Google Analytics, una herramienta de an\u00e1lisis web de Google que nos permite conocer c\u00f3mo interact\u00faan los usuarios de nuestro Sitio Web. Asimismo, habilita cookies en el dominio del sitio en el que se encuentra el usuario y utiliza las cookies para recopilar informaci\u00f3n de forma an\u00f3nima y elaborar informes de tendencias del sitio web sin identificar a usuarios individuales.<\/p>\n<h3>3. Consentimiento<\/h3>\n<p>Al navegar y continuar en nuestro sitio web estar\u00e1 consintiendo t\u00e1citamente el uso de las cookies antes enunciadas, por los plazos se\u00f1alados y en las condiciones contenidas en la presente Pol\u00edtica de Cookies.<\/p>\n<h3>4. Forma de desactivar o eliminar las cookies<\/h3>\n<p>En cualquier momento usted puede permitir, bloquear o eliminar las cookies instaladas en su equipo mediante la configuraci\u00f3n de las opciones del navegador instalado en su ordenador.<\/p>\n<ul>\n<li>Para m\u00e1s informaci\u00f3n sobre MS Explorer:\u00a0<a href=\"http:\/\/windows.microsoft.com\/es-xl\/internet-explorer\/delete-manage-cookies#ie=ie-10\" data-saferedirecturl=\"https:\/\/www.google.com\/url?hl=es&amp;q=http:\/\/windows.microsoft.com\/es-xl\/internet-explorer\/delete-manage-cookies%23ie%3Die-10&amp;source=gmail&amp;ust=1465555166757000&amp;usg=AFQjCNEK748xXV1YpVxA1Va73ywT6ZWBkQ\">http:\/\/windows.microsoft.com\/es-xl\/internet-explorer\/delete-manage-cookies#ie=ie-10<\/a><\/li>\n<li>Para m\u00e1s informaci\u00f3n sobre Firefox:\u00a0<a href=\"http:\/\/support.mozilla.org\/es\/kb\/Borrar%20cookies\" data-saferedirecturl=\"https:\/\/www.google.com\/url?hl=es&amp;q=http:\/\/support.mozilla.org\/es\/kb\/Borrar%2520cookies&amp;source=gmail&amp;ust=1465555166757000&amp;usg=AFQjCNFh6UDxMpyVDmCoNkwdLXfV0y7VbA\">http:\/\/support.mozilla.org\/es\/kb\/Borrar%20cookies<\/a><\/li>\n<li>Para m\u00e1s informaci\u00f3n sobre Chrome:\u00a0<a href=\"http:\/\/support.google.com\/chrome\/answer\/95647?hl=%27es%27\" data-saferedirecturl=\"https:\/\/www.google.com\/url?hl=es&amp;q=http:\/\/support.google.com\/chrome\/answer\/95647?hl%3D%2527es%2527&amp;source=gmail&amp;ust=1465555166757000&amp;usg=AFQjCNFIDiCgQywB8DKCmOXIaMJGzph_2A\">http:\/\/support.google.com\/chrome\/answer\/95647?hl=&#8221;es&#8221;<\/a><\/li>\n<li>Para m\u00e1s informaci\u00f3n sobre Safari:\u00a0<a href=\"http:\/\/www.apple.com\/es\/privacy\/use-of-cookies\/\" data-saferedirecturl=\"https:\/\/www.google.com\/url?hl=es&amp;q=http:\/\/www.apple.com\/es\/privacy\/use-of-cookies\/&amp;source=gmail&amp;ust=1465555166757000&amp;usg=AFQjCNFW0HRyw4uyQiKLppUxY9Yo69vSGw\">http:\/\/www.apple.com\/es\/privacy\/use-of-cookies\/<\/a><\/li>\n<\/ul>\n<p>Rogamos, consulte la ayuda o soporte del fabricante de su navegador en el caso de utilizar otro navegador diferente.<\/p>\n<p>Aviso: En caso de que no acepte el uso de las cookies es posible que la p\u00e1gina web no funcione correctamente.<\/p>\n<h3>5. Cambios en la Pol\u00edtica de Cookies<\/h3>\n<p>Es posible que actualicemos la pol\u00edtica de cookies de nuestro sitio web, por ello le recomendamos revisar esta pol\u00edtica cada vez que acceda a nuestro sitio web con el objetivo de estar adecuadamente informado sobre c\u00f3mo y para qu\u00e9 usamos las cookies.<\/p>\n","protected":false},"excerpt":{"rendered":"<p>1. Definici\u00f3n y funci\u00f3n de las cookies Una cookie es un archivo que se descarga en su ordenador al acceder a determinadas p\u00e1ginas web. Las cookies permiten a una p\u00e1gina web, entre otras cosas, almacenar y recuperar informaci\u00f3n sobre los h\u00e1bitos de navegaci\u00f3n de un usuario (en t\u00e9rminos legales, el &#8220;destinatario&#8221;) o de su equipo y, dependiendo de la informaci\u00f3n [&hellip;]<\/p>\n","protected":false},"author":1,"featured_media":0,"parent":0,"menu_order":343,"comment_status":"closed","ping_status":"closed","template":"","meta":{"_acf_changed":false,"footnotes":""},"categories":[266],"tags":[],"class_list":["post-17500","page","type-page","status-publish","hentry","category-no-menu-es"],"acf":[],"yoast_head":"<!-- This site is optimized with the Yoast SEO plugin v27.4 - https:\/\/yoast.com\/product\/yoast-seo-wordpress\/ -->\n<title>Pol\u00edtica de Cookies - ZIV<\/title>\n<meta name=\"robots\" content=\"index, nofollow, max-snippet:-1, max-image-preview:large, max-video-preview:-1\" \/>\n<link rel=\"canonical\" href=\"https:\/\/www.zivautomation.com\/es\/politica-de-cookies\/\" \/>\n<meta property=\"og:locale\" content=\"es_ES\" \/>\n<meta property=\"og:type\" content=\"article\" \/>\n<meta property=\"og:title\" content=\"Pol\u00edtica de Cookies - ZIV\" \/>\n<meta property=\"og:description\" content=\"1. Definici\u00f3n y funci\u00f3n de las cookies Una cookie es un archivo que se descarga en su ordenador al acceder a determinadas p\u00e1ginas web. Las cookies permiten a una p\u00e1gina web, entre otras cosas, almacenar y recuperar informaci\u00f3n sobre los h\u00e1bitos de navegaci\u00f3n de un usuario (en t\u00e9rminos legales, el &#8220;destinatario&#8221;) o de su equipo y, dependiendo de la informaci\u00f3n [&hellip;]\" \/>\n<meta property=\"og:url\" content=\"https:\/\/www.zivautomation.com\/es\/politica-de-cookies\/\" \/>\n<meta property=\"og:site_name\" content=\"ZIV\" \/>\n<meta property=\"article:modified_time\" content=\"2023-05-12T16:31:04+00:00\" \/>\n<meta name=\"twitter:card\" content=\"summary_large_image\" \/>\n<meta name=\"twitter:label1\" content=\"Tiempo de lectura\" \/>\n\t<meta name=\"twitter:data1\" content=\"2 minutos\" \/>\n<script type=\"application\/ld+json\" class=\"yoast-schema-graph\">{\"@context\":\"https:\\\/\\\/schema.org\",\"@graph\":[{\"@type\":\"WebPage\",\"@id\":\"https:\\\/\\\/www.zivautomation.com\\\/es\\\/politica-de-cookies\\\/\",\"url\":\"https:\\\/\\\/www.zivautomation.com\\\/es\\\/politica-de-cookies\\\/\",\"name\":\"Pol\u00edtica de Cookies - ZIV\",\"isPartOf\":{\"@id\":\"https:\\\/\\\/www.zivautomation.com\\\/es\\\/#website\"},\"datePublished\":\"2016-06-09T08:53:57+00:00\",\"dateModified\":\"2023-05-12T16:31:04+00:00\",\"breadcrumb\":{\"@id\":\"https:\\\/\\\/www.zivautomation.com\\\/es\\\/politica-de-cookies\\\/#breadcrumb\"},\"inLanguage\":\"es\",\"potentialAction\":[{\"@type\":\"ReadAction\",\"target\":[\"https:\\\/\\\/www.zivautomation.com\\\/es\\\/politica-de-cookies\\\/\"]}]},{\"@type\":\"BreadcrumbList\",\"@id\":\"https:\\\/\\\/www.zivautomation.com\\\/es\\\/politica-de-cookies\\\/#breadcrumb\",\"itemListElement\":[{\"@type\":\"ListItem\",\"position\":1,\"name\":\"Home\",\"item\":\"https:\\\/\\\/www.zivautomation.com\\\/es\\\/\"},{\"@type\":\"ListItem\",\"position\":2,\"name\":\"Pol\u00edtica de Cookies\"}]},{\"@type\":\"WebSite\",\"@id\":\"https:\\\/\\\/www.zivautomation.com\\\/es\\\/#website\",\"url\":\"https:\\\/\\\/www.zivautomation.com\\\/es\\\/\",\"name\":\"ZIV\",\"description\":\"Haciendo realidad la Red del Futuro\",\"publisher\":{\"@id\":\"https:\\\/\\\/www.zivautomation.com\\\/es\\\/#organization\"},\"potentialAction\":[{\"@type\":\"SearchAction\",\"target\":{\"@type\":\"EntryPoint\",\"urlTemplate\":\"https:\\\/\\\/www.zivautomation.com\\\/es\\\/?s={search_term_string}\"},\"query-input\":{\"@type\":\"PropertyValueSpecification\",\"valueRequired\":true,\"valueName\":\"search_term_string\"}}],\"inLanguage\":\"es\"},{\"@type\":\"Organization\",\"@id\":\"https:\\\/\\\/www.zivautomation.com\\\/es\\\/#organization\",\"name\":\"ZIV\",\"url\":\"https:\\\/\\\/www.zivautomation.com\\\/es\\\/\",\"logo\":{\"@type\":\"ImageObject\",\"inLanguage\":\"es\",\"@id\":\"https:\\\/\\\/www.zivautomation.com\\\/es\\\/#\\\/schema\\\/logo\\\/image\\\/\",\"url\":\"https:\\\/\\\/www.zivautomation.com\\\/wp-content\\\/uploads\\\/2016\\\/10\\\/ziv_solo_cmyk_hr.jpg\",\"contentUrl\":\"https:\\\/\\\/www.zivautomation.com\\\/wp-content\\\/uploads\\\/2016\\\/10\\\/ziv_solo_cmyk_hr.jpg\",\"width\":7078,\"height\":2234,\"caption\":\"ZIV\"},\"image\":{\"@id\":\"https:\\\/\\\/www.zivautomation.com\\\/es\\\/#\\\/schema\\\/logo\\\/image\\\/\"}}]}<\/script>\n<!-- \/ Yoast SEO plugin. -->","yoast_head_json":{"title":"Pol\u00edtica de Cookies - ZIV","robots":{"index":"index","follow":"nofollow","max-snippet":"max-snippet:-1","max-image-preview":"max-image-preview:large","max-video-preview":"max-video-preview:-1"},"canonical":"https:\/\/www.zivautomation.com\/es\/politica-de-cookies\/","og_locale":"es_ES","og_type":"article","og_title":"Pol\u00edtica de Cookies - ZIV","og_description":"1. Definici\u00f3n y funci\u00f3n de las cookies Una cookie es un archivo que se descarga en su ordenador al acceder a determinadas p\u00e1ginas web. Las cookies permiten a una p\u00e1gina web, entre otras cosas, almacenar y recuperar informaci\u00f3n sobre los h\u00e1bitos de navegaci\u00f3n de un usuario (en t\u00e9rminos legales, el &#8220;destinatario&#8221;) o de su equipo y, dependiendo de la informaci\u00f3n [&hellip;]","og_url":"https:\/\/www.zivautomation.com\/es\/politica-de-cookies\/","og_site_name":"ZIV","article_modified_time":"2023-05-12T16:31:04+00:00","twitter_card":"summary_large_image","twitter_misc":{"Tiempo de lectura":"2 minutos"},"schema":{"@context":"https:\/\/schema.org","@graph":[{"@type":"WebPage","@id":"https:\/\/www.zivautomation.com\/es\/politica-de-cookies\/","url":"https:\/\/www.zivautomation.com\/es\/politica-de-cookies\/","name":"Pol\u00edtica de Cookies - ZIV","isPartOf":{"@id":"https:\/\/www.zivautomation.com\/es\/#website"},"datePublished":"2016-06-09T08:53:57+00:00","dateModified":"2023-05-12T16:31:04+00:00","breadcrumb":{"@id":"https:\/\/www.zivautomation.com\/es\/politica-de-cookies\/#breadcrumb"},"inLanguage":"es","potentialAction":[{"@type":"ReadAction","target":["https:\/\/www.zivautomation.com\/es\/politica-de-cookies\/"]}]},{"@type":"BreadcrumbList","@id":"https:\/\/www.zivautomation.com\/es\/politica-de-cookies\/#breadcrumb","itemListElement":[{"@type":"ListItem","position":1,"name":"Home","item":"https:\/\/www.zivautomation.com\/es\/"},{"@type":"ListItem","position":2,"name":"Pol\u00edtica de Cookies"}]},{"@type":"WebSite","@id":"https:\/\/www.zivautomation.com\/es\/#website","url":"https:\/\/www.zivautomation.com\/es\/","name":"ZIV","description":"Haciendo realidad la Red del Futuro","publisher":{"@id":"https:\/\/www.zivautomation.com\/es\/#organization"},"potentialAction":[{"@type":"SearchAction","target":{"@type":"EntryPoint","urlTemplate":"https:\/\/www.zivautomation.com\/es\/?s={search_term_string}"},"query-input":{"@type":"PropertyValueSpecification","valueRequired":true,"valueName":"search_term_string"}}],"inLanguage":"es"},{"@type":"Organization","@id":"https:\/\/www.zivautomation.com\/es\/#organization","name":"ZIV","url":"https:\/\/www.zivautomation.com\/es\/","logo":{"@type":"ImageObject","inLanguage":"es","@id":"https:\/\/www.zivautomation.com\/es\/#\/schema\/logo\/image\/","url":"https:\/\/www.zivautomation.com\/wp-content\/uploads\/2016\/10\/ziv_solo_cmyk_hr.jpg","contentUrl":"https:\/\/www.zivautomation.com\/wp-content\/uploads\/2016\/10\/ziv_solo_cmyk_hr.jpg","width":7078,"height":2234,"caption":"ZIV"},"image":{"@id":"https:\/\/www.zivautomation.com\/es\/#\/schema\/logo\/image\/"}}]}},"_links":{"self":[{"href":"https:\/\/www.zivautomation.com\/es\/wp-json\/wp\/v2\/pages\/17500","targetHints":{"allow":["GET"]}}],"collection":[{"href":"https:\/\/www.zivautomation.com\/es\/wp-json\/wp\/v2\/pages"}],"about":[{"href":"https:\/\/www.zivautomation.com\/es\/wp-json\/wp\/v2\/types\/page"}],"author":[{"embeddable":true,"href":"https:\/\/www.zivautomation.com\/es\/wp-json\/wp\/v2\/users\/1"}],"replies":[{"embeddable":true,"href":"https:\/\/www.zivautomation.com\/es\/wp-json\/wp\/v2\/comments?post=17500"}],"version-history":[{"count":1,"href":"https:\/\/www.zivautomation.com\/es\/wp-json\/wp\/v2\/pages\/17500\/revisions"}],"predecessor-version":[{"id":89170,"href":"https:\/\/www.zivautomation.com\/es\/wp-json\/wp\/v2\/pages\/17500\/revisions\/89170"}],"wp:attachment":[{"href":"https:\/\/www.zivautomation.com\/es\/wp-json\/wp\/v2\/media?parent=17500"}],"wp:term":[{"taxonomy":"category","embeddable":true,"href":"https:\/\/www.zivautomation.com\/es\/wp-json\/wp\/v2\/categories?post=17500"},{"taxonomy":"post_tag","embeddable":true,"href":"https:\/\/www.zivautomation.com\/es\/wp-json\/wp\/v2\/tags?post=17500"}],"curies":[{"name":"wp","href":"https:\/\/api.w.org\/{rel}","templated":true}]}}