{"id":17175,"date":"2016-05-26T09:14:29","date_gmt":"2016-05-26T07:14:29","guid":{"rendered":"https:\/\/www.zivautomation.com\/es\/noticias-y-eventos\/training\/"},"modified":"2022-03-10T13:10:11","modified_gmt":"2022-03-10T12:10:11","slug":"training-5","status":"publish","type":"page","link":"https:\/\/www.zivautomation.com\/es\/noticias-y-eventos\/training-5\/","title":{"rendered":"Formaci\u00f3n"},"content":{"rendered":"<div class=\"wpb-content-wrapper\"><p>[vc_row][vc_column][vc_column_text]<\/p>\n<h1>ZIV considera que la formaci\u00f3n es fundamental para la aplicaci\u00f3n y el mantenimiento de los sistemas y equipos.<\/h1>\n<p>[\/vc_column_text][vc_column_text]Con el \u00e1nimo de compartir conocimiento, y utilizar al potencial que nos brindan las nuevas tecnolog\u00edas, hemos preparado una serie de contenidos que esperamos te resulten de utilidad.[\/vc_column_text][\/vc_column][\/vc_row][vc_row][vc_column width=&#8221;1\/2&#8243;][vc_column_text]<\/p>\n<h3>Subestaciones:<\/h3>\n<p>[\/vc_column_text][vc_column_text]Todos los a\u00f1os presentamos un calendario de formaci\u00f3n\u00a0 en Sistemas Integrados de Protecci\u00f3n y Control. Actualmente est\u00e1 en marcha el curso te\u00f3rico de protecci\u00f3n de subestaciones.[\/vc_column_text][vc_basic_grid post_type=&#8221;ids&#8221; element_width=&#8221;12&#8243; item=&#8221;masonryGrid_Default&#8221; grid_id=&#8221;vc_gid:1645378770957-c4131ab7-581b-6&#8243; include=&#8221;80145&#8243;][\/vc_column][vc_column width=&#8221;1\/2&#8243;][vc_column_text]<\/p>\n<h3>Medida:<\/h3>\n<p>[\/vc_column_text][vc_column_text]Te presentamos 4 videos formativos breves que te ayudar\u00e1n a conocer mejor las funcionalidades de la herramienta ZIVerQ (software de gesti\u00f3n de contadores).[\/vc_column_text][vc_basic_grid post_type=&#8221;ids&#8221; element_width=&#8221;12&#8243; item=&#8221;masonryGrid_Default&#8221; grid_id=&#8221;vc_gid:1645378770958-3cee4511-b2d3-2&#8243; include=&#8221;80217&#8243;][\/vc_column][\/vc_row][vc_row][vc_column]<div class=\"text-left\" ><a class=\"kleo-icon-anchor kleo-scroll-to\" href=\"https:\/\/www.linkedin.com\/showcase\/curso-online-de-protecci%C3%B3n-y-control-ziv\/\" target=\"_blank\"><span class=\"flexbox-container flexbox-center flexbox-justify-left\"><i class=\"icon-linkedin-squared icon-2x\"style=\"color: #1e73be\"><\/i>  <span class=\"kleo-icon-text\">Sigue nuestra p\u00e1gina de formaci\u00f3n en Linkedin!<\/span><\/span><\/a><\/div>[\/vc_column][\/vc_row]<\/p>\n<\/div>","protected":false},"excerpt":{"rendered":"<p> ZIV considera que la formaci\u00f3n es fundamental para la aplicaci\u00f3n y el mantenimiento de los sistemas y equipos. Con el \u00e1nimo de compartir conocimiento, y utilizar al potencial que nos brindan las nuevas tecnolog\u00edas, hemos preparado una serie de contenidos que esperamos te resulten de utilidad. Subestaciones: Todos los a\u00f1os presentamos un calendario de formaci\u00f3n\u00a0 en Sistemas Integrados [&hellip;]<\/p>\n","protected":false},"author":1,"featured_media":79697,"parent":6581,"menu_order":205,"comment_status":"closed","ping_status":"closed","template":"","meta":{"_acf_changed":false,"footnotes":""},"categories":[],"tags":[],"class_list":["post-17175","page","type-page","status-publish","has-post-thumbnail","hentry"],"acf":[],"yoast_head":"<!-- This site is optimized with the Yoast SEO plugin v27.3 - https:\/\/yoast.com\/product\/yoast-seo-wordpress\/ -->\n<title>Formaci\u00f3n - ZIV<\/title>\n<meta name=\"robots\" content=\"index, follow, max-snippet:-1, max-image-preview:large, max-video-preview:-1\" \/>\n<link rel=\"canonical\" href=\"https:\/\/www.zivautomation.com\/es\/noticias-y-eventos\/training-5\/\" \/>\n<meta property=\"og:locale\" content=\"es_ES\" \/>\n<meta property=\"og:type\" content=\"article\" \/>\n<meta property=\"og:title\" content=\"Formaci\u00f3n - ZIV\" \/>\n<meta property=\"og:description\" content=\"[vc_row][vc_column][vc_column_text] ZIV considera que la formaci\u00f3n es fundamental para la aplicaci\u00f3n y el mantenimiento de los sistemas y equipos. [\/vc_column_text][vc_column_text]Con el \u00e1nimo de compartir conocimiento, y utilizar al potencial que nos brindan las nuevas tecnolog\u00edas, hemos preparado una serie de contenidos que esperamos te resulten de utilidad.[\/vc_column_text][\/vc_column][\/vc_row][vc_row][vc_column width=&#8221;1\/2&#8243;][vc_column_text] Subestaciones: [\/vc_column_text][vc_column_text]Todos los a\u00f1os presentamos un calendario de formaci\u00f3n\u00a0 en Sistemas Integrados [&hellip;]\" \/>\n<meta property=\"og:url\" content=\"https:\/\/www.zivautomation.com\/es\/noticias-y-eventos\/training-5\/\" \/>\n<meta property=\"og:site_name\" content=\"ZIV\" \/>\n<meta property=\"article:modified_time\" content=\"2022-03-10T12:10:11+00:00\" \/>\n<meta property=\"og:image\" content=\"https:\/\/www.zivautomation.com\/wp-content\/uploads\/2021\/05\/ziv-webinar-replay.png\" \/>\n\t<meta property=\"og:image:width\" content=\"800\" \/>\n\t<meta property=\"og:image:height\" content=\"400\" \/>\n\t<meta property=\"og:image:type\" content=\"image\/png\" \/>\n<meta name=\"twitter:card\" content=\"summary_large_image\" \/>\n<meta name=\"twitter:label1\" content=\"Tiempo de lectura\" \/>\n\t<meta name=\"twitter:data1\" content=\"1 minuto\" \/>\n<script type=\"application\/ld+json\" class=\"yoast-schema-graph\">{\"@context\":\"https:\\\/\\\/schema.org\",\"@graph\":[{\"@type\":\"WebPage\",\"@id\":\"https:\\\/\\\/www.zivautomation.com\\\/es\\\/noticias-y-eventos\\\/training-5\\\/\",\"url\":\"https:\\\/\\\/www.zivautomation.com\\\/es\\\/noticias-y-eventos\\\/training-5\\\/\",\"name\":\"Formaci\u00f3n - ZIV\",\"isPartOf\":{\"@id\":\"https:\\\/\\\/www.zivautomation.com\\\/es\\\/#website\"},\"primaryImageOfPage\":{\"@id\":\"https:\\\/\\\/www.zivautomation.com\\\/es\\\/noticias-y-eventos\\\/training-5\\\/#primaryimage\"},\"image\":{\"@id\":\"https:\\\/\\\/www.zivautomation.com\\\/es\\\/noticias-y-eventos\\\/training-5\\\/#primaryimage\"},\"thumbnailUrl\":\"https:\\\/\\\/www.zivautomation.com\\\/wp-content\\\/uploads\\\/2021\\\/05\\\/ziv-webinar-replay.png\",\"datePublished\":\"2016-05-26T07:14:29+00:00\",\"dateModified\":\"2022-03-10T12:10:11+00:00\",\"breadcrumb\":{\"@id\":\"https:\\\/\\\/www.zivautomation.com\\\/es\\\/noticias-y-eventos\\\/training-5\\\/#breadcrumb\"},\"inLanguage\":\"es\",\"potentialAction\":[{\"@type\":\"ReadAction\",\"target\":[\"https:\\\/\\\/www.zivautomation.com\\\/es\\\/noticias-y-eventos\\\/training-5\\\/\"]}]},{\"@type\":\"ImageObject\",\"inLanguage\":\"es\",\"@id\":\"https:\\\/\\\/www.zivautomation.com\\\/es\\\/noticias-y-eventos\\\/training-5\\\/#primaryimage\",\"url\":\"https:\\\/\\\/www.zivautomation.com\\\/wp-content\\\/uploads\\\/2021\\\/05\\\/ziv-webinar-replay.png\",\"contentUrl\":\"https:\\\/\\\/www.zivautomation.com\\\/wp-content\\\/uploads\\\/2021\\\/05\\\/ziv-webinar-replay.png\",\"width\":800,\"height\":400},{\"@type\":\"BreadcrumbList\",\"@id\":\"https:\\\/\\\/www.zivautomation.com\\\/es\\\/noticias-y-eventos\\\/training-5\\\/#breadcrumb\",\"itemListElement\":[{\"@type\":\"ListItem\",\"position\":1,\"name\":\"Home\",\"item\":\"https:\\\/\\\/www.zivautomation.com\\\/es\\\/\"},{\"@type\":\"ListItem\",\"position\":2,\"name\":\"Noticias\",\"item\":\"https:\\\/\\\/www.zivautomation.com\\\/es\\\/news-and-events\\\/\"},{\"@type\":\"ListItem\",\"position\":3,\"name\":\"Formaci\u00f3n\"}]},{\"@type\":\"WebSite\",\"@id\":\"https:\\\/\\\/www.zivautomation.com\\\/es\\\/#website\",\"url\":\"https:\\\/\\\/www.zivautomation.com\\\/es\\\/\",\"name\":\"ZIV\",\"description\":\"Haciendo realidad la Red del Futuro\",\"publisher\":{\"@id\":\"https:\\\/\\\/www.zivautomation.com\\\/es\\\/#organization\"},\"potentialAction\":[{\"@type\":\"SearchAction\",\"target\":{\"@type\":\"EntryPoint\",\"urlTemplate\":\"https:\\\/\\\/www.zivautomation.com\\\/es\\\/?s={search_term_string}\"},\"query-input\":{\"@type\":\"PropertyValueSpecification\",\"valueRequired\":true,\"valueName\":\"search_term_string\"}}],\"inLanguage\":\"es\"},{\"@type\":\"Organization\",\"@id\":\"https:\\\/\\\/www.zivautomation.com\\\/es\\\/#organization\",\"name\":\"ZIV\",\"url\":\"https:\\\/\\\/www.zivautomation.com\\\/es\\\/\",\"logo\":{\"@type\":\"ImageObject\",\"inLanguage\":\"es\",\"@id\":\"https:\\\/\\\/www.zivautomation.com\\\/es\\\/#\\\/schema\\\/logo\\\/image\\\/\",\"url\":\"https:\\\/\\\/www.zivautomation.com\\\/wp-content\\\/uploads\\\/2016\\\/10\\\/ziv_solo_cmyk_hr.jpg\",\"contentUrl\":\"https:\\\/\\\/www.zivautomation.com\\\/wp-content\\\/uploads\\\/2016\\\/10\\\/ziv_solo_cmyk_hr.jpg\",\"width\":7078,\"height\":2234,\"caption\":\"ZIV\"},\"image\":{\"@id\":\"https:\\\/\\\/www.zivautomation.com\\\/es\\\/#\\\/schema\\\/logo\\\/image\\\/\"}}]}<\/script>\n<!-- \/ Yoast SEO plugin. -->","yoast_head_json":{"title":"Formaci\u00f3n - ZIV","robots":{"index":"index","follow":"follow","max-snippet":"max-snippet:-1","max-image-preview":"max-image-preview:large","max-video-preview":"max-video-preview:-1"},"canonical":"https:\/\/www.zivautomation.com\/es\/noticias-y-eventos\/training-5\/","og_locale":"es_ES","og_type":"article","og_title":"Formaci\u00f3n - ZIV","og_description":"[vc_row][vc_column][vc_column_text] ZIV considera que la formaci\u00f3n es fundamental para la aplicaci\u00f3n y el mantenimiento de los sistemas y equipos. [\/vc_column_text][vc_column_text]Con el \u00e1nimo de compartir conocimiento, y utilizar al potencial que nos brindan las nuevas tecnolog\u00edas, hemos preparado una serie de contenidos que esperamos te resulten de utilidad.[\/vc_column_text][\/vc_column][\/vc_row][vc_row][vc_column width=&#8221;1\/2&#8243;][vc_column_text] Subestaciones: [\/vc_column_text][vc_column_text]Todos los a\u00f1os presentamos un calendario de formaci\u00f3n\u00a0 en Sistemas Integrados [&hellip;]","og_url":"https:\/\/www.zivautomation.com\/es\/noticias-y-eventos\/training-5\/","og_site_name":"ZIV","article_modified_time":"2022-03-10T12:10:11+00:00","og_image":[{"width":800,"height":400,"url":"https:\/\/www.zivautomation.com\/wp-content\/uploads\/2021\/05\/ziv-webinar-replay.png","type":"image\/png"}],"twitter_card":"summary_large_image","twitter_misc":{"Tiempo de lectura":"1 minuto"},"schema":{"@context":"https:\/\/schema.org","@graph":[{"@type":"WebPage","@id":"https:\/\/www.zivautomation.com\/es\/noticias-y-eventos\/training-5\/","url":"https:\/\/www.zivautomation.com\/es\/noticias-y-eventos\/training-5\/","name":"Formaci\u00f3n - ZIV","isPartOf":{"@id":"https:\/\/www.zivautomation.com\/es\/#website"},"primaryImageOfPage":{"@id":"https:\/\/www.zivautomation.com\/es\/noticias-y-eventos\/training-5\/#primaryimage"},"image":{"@id":"https:\/\/www.zivautomation.com\/es\/noticias-y-eventos\/training-5\/#primaryimage"},"thumbnailUrl":"https:\/\/www.zivautomation.com\/wp-content\/uploads\/2021\/05\/ziv-webinar-replay.png","datePublished":"2016-05-26T07:14:29+00:00","dateModified":"2022-03-10T12:10:11+00:00","breadcrumb":{"@id":"https:\/\/www.zivautomation.com\/es\/noticias-y-eventos\/training-5\/#breadcrumb"},"inLanguage":"es","potentialAction":[{"@type":"ReadAction","target":["https:\/\/www.zivautomation.com\/es\/noticias-y-eventos\/training-5\/"]}]},{"@type":"ImageObject","inLanguage":"es","@id":"https:\/\/www.zivautomation.com\/es\/noticias-y-eventos\/training-5\/#primaryimage","url":"https:\/\/www.zivautomation.com\/wp-content\/uploads\/2021\/05\/ziv-webinar-replay.png","contentUrl":"https:\/\/www.zivautomation.com\/wp-content\/uploads\/2021\/05\/ziv-webinar-replay.png","width":800,"height":400},{"@type":"BreadcrumbList","@id":"https:\/\/www.zivautomation.com\/es\/noticias-y-eventos\/training-5\/#breadcrumb","itemListElement":[{"@type":"ListItem","position":1,"name":"Home","item":"https:\/\/www.zivautomation.com\/es\/"},{"@type":"ListItem","position":2,"name":"Noticias","item":"https:\/\/www.zivautomation.com\/es\/news-and-events\/"},{"@type":"ListItem","position":3,"name":"Formaci\u00f3n"}]},{"@type":"WebSite","@id":"https:\/\/www.zivautomation.com\/es\/#website","url":"https:\/\/www.zivautomation.com\/es\/","name":"ZIV","description":"Haciendo realidad la Red del Futuro","publisher":{"@id":"https:\/\/www.zivautomation.com\/es\/#organization"},"potentialAction":[{"@type":"SearchAction","target":{"@type":"EntryPoint","urlTemplate":"https:\/\/www.zivautomation.com\/es\/?s={search_term_string}"},"query-input":{"@type":"PropertyValueSpecification","valueRequired":true,"valueName":"search_term_string"}}],"inLanguage":"es"},{"@type":"Organization","@id":"https:\/\/www.zivautomation.com\/es\/#organization","name":"ZIV","url":"https:\/\/www.zivautomation.com\/es\/","logo":{"@type":"ImageObject","inLanguage":"es","@id":"https:\/\/www.zivautomation.com\/es\/#\/schema\/logo\/image\/","url":"https:\/\/www.zivautomation.com\/wp-content\/uploads\/2016\/10\/ziv_solo_cmyk_hr.jpg","contentUrl":"https:\/\/www.zivautomation.com\/wp-content\/uploads\/2016\/10\/ziv_solo_cmyk_hr.jpg","width":7078,"height":2234,"caption":"ZIV"},"image":{"@id":"https:\/\/www.zivautomation.com\/es\/#\/schema\/logo\/image\/"}}]}},"_links":{"self":[{"href":"https:\/\/www.zivautomation.com\/es\/wp-json\/wp\/v2\/pages\/17175","targetHints":{"allow":["GET"]}}],"collection":[{"href":"https:\/\/www.zivautomation.com\/es\/wp-json\/wp\/v2\/pages"}],"about":[{"href":"https:\/\/www.zivautomation.com\/es\/wp-json\/wp\/v2\/types\/page"}],"author":[{"embeddable":true,"href":"https:\/\/www.zivautomation.com\/es\/wp-json\/wp\/v2\/users\/1"}],"replies":[{"embeddable":true,"href":"https:\/\/www.zivautomation.com\/es\/wp-json\/wp\/v2\/comments?post=17175"}],"version-history":[{"count":32,"href":"https:\/\/www.zivautomation.com\/es\/wp-json\/wp\/v2\/pages\/17175\/revisions"}],"predecessor-version":[{"id":82916,"href":"https:\/\/www.zivautomation.com\/es\/wp-json\/wp\/v2\/pages\/17175\/revisions\/82916"}],"up":[{"embeddable":true,"href":"https:\/\/www.zivautomation.com\/es\/wp-json\/wp\/v2\/pages\/6581"}],"wp:featuredmedia":[{"embeddable":true,"href":"https:\/\/www.zivautomation.com\/es\/wp-json\/wp\/v2\/media\/79697"}],"wp:attachment":[{"href":"https:\/\/www.zivautomation.com\/es\/wp-json\/wp\/v2\/media?parent=17175"}],"wp:term":[{"taxonomy":"category","embeddable":true,"href":"https:\/\/www.zivautomation.com\/es\/wp-json\/wp\/v2\/categories?post=17175"},{"taxonomy":"post_tag","embeddable":true,"href":"https:\/\/www.zivautomation.com\/es\/wp-json\/wp\/v2\/tags?post=17175"}],"curies":[{"name":"wp","href":"https:\/\/api.w.org\/{rel}","templated":true}]}}