{"id":17173,"date":"2016-05-31T22:39:49","date_gmt":"2016-05-31T22:39:49","guid":{"rendered":"https:\/\/www.zivautomation.com\/es\/about-us\/worldwide-references\/"},"modified":"2021-06-16T08:52:39","modified_gmt":"2021-06-16T08:52:39","slug":"worldwide-references","status":"publish","type":"page","link":"https:\/\/www.zivautomation.com\/es\/acerca-de\/worldwide-references\/","title":{"rendered":"Referencias Internacionales"},"content":{"rendered":"<div class=\"wpb-content-wrapper\"><p>[vc_row el_id=&#8221;map-where&#8221; padding_top=&#8221;20px&#8221; padding_bottom=&#8221;0&#8243;][vc_column][vc_column_text]<\/p>\n<h2>ZIV cuenta con referencias en 85 paises.<\/h2>\n<p>El mapa interactivo le mostrar\u00e1 algunas de las mas relevantes.[\/vc_column_text]<div id=\"unique_iwm_0\"><div class='iwm_map_canvas'><div id='map_canvas_3' data-map-id='3'  class='i_world_map ' class='iwm_map_canvas'><div class='iwm_placeholder'><img width='32px' alt='References-2018 Placeholder' title='References-2018' src='https:\/\/www.zivautomation.com\/wp-content\/plugins\/interactive-world-maps\/imgs\/placeholder.png'><br>References-2018<\/div><\/div><\/div><\/div><div  class=\"kleo-gap\" style=\"height:30px;line-height:30px;\"><\/div>[\/vc_column][\/vc_row][vc_row][vc_column width=&#8221;1\/3&#8243;][vc_btn title=&#8221;Referencias y Sistemas SAS (AT y MT)&#8221; color=&#8221;white&#8221; link=&#8221;url:https%3A%2F%2Fwww.zivautomation.com%2Fes%2Fsubstation-automation%2Fsistemas_sipco_iec_61850_sistema_integrado_proteccion_control_telecomunicaciones%2F|title:Registro||&#8221;][\/vc_column][vc_column width=&#8221;1\/3&#8243;][vc_btn title=&#8221;Referencias y Sistemas DAS (MT y BT)&#8221; color=&#8221;white&#8221; link=&#8221;url:https%3A%2F%2Fwww.zivautomation.com%2Fes%2Fsubstation-automation%2Fsoluciones-de-automatizacion-de-la-red-de-media-y-baja-tension-hacia-la-transformacion-digital%2F|title:Registro||&#8221;][\/vc_column][vc_column width=&#8221;1\/3&#8243;][vc_btn title=&#8221;Referencias y Sistemas AMI y de recarga VE&#8221; color=&#8221;white&#8221; link=&#8221;url:https%3A%2F%2Fwww.zivautomation.com%2Fes%2Fmetering-solutions%2Fsoluciones%2F|title:Registro||&#8221;][\/vc_column][\/vc_row][vc_row][vc_column]<div  class=\"kleo-gap\" style=\"height:10px;line-height:10px;\"><\/div>[vc_column_text]<\/p>\n<h2>Sistemas para la automatizaci\u00f3n de subestaciones<\/h2>\n<h4>\u00daltimas referencias en renovables<\/h4>\n<p>[\/vc_column_text][vc_basic_grid post_type=&#8221;ids&#8221; item=&#8221;masonryGrid_Default&#8221; grid_id=&#8221;vc_gid:1623833515259-011fa5d7-f474-0&#8243; include=&#8221;75861, 75692, 74046&#8243;]<div  class=\"kleo-gap\" style=\"height:30px;line-height:30px;\"><\/div>[\/vc_column][\/vc_row][vc_row][vc_column][vc_column_text]<\/p>\n<h2>Sistemas para la transformaci\u00f3n digital de la red de distribuci\u00f3n<\/h2>\n<h4>Armarios de monitorizaci\u00f3n y automatizaci\u00f3n de BT &#8211; MT y Sistemas ANM<\/h4>\n<p>[\/vc_column_text][vc_basic_grid post_type=&#8221;ids&#8221; item=&#8221;masonryGrid_Default&#8221; grid_id=&#8221;vc_gid:1623833515262-6c0a06ad-df1f-8&#8243; include=&#8221;78221, 70316, 71118&#8243;]<div  class=\"kleo-gap\" style=\"height:30px;line-height:30px;\"><\/div>[\/vc_column][\/vc_row][vc_row][vc_column][vc_column_text]<\/p>\n<h2>Despliegue de redes el\u00e9ctricas inteligentes<\/h2>\n<h4>Infraestructuras avanzadas de medida y soluciones de recarga AC para veh\u00edculos el\u00e9ctricos<\/h4>\n<p>[\/vc_column_text][vc_basic_grid post_type=&#8221;ids&#8221; item=&#8221;masonryGrid_Default&#8221; grid_id=&#8221;vc_gid:1623833515264-86a71e96-e375-7&#8243; include=&#8221;32407, 6369, 6361&#8243;]<div  class=\"kleo-gap\" style=\"height:30px;line-height:30px;\"><\/div>[\/vc_column][\/vc_row][vc_column][\/vc_column][vc_column][\/vc_column]<\/p>\n<\/div>","protected":false},"excerpt":{"rendered":"<p> ZIV cuenta con referencias en 85 paises. El mapa interactivo le mostrar\u00e1 algunas de las mas relevantes. Sistemas para la automatizaci\u00f3n de subestaciones \u00daltimas referencias [&hellip;]<\/p>\n","protected":false},"author":1,"featured_media":0,"parent":6602,"menu_order":271,"comment_status":"closed","ping_status":"closed","template":"","meta":{"_acf_changed":false,"footnotes":""},"categories":[],"tags":[],"class_list":["post-17173","page","type-page","status-publish","hentry"],"acf":[],"yoast_head":"<!-- This site is optimized with the Yoast SEO plugin v27.3 - https:\/\/yoast.com\/product\/yoast-seo-wordpress\/ -->\n<title>Referencias Internacionales - ZIV<\/title>\n<meta name=\"robots\" content=\"index, follow, max-snippet:-1, max-image-preview:large, max-video-preview:-1\" \/>\n<link rel=\"canonical\" href=\"https:\/\/www.zivautomation.com\/es\/acerca-de\/worldwide-references\/\" \/>\n<meta property=\"og:locale\" content=\"es_ES\" \/>\n<meta property=\"og:type\" content=\"article\" \/>\n<meta property=\"og:title\" content=\"Referencias Internacionales - ZIV\" \/>\n<meta property=\"og:description\" content=\"[vc_row el_id=&#8221;map-where&#8221; padding_top=&#8221;20px&#8221; padding_bottom=&#8221;0&#8243;][vc_column][vc_column_text] ZIV cuenta con referencias en 85 paises. El mapa interactivo le mostrar\u00e1 algunas de las mas relevantes.[\/vc_column_text][\/vc_column][\/vc_row][vc_row][vc_column width=&#8221;1\/3&#8243;][vc_btn title=&#8221;Referencias y Sistemas SAS (AT y MT)&#8221; color=&#8221;white&#8221; link=&#8221;url:https%3A%2F%2Fwww.zivautomation.com%2Fes%2Fsubstation-automation%2Fsistemas_sipco_iec_61850_sistema_integrado_proteccion_control_telecomunicaciones%2F|title:Registro||&#8221;][\/vc_column][vc_column width=&#8221;1\/3&#8243;][vc_btn title=&#8221;Referencias y Sistemas DAS (MT y BT)&#8221; color=&#8221;white&#8221; link=&#8221;url:https%3A%2F%2Fwww.zivautomation.com%2Fes%2Fsubstation-automation%2Fsoluciones-de-automatizacion-de-la-red-de-media-y-baja-tension-hacia-la-transformacion-digital%2F|title:Registro||&#8221;][\/vc_column][vc_column width=&#8221;1\/3&#8243;][vc_btn title=&#8221;Referencias y Sistemas AMI y de recarga VE&#8221; color=&#8221;white&#8221; link=&#8221;url:https%3A%2F%2Fwww.zivautomation.com%2Fes%2Fmetering-solutions%2Fsoluciones%2F|title:Registro||&#8221;][\/vc_column][\/vc_row][vc_row][vc_column][vc_column_text] Sistemas para la automatizaci\u00f3n de subestaciones \u00daltimas referencias [&hellip;]\" \/>\n<meta property=\"og:url\" content=\"https:\/\/www.zivautomation.com\/es\/acerca-de\/worldwide-references\/\" \/>\n<meta property=\"og:site_name\" content=\"ZIV\" \/>\n<meta property=\"article:modified_time\" content=\"2021-06-16T08:52:39+00:00\" \/>\n<meta name=\"twitter:card\" content=\"summary_large_image\" \/>\n<meta name=\"twitter:label1\" content=\"Tiempo de lectura\" \/>\n\t<meta name=\"twitter:data1\" content=\"1 minuto\" \/>\n<script type=\"application\/ld+json\" class=\"yoast-schema-graph\">{\"@context\":\"https:\\\/\\\/schema.org\",\"@graph\":[{\"@type\":\"WebPage\",\"@id\":\"https:\\\/\\\/www.zivautomation.com\\\/es\\\/acerca-de\\\/worldwide-references\\\/\",\"url\":\"https:\\\/\\\/www.zivautomation.com\\\/es\\\/acerca-de\\\/worldwide-references\\\/\",\"name\":\"Referencias Internacionales - ZIV\",\"isPartOf\":{\"@id\":\"https:\\\/\\\/www.zivautomation.com\\\/es\\\/#website\"},\"datePublished\":\"2016-05-31T22:39:49+00:00\",\"dateModified\":\"2021-06-16T08:52:39+00:00\",\"breadcrumb\":{\"@id\":\"https:\\\/\\\/www.zivautomation.com\\\/es\\\/acerca-de\\\/worldwide-references\\\/#breadcrumb\"},\"inLanguage\":\"es\",\"potentialAction\":[{\"@type\":\"ReadAction\",\"target\":[\"https:\\\/\\\/www.zivautomation.com\\\/es\\\/acerca-de\\\/worldwide-references\\\/\"]}]},{\"@type\":\"BreadcrumbList\",\"@id\":\"https:\\\/\\\/www.zivautomation.com\\\/es\\\/acerca-de\\\/worldwide-references\\\/#breadcrumb\",\"itemListElement\":[{\"@type\":\"ListItem\",\"position\":1,\"name\":\"Home\",\"item\":\"https:\\\/\\\/www.zivautomation.com\\\/es\\\/\"},{\"@type\":\"ListItem\",\"position\":2,\"name\":\"Acerca de ZIV\",\"item\":\"https:\\\/\\\/www.zivautomation.com\\\/es\\\/acerca-de\\\/\"},{\"@type\":\"ListItem\",\"position\":3,\"name\":\"Referencias Internacionales\"}]},{\"@type\":\"WebSite\",\"@id\":\"https:\\\/\\\/www.zivautomation.com\\\/es\\\/#website\",\"url\":\"https:\\\/\\\/www.zivautomation.com\\\/es\\\/\",\"name\":\"ZIV\",\"description\":\"Haciendo realidad la Red del Futuro\",\"publisher\":{\"@id\":\"https:\\\/\\\/www.zivautomation.com\\\/es\\\/#organization\"},\"potentialAction\":[{\"@type\":\"SearchAction\",\"target\":{\"@type\":\"EntryPoint\",\"urlTemplate\":\"https:\\\/\\\/www.zivautomation.com\\\/es\\\/?s={search_term_string}\"},\"query-input\":{\"@type\":\"PropertyValueSpecification\",\"valueRequired\":true,\"valueName\":\"search_term_string\"}}],\"inLanguage\":\"es\"},{\"@type\":\"Organization\",\"@id\":\"https:\\\/\\\/www.zivautomation.com\\\/es\\\/#organization\",\"name\":\"ZIV\",\"url\":\"https:\\\/\\\/www.zivautomation.com\\\/es\\\/\",\"logo\":{\"@type\":\"ImageObject\",\"inLanguage\":\"es\",\"@id\":\"https:\\\/\\\/www.zivautomation.com\\\/es\\\/#\\\/schema\\\/logo\\\/image\\\/\",\"url\":\"https:\\\/\\\/www.zivautomation.com\\\/wp-content\\\/uploads\\\/2016\\\/10\\\/ziv_solo_cmyk_hr.jpg\",\"contentUrl\":\"https:\\\/\\\/www.zivautomation.com\\\/wp-content\\\/uploads\\\/2016\\\/10\\\/ziv_solo_cmyk_hr.jpg\",\"width\":7078,\"height\":2234,\"caption\":\"ZIV\"},\"image\":{\"@id\":\"https:\\\/\\\/www.zivautomation.com\\\/es\\\/#\\\/schema\\\/logo\\\/image\\\/\"}}]}<\/script>\n<!-- \/ Yoast SEO plugin. -->","yoast_head_json":{"title":"Referencias Internacionales - ZIV","robots":{"index":"index","follow":"follow","max-snippet":"max-snippet:-1","max-image-preview":"max-image-preview:large","max-video-preview":"max-video-preview:-1"},"canonical":"https:\/\/www.zivautomation.com\/es\/acerca-de\/worldwide-references\/","og_locale":"es_ES","og_type":"article","og_title":"Referencias Internacionales - ZIV","og_description":"[vc_row el_id=&#8221;map-where&#8221; padding_top=&#8221;20px&#8221; padding_bottom=&#8221;0&#8243;][vc_column][vc_column_text] ZIV cuenta con referencias en 85 paises. El mapa interactivo le mostrar\u00e1 algunas de las mas relevantes.[\/vc_column_text][\/vc_column][\/vc_row][vc_row][vc_column width=&#8221;1\/3&#8243;][vc_btn title=&#8221;Referencias y Sistemas SAS (AT y MT)&#8221; color=&#8221;white&#8221; link=&#8221;url:https%3A%2F%2Fwww.zivautomation.com%2Fes%2Fsubstation-automation%2Fsistemas_sipco_iec_61850_sistema_integrado_proteccion_control_telecomunicaciones%2F|title:Registro||&#8221;][\/vc_column][vc_column width=&#8221;1\/3&#8243;][vc_btn title=&#8221;Referencias y Sistemas DAS (MT y BT)&#8221; color=&#8221;white&#8221; link=&#8221;url:https%3A%2F%2Fwww.zivautomation.com%2Fes%2Fsubstation-automation%2Fsoluciones-de-automatizacion-de-la-red-de-media-y-baja-tension-hacia-la-transformacion-digital%2F|title:Registro||&#8221;][\/vc_column][vc_column width=&#8221;1\/3&#8243;][vc_btn title=&#8221;Referencias y Sistemas AMI y de recarga VE&#8221; color=&#8221;white&#8221; link=&#8221;url:https%3A%2F%2Fwww.zivautomation.com%2Fes%2Fmetering-solutions%2Fsoluciones%2F|title:Registro||&#8221;][\/vc_column][\/vc_row][vc_row][vc_column][vc_column_text] Sistemas para la automatizaci\u00f3n de subestaciones \u00daltimas referencias [&hellip;]","og_url":"https:\/\/www.zivautomation.com\/es\/acerca-de\/worldwide-references\/","og_site_name":"ZIV","article_modified_time":"2021-06-16T08:52:39+00:00","twitter_card":"summary_large_image","twitter_misc":{"Tiempo de lectura":"1 minuto"},"schema":{"@context":"https:\/\/schema.org","@graph":[{"@type":"WebPage","@id":"https:\/\/www.zivautomation.com\/es\/acerca-de\/worldwide-references\/","url":"https:\/\/www.zivautomation.com\/es\/acerca-de\/worldwide-references\/","name":"Referencias Internacionales - ZIV","isPartOf":{"@id":"https:\/\/www.zivautomation.com\/es\/#website"},"datePublished":"2016-05-31T22:39:49+00:00","dateModified":"2021-06-16T08:52:39+00:00","breadcrumb":{"@id":"https:\/\/www.zivautomation.com\/es\/acerca-de\/worldwide-references\/#breadcrumb"},"inLanguage":"es","potentialAction":[{"@type":"ReadAction","target":["https:\/\/www.zivautomation.com\/es\/acerca-de\/worldwide-references\/"]}]},{"@type":"BreadcrumbList","@id":"https:\/\/www.zivautomation.com\/es\/acerca-de\/worldwide-references\/#breadcrumb","itemListElement":[{"@type":"ListItem","position":1,"name":"Home","item":"https:\/\/www.zivautomation.com\/es\/"},{"@type":"ListItem","position":2,"name":"Acerca de ZIV","item":"https:\/\/www.zivautomation.com\/es\/acerca-de\/"},{"@type":"ListItem","position":3,"name":"Referencias Internacionales"}]},{"@type":"WebSite","@id":"https:\/\/www.zivautomation.com\/es\/#website","url":"https:\/\/www.zivautomation.com\/es\/","name":"ZIV","description":"Haciendo realidad la Red del Futuro","publisher":{"@id":"https:\/\/www.zivautomation.com\/es\/#organization"},"potentialAction":[{"@type":"SearchAction","target":{"@type":"EntryPoint","urlTemplate":"https:\/\/www.zivautomation.com\/es\/?s={search_term_string}"},"query-input":{"@type":"PropertyValueSpecification","valueRequired":true,"valueName":"search_term_string"}}],"inLanguage":"es"},{"@type":"Organization","@id":"https:\/\/www.zivautomation.com\/es\/#organization","name":"ZIV","url":"https:\/\/www.zivautomation.com\/es\/","logo":{"@type":"ImageObject","inLanguage":"es","@id":"https:\/\/www.zivautomation.com\/es\/#\/schema\/logo\/image\/","url":"https:\/\/www.zivautomation.com\/wp-content\/uploads\/2016\/10\/ziv_solo_cmyk_hr.jpg","contentUrl":"https:\/\/www.zivautomation.com\/wp-content\/uploads\/2016\/10\/ziv_solo_cmyk_hr.jpg","width":7078,"height":2234,"caption":"ZIV"},"image":{"@id":"https:\/\/www.zivautomation.com\/es\/#\/schema\/logo\/image\/"}}]}},"_links":{"self":[{"href":"https:\/\/www.zivautomation.com\/es\/wp-json\/wp\/v2\/pages\/17173","targetHints":{"allow":["GET"]}}],"collection":[{"href":"https:\/\/www.zivautomation.com\/es\/wp-json\/wp\/v2\/pages"}],"about":[{"href":"https:\/\/www.zivautomation.com\/es\/wp-json\/wp\/v2\/types\/page"}],"author":[{"embeddable":true,"href":"https:\/\/www.zivautomation.com\/es\/wp-json\/wp\/v2\/users\/1"}],"replies":[{"embeddable":true,"href":"https:\/\/www.zivautomation.com\/es\/wp-json\/wp\/v2\/comments?post=17173"}],"version-history":[{"count":17,"href":"https:\/\/www.zivautomation.com\/es\/wp-json\/wp\/v2\/pages\/17173\/revisions"}],"predecessor-version":[{"id":80113,"href":"https:\/\/www.zivautomation.com\/es\/wp-json\/wp\/v2\/pages\/17173\/revisions\/80113"}],"up":[{"embeddable":true,"href":"https:\/\/www.zivautomation.com\/es\/wp-json\/wp\/v2\/pages\/6602"}],"wp:attachment":[{"href":"https:\/\/www.zivautomation.com\/es\/wp-json\/wp\/v2\/media?parent=17173"}],"wp:term":[{"taxonomy":"category","embeddable":true,"href":"https:\/\/www.zivautomation.com\/es\/wp-json\/wp\/v2\/categories?post=17173"},{"taxonomy":"post_tag","embeddable":true,"href":"https:\/\/www.zivautomation.com\/es\/wp-json\/wp\/v2\/tags?post=17173"}],"curies":[{"name":"wp","href":"https:\/\/api.w.org\/{rel}","templated":true}]}}