{"id":16521,"date":"2016-06-05T13:16:53","date_gmt":"2016-06-05T11:16:53","guid":{"rendered":"https:\/\/www.zivautomation.com\/es\/productos\/monitorizacion-y-control\/mv-rtus\/adfd-rgdm-advanced-directional-ground-fault-detector\/"},"modified":"2022-07-25T00:44:22","modified_gmt":"2022-07-24T22:44:22","slug":"adf_advanced-directional-ground-fault-detector","status":"publish","type":"page","link":"https:\/\/www.zivautomation.com\/es\/productos\/soluciones-de-automatizacion-de-distribucion\/adf_advanced-directional-ground-fault-detector\/","title":{"rendered":"ADF &#8211; Detector de paso de falta direccional"},"content":{"rendered":"<div class=\"wpb-content-wrapper\"><p>[vc_row][vc_column width=&#8221;1\/3&#8243;][vc_single_image image=&#8221;16518&#8243; img_size=&#8221;medium&#8221; img_link_large=&#8221;yes&#8221;][\/vc_column][vc_column width=&#8221;2\/3&#8243;][vc_column_text]<\/p>\n<h2>Remota compacta con funciones\u00a0avanzadas de protecci\u00f3n, automatizaci\u00f3n,\u00a0monitorizaci\u00f3n y generaci\u00f3n distribuida<\/h2>\n<p>Dise\u00f1ado para poder implementar <a href=\"https:\/\/www.zivautomation.com\/distribution-automation-solutions\/directional-protection-relay-for-distributed-network-automation-with-vcb\/\">soluciones de automatizaci\u00f3n en MT en celdas y reconectadores<\/a> con diferentes m\u00e9todos de\u00a0puesta a tierra (redes conectadas a tierra, redes con\u00a0puesta a tierra aislada o compensada por medio de\u00a0una bobina de Petersen).<\/p>\n<p><strong>Caracter\u00edsticas principales<\/strong><\/p>\n<ul>\n<li>Protocolo IEC 61850 para compartir informaci\u00f3n de un dispositivo a otro mediante mensajes Goose. Soporta esquemas de coordinaci\u00f3n.<\/li>\n<li>Integraci\u00f3n software de la medici\u00f3n procedente de la bobina Rogowski.<\/li>\n<li>Compatible con sensores de V-I combinados activos y pasivos.<\/li>\n<\/ul>\n<p><strong>Relacionado<\/strong><\/p>\n<ul>\n<li><a href=\"..\/..\/\">Distribution Automation<\/a><\/li>\n<\/ul>\n<p>[\/vc_column_text]<p><strong>Documentaci\u00f3n<\/strong><\/p><ul>\r\n \t<li>Hoja de Producto:\u00a0<a href=\"https:\/\/www.zivautomation.com\/wp-content\/uploads\/2018\/11\/f0adfa1810ev00.pdf\" target=\"_blank\" rel=\"noopener\">F0ADFA1810Ev00<\/a><\/li>\r\n<\/ul>[\/vc_column][\/vc_row]<\/p>\n<\/div>","protected":false},"excerpt":{"rendered":"<p> Remota compacta con funciones\u00a0avanzadas de protecci\u00f3n, automatizaci\u00f3n,\u00a0monitorizaci\u00f3n y generaci\u00f3n distribuida Dise\u00f1ado para poder implementar soluciones de automatizaci\u00f3n en MT en celdas y reconectadores con diferentes m\u00e9todos de\u00a0puesta a tierra (redes conectadas a tierra, redes con\u00a0puesta a tierra aislada o compensada por medio de\u00a0una bobina de Petersen). Caracter\u00edsticas principales Protocolo IEC 61850 para compartir informaci\u00f3n [&hellip;]<\/p>\n","protected":false},"author":1,"featured_media":70932,"parent":84915,"menu_order":245,"comment_status":"closed","ping_status":"closed","template":"","meta":{"_acf_changed":false,"footnotes":""},"categories":[268,388,217,419],"tags":[],"class_list":["post-16521","page","type-page","status-publish","has-post-thumbnail","hentry","category-sistemas-de-automatizacion-de-subestacion-cat","category-subestacion-secundaria","category-protecciones-cat","category-subestacion-mt-detector-de-paso-de-fallos-cat"],"acf":[],"yoast_head":"<!-- This site is optimized with the Yoast SEO plugin v27.3 - https:\/\/yoast.com\/product\/yoast-seo-wordpress\/ -->\n<title>ADF - Detector de paso de falta direccional - ZIV<\/title>\n<meta name=\"robots\" content=\"index, follow, max-snippet:-1, max-image-preview:large, max-video-preview:-1\" \/>\n<link rel=\"canonical\" href=\"https:\/\/www.zivautomation.com\/es\/productos\/soluciones-de-automatizacion-de-distribucion\/adf_advanced-directional-ground-fault-detector\/\" \/>\n<meta property=\"og:locale\" content=\"es_ES\" \/>\n<meta property=\"og:type\" content=\"article\" \/>\n<meta property=\"og:title\" content=\"ADF - Detector de paso de falta direccional - ZIV\" \/>\n<meta property=\"og:description\" content=\"[vc_row][vc_column width=&#8221;1\/3&#8243;][vc_single_image image=&#8221;16518&#8243; img_size=&#8221;medium&#8221; img_link_large=&#8221;yes&#8221;][\/vc_column][vc_column width=&#8221;2\/3&#8243;][vc_column_text] Remota compacta con funciones\u00a0avanzadas de protecci\u00f3n, automatizaci\u00f3n,\u00a0monitorizaci\u00f3n y generaci\u00f3n distribuida Dise\u00f1ado para poder implementar soluciones de automatizaci\u00f3n en MT en celdas y reconectadores con diferentes m\u00e9todos de\u00a0puesta a tierra (redes conectadas a tierra, redes con\u00a0puesta a tierra aislada o compensada por medio de\u00a0una bobina de Petersen). Caracter\u00edsticas principales Protocolo IEC 61850 para compartir informaci\u00f3n [&hellip;]\" \/>\n<meta property=\"og:url\" content=\"https:\/\/www.zivautomation.com\/es\/productos\/soluciones-de-automatizacion-de-distribucion\/adf_advanced-directional-ground-fault-detector\/\" \/>\n<meta property=\"og:site_name\" content=\"ZIV\" \/>\n<meta property=\"article:modified_time\" content=\"2022-07-24T22:44:22+00:00\" \/>\n<meta property=\"og:image\" content=\"https:\/\/www.zivautomation.com\/wp-content\/uploads\/2019\/06\/adf-rgdm.png\" \/>\n\t<meta property=\"og:image:width\" content=\"800\" \/>\n\t<meta property=\"og:image:height\" content=\"400\" \/>\n\t<meta property=\"og:image:type\" content=\"image\/png\" \/>\n<meta name=\"twitter:card\" content=\"summary_large_image\" \/>\n<meta name=\"twitter:label1\" content=\"Tiempo de lectura\" \/>\n\t<meta name=\"twitter:data1\" content=\"1 minuto\" \/>\n<script type=\"application\/ld+json\" class=\"yoast-schema-graph\">{\"@context\":\"https:\\\/\\\/schema.org\",\"@graph\":[{\"@type\":\"WebPage\",\"@id\":\"https:\\\/\\\/www.zivautomation.com\\\/es\\\/productos\\\/soluciones-de-automatizacion-de-distribucion\\\/adf_advanced-directional-ground-fault-detector\\\/\",\"url\":\"https:\\\/\\\/www.zivautomation.com\\\/es\\\/productos\\\/soluciones-de-automatizacion-de-distribucion\\\/adf_advanced-directional-ground-fault-detector\\\/\",\"name\":\"ADF - Detector de paso de falta direccional - ZIV\",\"isPartOf\":{\"@id\":\"https:\\\/\\\/www.zivautomation.com\\\/es\\\/#website\"},\"primaryImageOfPage\":{\"@id\":\"https:\\\/\\\/www.zivautomation.com\\\/es\\\/productos\\\/soluciones-de-automatizacion-de-distribucion\\\/adf_advanced-directional-ground-fault-detector\\\/#primaryimage\"},\"image\":{\"@id\":\"https:\\\/\\\/www.zivautomation.com\\\/es\\\/productos\\\/soluciones-de-automatizacion-de-distribucion\\\/adf_advanced-directional-ground-fault-detector\\\/#primaryimage\"},\"thumbnailUrl\":\"https:\\\/\\\/www.zivautomation.com\\\/wp-content\\\/uploads\\\/2019\\\/06\\\/adf-rgdm.png\",\"datePublished\":\"2016-06-05T11:16:53+00:00\",\"dateModified\":\"2022-07-24T22:44:22+00:00\",\"breadcrumb\":{\"@id\":\"https:\\\/\\\/www.zivautomation.com\\\/es\\\/productos\\\/soluciones-de-automatizacion-de-distribucion\\\/adf_advanced-directional-ground-fault-detector\\\/#breadcrumb\"},\"inLanguage\":\"es\",\"potentialAction\":[{\"@type\":\"ReadAction\",\"target\":[\"https:\\\/\\\/www.zivautomation.com\\\/es\\\/productos\\\/soluciones-de-automatizacion-de-distribucion\\\/adf_advanced-directional-ground-fault-detector\\\/\"]}]},{\"@type\":\"ImageObject\",\"inLanguage\":\"es\",\"@id\":\"https:\\\/\\\/www.zivautomation.com\\\/es\\\/productos\\\/soluciones-de-automatizacion-de-distribucion\\\/adf_advanced-directional-ground-fault-detector\\\/#primaryimage\",\"url\":\"https:\\\/\\\/www.zivautomation.com\\\/wp-content\\\/uploads\\\/2019\\\/06\\\/adf-rgdm.png\",\"contentUrl\":\"https:\\\/\\\/www.zivautomation.com\\\/wp-content\\\/uploads\\\/2019\\\/06\\\/adf-rgdm.png\",\"width\":800,\"height\":400,\"caption\":\"ADF - RGDM MV GRID\"},{\"@type\":\"BreadcrumbList\",\"@id\":\"https:\\\/\\\/www.zivautomation.com\\\/es\\\/productos\\\/soluciones-de-automatizacion-de-distribucion\\\/adf_advanced-directional-ground-fault-detector\\\/#breadcrumb\",\"itemListElement\":[{\"@type\":\"ListItem\",\"position\":1,\"name\":\"Home\",\"item\":\"https:\\\/\\\/www.zivautomation.com\\\/es\\\/\"},{\"@type\":\"ListItem\",\"position\":2,\"name\":\"Soluciones ZIV\",\"item\":\"https:\\\/\\\/www.zivautomation.com\\\/es\\\/productos\\\/\"},{\"@type\":\"ListItem\",\"position\":3,\"name\":\"Soluciones para la Automatizaci\u00f3n de la Distribuci\u00f3n\",\"item\":\"https:\\\/\\\/www.zivautomation.com\\\/es\\\/productos\\\/soluciones-de-automatizacion-de-distribucion\\\/\"},{\"@type\":\"ListItem\",\"position\":4,\"name\":\"ADF &#8211; Detector de paso de falta direccional\"}]},{\"@type\":\"WebSite\",\"@id\":\"https:\\\/\\\/www.zivautomation.com\\\/es\\\/#website\",\"url\":\"https:\\\/\\\/www.zivautomation.com\\\/es\\\/\",\"name\":\"ZIV\",\"description\":\"Haciendo realidad la Red del Futuro\",\"publisher\":{\"@id\":\"https:\\\/\\\/www.zivautomation.com\\\/es\\\/#organization\"},\"potentialAction\":[{\"@type\":\"SearchAction\",\"target\":{\"@type\":\"EntryPoint\",\"urlTemplate\":\"https:\\\/\\\/www.zivautomation.com\\\/es\\\/?s={search_term_string}\"},\"query-input\":{\"@type\":\"PropertyValueSpecification\",\"valueRequired\":true,\"valueName\":\"search_term_string\"}}],\"inLanguage\":\"es\"},{\"@type\":\"Organization\",\"@id\":\"https:\\\/\\\/www.zivautomation.com\\\/es\\\/#organization\",\"name\":\"ZIV\",\"url\":\"https:\\\/\\\/www.zivautomation.com\\\/es\\\/\",\"logo\":{\"@type\":\"ImageObject\",\"inLanguage\":\"es\",\"@id\":\"https:\\\/\\\/www.zivautomation.com\\\/es\\\/#\\\/schema\\\/logo\\\/image\\\/\",\"url\":\"https:\\\/\\\/www.zivautomation.com\\\/wp-content\\\/uploads\\\/2016\\\/10\\\/ziv_solo_cmyk_hr.jpg\",\"contentUrl\":\"https:\\\/\\\/www.zivautomation.com\\\/wp-content\\\/uploads\\\/2016\\\/10\\\/ziv_solo_cmyk_hr.jpg\",\"width\":7078,\"height\":2234,\"caption\":\"ZIV\"},\"image\":{\"@id\":\"https:\\\/\\\/www.zivautomation.com\\\/es\\\/#\\\/schema\\\/logo\\\/image\\\/\"}}]}<\/script>\n<!-- \/ Yoast SEO plugin. -->","yoast_head_json":{"title":"ADF - Detector de paso de falta direccional - ZIV","robots":{"index":"index","follow":"follow","max-snippet":"max-snippet:-1","max-image-preview":"max-image-preview:large","max-video-preview":"max-video-preview:-1"},"canonical":"https:\/\/www.zivautomation.com\/es\/productos\/soluciones-de-automatizacion-de-distribucion\/adf_advanced-directional-ground-fault-detector\/","og_locale":"es_ES","og_type":"article","og_title":"ADF - Detector de paso de falta direccional - ZIV","og_description":"[vc_row][vc_column width=&#8221;1\/3&#8243;][vc_single_image image=&#8221;16518&#8243; img_size=&#8221;medium&#8221; img_link_large=&#8221;yes&#8221;][\/vc_column][vc_column width=&#8221;2\/3&#8243;][vc_column_text] Remota compacta con funciones\u00a0avanzadas de protecci\u00f3n, automatizaci\u00f3n,\u00a0monitorizaci\u00f3n y generaci\u00f3n distribuida Dise\u00f1ado para poder implementar soluciones de automatizaci\u00f3n en MT en celdas y reconectadores con diferentes m\u00e9todos de\u00a0puesta a tierra (redes conectadas a tierra, redes con\u00a0puesta a tierra aislada o compensada por medio de\u00a0una bobina de Petersen). Caracter\u00edsticas principales Protocolo IEC 61850 para compartir informaci\u00f3n [&hellip;]","og_url":"https:\/\/www.zivautomation.com\/es\/productos\/soluciones-de-automatizacion-de-distribucion\/adf_advanced-directional-ground-fault-detector\/","og_site_name":"ZIV","article_modified_time":"2022-07-24T22:44:22+00:00","og_image":[{"width":800,"height":400,"url":"https:\/\/www.zivautomation.com\/wp-content\/uploads\/2019\/06\/adf-rgdm.png","type":"image\/png"}],"twitter_card":"summary_large_image","twitter_misc":{"Tiempo de lectura":"1 minuto"},"schema":{"@context":"https:\/\/schema.org","@graph":[{"@type":"WebPage","@id":"https:\/\/www.zivautomation.com\/es\/productos\/soluciones-de-automatizacion-de-distribucion\/adf_advanced-directional-ground-fault-detector\/","url":"https:\/\/www.zivautomation.com\/es\/productos\/soluciones-de-automatizacion-de-distribucion\/adf_advanced-directional-ground-fault-detector\/","name":"ADF - Detector de paso de falta direccional - ZIV","isPartOf":{"@id":"https:\/\/www.zivautomation.com\/es\/#website"},"primaryImageOfPage":{"@id":"https:\/\/www.zivautomation.com\/es\/productos\/soluciones-de-automatizacion-de-distribucion\/adf_advanced-directional-ground-fault-detector\/#primaryimage"},"image":{"@id":"https:\/\/www.zivautomation.com\/es\/productos\/soluciones-de-automatizacion-de-distribucion\/adf_advanced-directional-ground-fault-detector\/#primaryimage"},"thumbnailUrl":"https:\/\/www.zivautomation.com\/wp-content\/uploads\/2019\/06\/adf-rgdm.png","datePublished":"2016-06-05T11:16:53+00:00","dateModified":"2022-07-24T22:44:22+00:00","breadcrumb":{"@id":"https:\/\/www.zivautomation.com\/es\/productos\/soluciones-de-automatizacion-de-distribucion\/adf_advanced-directional-ground-fault-detector\/#breadcrumb"},"inLanguage":"es","potentialAction":[{"@type":"ReadAction","target":["https:\/\/www.zivautomation.com\/es\/productos\/soluciones-de-automatizacion-de-distribucion\/adf_advanced-directional-ground-fault-detector\/"]}]},{"@type":"ImageObject","inLanguage":"es","@id":"https:\/\/www.zivautomation.com\/es\/productos\/soluciones-de-automatizacion-de-distribucion\/adf_advanced-directional-ground-fault-detector\/#primaryimage","url":"https:\/\/www.zivautomation.com\/wp-content\/uploads\/2019\/06\/adf-rgdm.png","contentUrl":"https:\/\/www.zivautomation.com\/wp-content\/uploads\/2019\/06\/adf-rgdm.png","width":800,"height":400,"caption":"ADF - RGDM MV GRID"},{"@type":"BreadcrumbList","@id":"https:\/\/www.zivautomation.com\/es\/productos\/soluciones-de-automatizacion-de-distribucion\/adf_advanced-directional-ground-fault-detector\/#breadcrumb","itemListElement":[{"@type":"ListItem","position":1,"name":"Home","item":"https:\/\/www.zivautomation.com\/es\/"},{"@type":"ListItem","position":2,"name":"Soluciones ZIV","item":"https:\/\/www.zivautomation.com\/es\/productos\/"},{"@type":"ListItem","position":3,"name":"Soluciones para la Automatizaci\u00f3n de la Distribuci\u00f3n","item":"https:\/\/www.zivautomation.com\/es\/productos\/soluciones-de-automatizacion-de-distribucion\/"},{"@type":"ListItem","position":4,"name":"ADF &#8211; Detector de paso de falta direccional"}]},{"@type":"WebSite","@id":"https:\/\/www.zivautomation.com\/es\/#website","url":"https:\/\/www.zivautomation.com\/es\/","name":"ZIV","description":"Haciendo realidad la Red del Futuro","publisher":{"@id":"https:\/\/www.zivautomation.com\/es\/#organization"},"potentialAction":[{"@type":"SearchAction","target":{"@type":"EntryPoint","urlTemplate":"https:\/\/www.zivautomation.com\/es\/?s={search_term_string}"},"query-input":{"@type":"PropertyValueSpecification","valueRequired":true,"valueName":"search_term_string"}}],"inLanguage":"es"},{"@type":"Organization","@id":"https:\/\/www.zivautomation.com\/es\/#organization","name":"ZIV","url":"https:\/\/www.zivautomation.com\/es\/","logo":{"@type":"ImageObject","inLanguage":"es","@id":"https:\/\/www.zivautomation.com\/es\/#\/schema\/logo\/image\/","url":"https:\/\/www.zivautomation.com\/wp-content\/uploads\/2016\/10\/ziv_solo_cmyk_hr.jpg","contentUrl":"https:\/\/www.zivautomation.com\/wp-content\/uploads\/2016\/10\/ziv_solo_cmyk_hr.jpg","width":7078,"height":2234,"caption":"ZIV"},"image":{"@id":"https:\/\/www.zivautomation.com\/es\/#\/schema\/logo\/image\/"}}]}},"_links":{"self":[{"href":"https:\/\/www.zivautomation.com\/es\/wp-json\/wp\/v2\/pages\/16521","targetHints":{"allow":["GET"]}}],"collection":[{"href":"https:\/\/www.zivautomation.com\/es\/wp-json\/wp\/v2\/pages"}],"about":[{"href":"https:\/\/www.zivautomation.com\/es\/wp-json\/wp\/v2\/types\/page"}],"author":[{"embeddable":true,"href":"https:\/\/www.zivautomation.com\/es\/wp-json\/wp\/v2\/users\/1"}],"replies":[{"embeddable":true,"href":"https:\/\/www.zivautomation.com\/es\/wp-json\/wp\/v2\/comments?post=16521"}],"version-history":[{"count":4,"href":"https:\/\/www.zivautomation.com\/es\/wp-json\/wp\/v2\/pages\/16521\/revisions"}],"predecessor-version":[{"id":85387,"href":"https:\/\/www.zivautomation.com\/es\/wp-json\/wp\/v2\/pages\/16521\/revisions\/85387"}],"up":[{"embeddable":true,"href":"https:\/\/www.zivautomation.com\/es\/wp-json\/wp\/v2\/pages\/84915"}],"wp:featuredmedia":[{"embeddable":true,"href":"https:\/\/www.zivautomation.com\/es\/wp-json\/wp\/v2\/media\/70932"}],"wp:attachment":[{"href":"https:\/\/www.zivautomation.com\/es\/wp-json\/wp\/v2\/media?parent=16521"}],"wp:term":[{"taxonomy":"category","embeddable":true,"href":"https:\/\/www.zivautomation.com\/es\/wp-json\/wp\/v2\/categories?post=16521"},{"taxonomy":"post_tag","embeddable":true,"href":"https:\/\/www.zivautomation.com\/es\/wp-json\/wp\/v2\/tags?post=16521"}],"curies":[{"name":"wp","href":"https:\/\/api.w.org\/{rel}","templated":true}]}}