{"id":16510,"date":"2016-06-05T13:06:28","date_gmt":"2016-06-05T11:06:28","guid":{"rendered":"https:\/\/www.zivautomation.com\/es\/productos\/monitorizacion-y-control\/advance-network-manager\/"},"modified":"2022-07-25T00:56:58","modified_gmt":"2022-07-24T22:56:58","slug":"advance-network-manager","status":"publish","type":"page","link":"https:\/\/www.zivautomation.com\/es\/digitalizando-la-red-de-distribucion-2\/advance-network-manager\/","title":{"rendered":"ANM &#8211; Sistema de Gesti\u00f3n de Demanda Activa"},"content":{"rendered":"<div class=\"wpb-content-wrapper\"><p>[vc_row][vc_column width=&#8221;1\/3&#8243;][vc_single_image border_color=&#8221;grey&#8221; img_link_large=&#8221;yes&#8221; img_link_target=&#8221;_self&#8221; css_animation=&#8221;right-to-left&#8221; img_size=&#8221;medium&#8221; image=&#8221;16506&#8243;][\/vc_column][vc_column width=&#8221;2\/3&#8243;][vc_column_text css_animation=&#8221;right-to-left&#8221;]<\/p>\n<h2>Monitoriza el estado de la red y gestiona las restricciones de la red en tiempo real.<\/h2>\n<p>El control de dispositivos activos tales como transformadores de distribuci\u00f3n con regulaci\u00f3n en carga, reguladores de tensi\u00f3n, bancos de condensadores y sistemas de control de generaci\u00f3n permite:<\/p>\n<ol>\n<li>el an\u00e1lisis de restricciones (constraints),<\/li>\n<li>la optimizaci\u00f3n de tensiones,<\/li>\n<li>el control del factor de potencia,<\/li>\n<li>el seguimiento del nivel de las faltas, la conmutaci\u00f3n posterior a las faltas, as\u00ed como otras funciones de gesti\u00f3n del sistema.<\/li>\n<\/ol>\n<p><strong>Controlador ANC<\/strong><\/p>\n<ul>\n<li>El controlador ANC se instala en el punto de conexi\u00f3n a la red, de forma que pueda monitorizar el par\u00e1metro o nivel deseado. Si el nivel de tensi\u00f3n se eleva en exceso, el controlador restringe la producci\u00f3n hasta que la tensi\u00f3n de red se encuentre dentro de los niveles aceptables. El n\u00famero de restricciones es seleccionable. El sistema puede operar en modo totalmente autom\u00e1tico o por telecontrol.<\/li>\n<\/ul>\n<p><strong>Interfaces de Comunicaciones<\/strong><\/p>\n<ul>\n<li>El controlador ANC implementa los protocolos IEC-870-5-101, IEC870-5-104 y DNP3 lo que permite su integraci\u00f3n en sistemas SCADA, desde donde puede ser completamente gestionado. Las funciones de automatizaci\u00f3n pueden as\u00ed habilitarse y deshabilitarse de forma remota desde el sistema SCADA y, seg\u00fan se requiera, el operador SCADA puede aplicar conexiones y desconexiones (constraints) selectivas. Bajo demanda, pueden implementarse otros protocolos para la integraci\u00f3n en sistemas SCADA. El controlador ANC permite comunicarse con Remotas de subestaci\u00f3n existentes a trav\u00e9s de una gran variedad de protocolos industriales.<\/li>\n<\/ul>\n<p><strong>Interfaz de conexi\u00f3n con Parque E\u00f3lico<\/strong><\/p>\n<ul>\n<li>El controlador ANC puede conectarse con el controlador de un parque e\u00f3lico de varias formas. La conexi\u00f3n a trav\u00e9s de los contactos de rel\u00e9 se adopta para niveles de restricci\u00f3n (constraints), y cuando se requiere mayor flexibilidad y control se utiliza una se\u00f1al de control de 4-20 mA.<\/li>\n<\/ul>\n<p><strong>Interfaz de Operador integrada<\/strong><\/p>\n<ul>\n<li>La interfaz de operador integrada tiene la capacidad de controlar los esquemas de restricci\u00f3n (constraints) de forma local, con selecci\u00f3n del modo.<\/li>\n<\/ul>\n<p><strong>Monitorizaci\u00f3n de la Calidad de la red<\/strong><\/p>\n<ul>\n<li>El controlador ANC implementa capacidades de monitorizaci\u00f3n avanzadas que le permiten monitorizar con gran precisi\u00f3n las tensiones de la red en el punto de conexi\u00f3n, as\u00ed como el flujo de potencia, la frecuencia del sistema y la frecuencia fase a fase.<\/li>\n<\/ul>\n<p><strong>Relacionado<\/strong><\/p>\n<ul>\n<li><a href=\"\/?page_id=6431\">Distribution Automation<\/a><\/li>\n<\/ul>\n<p>[\/vc_column_text]<p><strong>Documentaci\u00f3n<\/strong><\/p><ul>\r\n \t<li>Hoja de Producto:\u00a0\u00a0<a href=\"https:\/\/www.zivautomation.com\/wp-content\/uploads\/2018\/11\/f0anma1810ev00.pdf\" target=\"_blank\" rel=\"noopener\">F0ANMA1810Ev00<\/a><\/li>\r\n<\/ul>[\/vc_column][\/vc_row]<\/p>\n<\/div>","protected":false},"excerpt":{"rendered":"<p> Monitoriza el estado de la red y gestiona las restricciones de la red en tiempo real. El control de dispositivos activos tales como transformadores de distribuci\u00f3n con regulaci\u00f3n en carga, reguladores de tensi\u00f3n, bancos de condensadores y sistemas de control de generaci\u00f3n permite: el an\u00e1lisis de restricciones (constraints), la optimizaci\u00f3n [&hellip;]<\/p>\n","protected":false},"author":1,"featured_media":70347,"parent":31978,"menu_order":143,"comment_status":"closed","ping_status":"closed","template":"","meta":{"_acf_changed":false,"footnotes":""},"categories":[279,425,383,424],"tags":[],"class_list":["post-16510","page","type-page","status-publish","has-post-thumbnail","hentry","category-rtus-y-equipos-de-supervision-de-bt-cat","category-generacion-cat","category-sistemas-cat","category-integracion-de-renovables-cat"],"acf":[],"yoast_head":"<!-- This site is optimized with the Yoast SEO plugin v27.5 - https:\/\/yoast.com\/product\/yoast-seo-wordpress\/ -->\n<title>ANM - Sistema de Gesti\u00f3n de Demanda Activa - ZIV<\/title>\n<meta name=\"robots\" content=\"index, follow, max-snippet:-1, max-image-preview:large, max-video-preview:-1\" \/>\n<link rel=\"canonical\" href=\"https:\/\/www.zivautomation.com\/es\/digitalizando-la-red-de-distribucion-2\/advance-network-manager\/\" \/>\n<meta property=\"og:locale\" content=\"es_ES\" \/>\n<meta property=\"og:type\" content=\"article\" \/>\n<meta property=\"og:title\" content=\"ANM - Sistema de Gesti\u00f3n de Demanda Activa - ZIV\" \/>\n<meta property=\"og:description\" content=\"[vc_row][vc_column width=&#8221;1\/3&#8243;][vc_single_image border_color=&#8221;grey&#8221; img_link_large=&#8221;yes&#8221; img_link_target=&#8221;_self&#8221; css_animation=&#8221;right-to-left&#8221; img_size=&#8221;medium&#8221; image=&#8221;16506&#8243;][\/vc_column][vc_column width=&#8221;2\/3&#8243;][vc_column_text css_animation=&#8221;right-to-left&#8221;] Monitoriza el estado de la red y gestiona las restricciones de la red en tiempo real. El control de dispositivos activos tales como transformadores de distribuci\u00f3n con regulaci\u00f3n en carga, reguladores de tensi\u00f3n, bancos de condensadores y sistemas de control de generaci\u00f3n permite: el an\u00e1lisis de restricciones (constraints), la optimizaci\u00f3n [&hellip;]\" \/>\n<meta property=\"og:url\" content=\"https:\/\/www.zivautomation.com\/es\/digitalizando-la-red-de-distribucion-2\/advance-network-manager\/\" \/>\n<meta property=\"og:site_name\" content=\"ZIV\" \/>\n<meta property=\"article:modified_time\" content=\"2022-07-24T22:56:58+00:00\" \/>\n<meta property=\"og:image\" content=\"https:\/\/www.zivautomation.com\/wp-content\/uploads\/2019\/06\/active-network-management.png\" \/>\n\t<meta property=\"og:image:width\" content=\"800\" \/>\n\t<meta property=\"og:image:height\" content=\"400\" \/>\n\t<meta property=\"og:image:type\" content=\"image\/png\" \/>\n<meta name=\"twitter:card\" content=\"summary_large_image\" \/>\n<meta name=\"twitter:label1\" content=\"Tiempo de lectura\" \/>\n\t<meta name=\"twitter:data1\" content=\"2 minutos\" \/>\n<script type=\"application\/ld+json\" class=\"yoast-schema-graph\">{\"@context\":\"https:\\\/\\\/schema.org\",\"@graph\":[{\"@type\":\"WebPage\",\"@id\":\"https:\\\/\\\/www.zivautomation.com\\\/es\\\/digitalizando-la-red-de-distribucion-2\\\/advance-network-manager\\\/\",\"url\":\"https:\\\/\\\/www.zivautomation.com\\\/es\\\/digitalizando-la-red-de-distribucion-2\\\/advance-network-manager\\\/\",\"name\":\"ANM - Sistema de Gesti\u00f3n de Demanda Activa - ZIV\",\"isPartOf\":{\"@id\":\"https:\\\/\\\/www.zivautomation.com\\\/es\\\/#website\"},\"primaryImageOfPage\":{\"@id\":\"https:\\\/\\\/www.zivautomation.com\\\/es\\\/digitalizando-la-red-de-distribucion-2\\\/advance-network-manager\\\/#primaryimage\"},\"image\":{\"@id\":\"https:\\\/\\\/www.zivautomation.com\\\/es\\\/digitalizando-la-red-de-distribucion-2\\\/advance-network-manager\\\/#primaryimage\"},\"thumbnailUrl\":\"https:\\\/\\\/www.zivautomation.com\\\/wp-content\\\/uploads\\\/2019\\\/06\\\/active-network-management.png\",\"datePublished\":\"2016-06-05T11:06:28+00:00\",\"dateModified\":\"2022-07-24T22:56:58+00:00\",\"breadcrumb\":{\"@id\":\"https:\\\/\\\/www.zivautomation.com\\\/es\\\/digitalizando-la-red-de-distribucion-2\\\/advance-network-manager\\\/#breadcrumb\"},\"inLanguage\":\"es\",\"potentialAction\":[{\"@type\":\"ReadAction\",\"target\":[\"https:\\\/\\\/www.zivautomation.com\\\/es\\\/digitalizando-la-red-de-distribucion-2\\\/advance-network-manager\\\/\"]}]},{\"@type\":\"ImageObject\",\"inLanguage\":\"es\",\"@id\":\"https:\\\/\\\/www.zivautomation.com\\\/es\\\/digitalizando-la-red-de-distribucion-2\\\/advance-network-manager\\\/#primaryimage\",\"url\":\"https:\\\/\\\/www.zivautomation.com\\\/wp-content\\\/uploads\\\/2019\\\/06\\\/active-network-management.png\",\"contentUrl\":\"https:\\\/\\\/www.zivautomation.com\\\/wp-content\\\/uploads\\\/2019\\\/06\\\/active-network-management.png\",\"width\":800,\"height\":400,\"caption\":\"active network management - renewables integration\"},{\"@type\":\"BreadcrumbList\",\"@id\":\"https:\\\/\\\/www.zivautomation.com\\\/es\\\/digitalizando-la-red-de-distribucion-2\\\/advance-network-manager\\\/#breadcrumb\",\"itemListElement\":[{\"@type\":\"ListItem\",\"position\":1,\"name\":\"Home\",\"item\":\"https:\\\/\\\/www.zivautomation.com\\\/es\\\/\"},{\"@type\":\"ListItem\",\"position\":2,\"name\":\"Sistemas de Automatizaci\u00f3n de MT y BT\",\"item\":\"https:\\\/\\\/www.zivautomation.com\\\/es\\\/distribution-automation-solutions\\\/\"},{\"@type\":\"ListItem\",\"position\":3,\"name\":\"ANM &#8211; Sistema de Gesti\u00f3n de Demanda Activa\"}]},{\"@type\":\"WebSite\",\"@id\":\"https:\\\/\\\/www.zivautomation.com\\\/es\\\/#website\",\"url\":\"https:\\\/\\\/www.zivautomation.com\\\/es\\\/\",\"name\":\"ZIV\",\"description\":\"Haciendo realidad la Red del Futuro\",\"publisher\":{\"@id\":\"https:\\\/\\\/www.zivautomation.com\\\/es\\\/#organization\"},\"potentialAction\":[{\"@type\":\"SearchAction\",\"target\":{\"@type\":\"EntryPoint\",\"urlTemplate\":\"https:\\\/\\\/www.zivautomation.com\\\/es\\\/?s={search_term_string}\"},\"query-input\":{\"@type\":\"PropertyValueSpecification\",\"valueRequired\":true,\"valueName\":\"search_term_string\"}}],\"inLanguage\":\"es\"},{\"@type\":\"Organization\",\"@id\":\"https:\\\/\\\/www.zivautomation.com\\\/es\\\/#organization\",\"name\":\"ZIV\",\"url\":\"https:\\\/\\\/www.zivautomation.com\\\/es\\\/\",\"logo\":{\"@type\":\"ImageObject\",\"inLanguage\":\"es\",\"@id\":\"https:\\\/\\\/www.zivautomation.com\\\/es\\\/#\\\/schema\\\/logo\\\/image\\\/\",\"url\":\"https:\\\/\\\/www.zivautomation.com\\\/wp-content\\\/uploads\\\/2016\\\/10\\\/ziv_solo_cmyk_hr.jpg\",\"contentUrl\":\"https:\\\/\\\/www.zivautomation.com\\\/wp-content\\\/uploads\\\/2016\\\/10\\\/ziv_solo_cmyk_hr.jpg\",\"width\":7078,\"height\":2234,\"caption\":\"ZIV\"},\"image\":{\"@id\":\"https:\\\/\\\/www.zivautomation.com\\\/es\\\/#\\\/schema\\\/logo\\\/image\\\/\"}}]}<\/script>\n<!-- \/ Yoast SEO plugin. -->","yoast_head_json":{"title":"ANM - Sistema de Gesti\u00f3n de Demanda Activa - ZIV","robots":{"index":"index","follow":"follow","max-snippet":"max-snippet:-1","max-image-preview":"max-image-preview:large","max-video-preview":"max-video-preview:-1"},"canonical":"https:\/\/www.zivautomation.com\/es\/digitalizando-la-red-de-distribucion-2\/advance-network-manager\/","og_locale":"es_ES","og_type":"article","og_title":"ANM - Sistema de Gesti\u00f3n de Demanda Activa - ZIV","og_description":"[vc_row][vc_column width=&#8221;1\/3&#8243;][vc_single_image border_color=&#8221;grey&#8221; img_link_large=&#8221;yes&#8221; img_link_target=&#8221;_self&#8221; css_animation=&#8221;right-to-left&#8221; img_size=&#8221;medium&#8221; image=&#8221;16506&#8243;][\/vc_column][vc_column width=&#8221;2\/3&#8243;][vc_column_text css_animation=&#8221;right-to-left&#8221;] Monitoriza el estado de la red y gestiona las restricciones de la red en tiempo real. El control de dispositivos activos tales como transformadores de distribuci\u00f3n con regulaci\u00f3n en carga, reguladores de tensi\u00f3n, bancos de condensadores y sistemas de control de generaci\u00f3n permite: el an\u00e1lisis de restricciones (constraints), la optimizaci\u00f3n [&hellip;]","og_url":"https:\/\/www.zivautomation.com\/es\/digitalizando-la-red-de-distribucion-2\/advance-network-manager\/","og_site_name":"ZIV","article_modified_time":"2022-07-24T22:56:58+00:00","og_image":[{"width":800,"height":400,"url":"https:\/\/www.zivautomation.com\/wp-content\/uploads\/2019\/06\/active-network-management.png","type":"image\/png"}],"twitter_card":"summary_large_image","twitter_misc":{"Tiempo de lectura":"2 minutos"},"schema":{"@context":"https:\/\/schema.org","@graph":[{"@type":"WebPage","@id":"https:\/\/www.zivautomation.com\/es\/digitalizando-la-red-de-distribucion-2\/advance-network-manager\/","url":"https:\/\/www.zivautomation.com\/es\/digitalizando-la-red-de-distribucion-2\/advance-network-manager\/","name":"ANM - Sistema de Gesti\u00f3n de Demanda Activa - ZIV","isPartOf":{"@id":"https:\/\/www.zivautomation.com\/es\/#website"},"primaryImageOfPage":{"@id":"https:\/\/www.zivautomation.com\/es\/digitalizando-la-red-de-distribucion-2\/advance-network-manager\/#primaryimage"},"image":{"@id":"https:\/\/www.zivautomation.com\/es\/digitalizando-la-red-de-distribucion-2\/advance-network-manager\/#primaryimage"},"thumbnailUrl":"https:\/\/www.zivautomation.com\/wp-content\/uploads\/2019\/06\/active-network-management.png","datePublished":"2016-06-05T11:06:28+00:00","dateModified":"2022-07-24T22:56:58+00:00","breadcrumb":{"@id":"https:\/\/www.zivautomation.com\/es\/digitalizando-la-red-de-distribucion-2\/advance-network-manager\/#breadcrumb"},"inLanguage":"es","potentialAction":[{"@type":"ReadAction","target":["https:\/\/www.zivautomation.com\/es\/digitalizando-la-red-de-distribucion-2\/advance-network-manager\/"]}]},{"@type":"ImageObject","inLanguage":"es","@id":"https:\/\/www.zivautomation.com\/es\/digitalizando-la-red-de-distribucion-2\/advance-network-manager\/#primaryimage","url":"https:\/\/www.zivautomation.com\/wp-content\/uploads\/2019\/06\/active-network-management.png","contentUrl":"https:\/\/www.zivautomation.com\/wp-content\/uploads\/2019\/06\/active-network-management.png","width":800,"height":400,"caption":"active network management - renewables integration"},{"@type":"BreadcrumbList","@id":"https:\/\/www.zivautomation.com\/es\/digitalizando-la-red-de-distribucion-2\/advance-network-manager\/#breadcrumb","itemListElement":[{"@type":"ListItem","position":1,"name":"Home","item":"https:\/\/www.zivautomation.com\/es\/"},{"@type":"ListItem","position":2,"name":"Sistemas de Automatizaci\u00f3n de MT y BT","item":"https:\/\/www.zivautomation.com\/es\/distribution-automation-solutions\/"},{"@type":"ListItem","position":3,"name":"ANM &#8211; Sistema de Gesti\u00f3n de Demanda Activa"}]},{"@type":"WebSite","@id":"https:\/\/www.zivautomation.com\/es\/#website","url":"https:\/\/www.zivautomation.com\/es\/","name":"ZIV","description":"Haciendo realidad la Red del Futuro","publisher":{"@id":"https:\/\/www.zivautomation.com\/es\/#organization"},"potentialAction":[{"@type":"SearchAction","target":{"@type":"EntryPoint","urlTemplate":"https:\/\/www.zivautomation.com\/es\/?s={search_term_string}"},"query-input":{"@type":"PropertyValueSpecification","valueRequired":true,"valueName":"search_term_string"}}],"inLanguage":"es"},{"@type":"Organization","@id":"https:\/\/www.zivautomation.com\/es\/#organization","name":"ZIV","url":"https:\/\/www.zivautomation.com\/es\/","logo":{"@type":"ImageObject","inLanguage":"es","@id":"https:\/\/www.zivautomation.com\/es\/#\/schema\/logo\/image\/","url":"https:\/\/www.zivautomation.com\/wp-content\/uploads\/2016\/10\/ziv_solo_cmyk_hr.jpg","contentUrl":"https:\/\/www.zivautomation.com\/wp-content\/uploads\/2016\/10\/ziv_solo_cmyk_hr.jpg","width":7078,"height":2234,"caption":"ZIV"},"image":{"@id":"https:\/\/www.zivautomation.com\/es\/#\/schema\/logo\/image\/"}}]}},"_links":{"self":[{"href":"https:\/\/www.zivautomation.com\/es\/wp-json\/wp\/v2\/pages\/16510","targetHints":{"allow":["GET"]}}],"collection":[{"href":"https:\/\/www.zivautomation.com\/es\/wp-json\/wp\/v2\/pages"}],"about":[{"href":"https:\/\/www.zivautomation.com\/es\/wp-json\/wp\/v2\/types\/page"}],"author":[{"embeddable":true,"href":"https:\/\/www.zivautomation.com\/es\/wp-json\/wp\/v2\/users\/1"}],"replies":[{"embeddable":true,"href":"https:\/\/www.zivautomation.com\/es\/wp-json\/wp\/v2\/comments?post=16510"}],"version-history":[{"count":16,"href":"https:\/\/www.zivautomation.com\/es\/wp-json\/wp\/v2\/pages\/16510\/revisions"}],"predecessor-version":[{"id":85397,"href":"https:\/\/www.zivautomation.com\/es\/wp-json\/wp\/v2\/pages\/16510\/revisions\/85397"}],"up":[{"embeddable":true,"href":"https:\/\/www.zivautomation.com\/es\/wp-json\/wp\/v2\/pages\/31978"}],"wp:featuredmedia":[{"embeddable":true,"href":"https:\/\/www.zivautomation.com\/es\/wp-json\/wp\/v2\/media\/70347"}],"wp:attachment":[{"href":"https:\/\/www.zivautomation.com\/es\/wp-json\/wp\/v2\/media?parent=16510"}],"wp:term":[{"taxonomy":"category","embeddable":true,"href":"https:\/\/www.zivautomation.com\/es\/wp-json\/wp\/v2\/categories?post=16510"},{"taxonomy":"post_tag","embeddable":true,"href":"https:\/\/www.zivautomation.com\/es\/wp-json\/wp\/v2\/tags?post=16510"}],"curies":[{"name":"wp","href":"https:\/\/api.w.org\/{rel}","templated":true}]}}