{"id":16488,"date":"2016-06-05T12:03:24","date_gmt":"2016-06-05T10:03:24","guid":{"rendered":"https:\/\/www.zivautomation.com\/es\/productos\/monitorizacion-y-control\/oscillo-recorder\/"},"modified":"2022-07-24T22:55:04","modified_gmt":"2022-07-24T20:55:04","slug":"registrador-oscilografico-prn","status":"publish","type":"page","link":"https:\/\/www.zivautomation.com\/es\/productos\/sistemas-de-automatizacion-de-subestacion\/registrador-oscilografico-prn\/","title":{"rendered":"8PRN &#8211; Registrador Oscilogr\u00e1fico"},"content":{"rendered":"<div class=\"wpb-content-wrapper\"><p>[vc_row][vc_column width=&#8221;1\/3&#8243;][vc_single_image border_color=&#8221;grey&#8221; img_link_large=&#8221;yes&#8221; img_link_target=&#8221;_self&#8221; css_animation=&#8221;right-to-left&#8221; img_size=&#8221;medium&#8221; image=&#8221;16473&#8243;][\/vc_column][vc_column width=&#8221;2\/3&#8243;][vc_column_text css_animation=&#8221;right-to-left&#8221;]<\/p>\n<h2><span id=\"result_box\" class=\"\" lang=\"es\"><span class=\"\">Una soluci\u00f3n compacta que ofrece hasta 384 muestras por ciclo con acceso a Ethernet<\/span><\/span><\/h2>\n<p>Los registradores 8PRN cubren aquellas aplicaciones de oscilograf\u00eda que requieren muy altas prestaciones tanto en la captura de se\u00f1ales como en el almacenamiento de la informaci\u00f3n captada y para las que las funciones de registro contenidas en las protecciones digitales no alcanzan las caracter\u00edsticas necesarias. Ejemplo t\u00edpico son las necesidades de registro que se presentan en las centrales de generaci\u00f3n donde la din\u00e1mica de los fen\u00f3menos a analizar presenta un espectro de frecuencias para cuya representaci\u00f3n fiel son necesarias velocidades de muestreo de varios cientos de muestras por ciclo.<\/p>\n<p><strong>Caracter\u00edsticas<\/strong><\/p>\n<ul>\n<li>Registrador Oscilogr\u00e1fico<\/li>\n<li>Registrador Oscilogr\u00e1fico + Localizador de faltas<\/li>\n<li>Inicio de registros por:\n<ul>\n<li>Canales anal\u00f3gicos (umbral, gradiente, contenido arm\u00f3nico).<\/li>\n<li>Frecuencia calculada (umbral, gradiente).<\/li>\n<li>Secuencia directa calculada (umbral, gradiente).<\/li>\n<li>Secuencia inversa calculada (umbral, gradiente).<\/li>\n<li>Secuencia homopolar (umbral).<\/li>\n<li>Canales digitales (activaci\u00f3n flancos de subida \/ bajada).<\/li>\n<li>Otros: arranque externo, teclado, comunicaciones.<\/li>\n<\/ul>\n<\/li>\n<li>Frecuencia de muestreo (seleccionable de 16 a 384 muestras\/ciclo).<\/li>\n<li>Precisi\u00f3n de la medida: inferior a 0,1%.<\/li>\n<li>Entradas anal\u00f3gicas: 8 y 16 EA.<\/li>\n<li>Entradas digitales: 16 y 32 ED.<\/li>\n<li>Salidas digitales: 8SD.<\/li>\n<li>Conexi\u00f3n a dispositivo extra\u00edble de almacenamiento de registros.<\/li>\n<li>Control y monitorizaci\u00f3n: display alfanum\u00e9rico y teclado.<\/li>\n<li>Puertos de comunicaciones (local):\n<ul>\n<li>Un (1) puerto RS232<\/li>\n<li>Un (1) puerto USB (conexi\u00f3n a disco extra\u00edble).<\/li>\n<\/ul>\n<\/li>\n<li>Puertos de comunicaciones (remoto 1):\n<ul>\n<li>Un (1) puerto RS232 (Full M\u00f3dem).<\/li>\n<li>Un (1) puerto F.O.<\/li>\n<\/ul>\n<\/li>\n<li>Puertos de comunicaciones (remoto 2):\n<ul>\n<li>Un (1) puerto RS232.<\/li>\n<li>Un (1) puerto RS485.<\/li>\n<li>Un (1) puerto F.O.<\/li>\n<\/ul>\n<\/li>\n<li>Puertos de comunicaciones (remoto 3):\n<ul>\n<li>Un (1) Ethernet 10\/100 base T, RJ 45.<\/li>\n<li>Un (1) puerto USB (salida impresora).<\/li>\n<li>Un (1) puerto BNC (conexi\u00f3n IRIG-B).<\/li>\n<li>Un (1) puerto NMEA (entrada sincronismo).<\/li>\n<li>Un (1) puerto F.O, para sincronizaci\u00f3n de equipos (Cross Trigger).<\/li>\n<\/ul>\n<\/li>\n<li>Protocolos de comunicaciones: Procome 3.0.<\/li>\n<li>Se\u00f1alizadores \u00f3pticos.<\/li>\n<li>Sincronizaci\u00f3n horaria.<\/li>\n<li>Registro de sucesos e hist\u00f3ricos de medidas.<\/li>\n<li>Registro oscilogr\u00e1fico (Formato COMTRADE 99).<\/li>\n<li>Programa de comunicaciones ZiverComPlus.<\/li>\n<\/ul>\n<p><strong>Relacionado<\/strong><\/p>\n<ul>\n<li><a href=\"..\/..\">Substation Automation<\/a><\/li>\n<\/ul>\n<p>[\/vc_column_text]<p><strong>Documentaci\u00f3n<\/strong><\/p><ul>\r\n \t<li>Manual de Instrucciones: <a class=\"icon-lock\" data-id=\"16491\" href=\"https:\/\/www.zivautomation.com\/es\/access\/acceso\/\" target=\"_blank\" rel=\"noopener\">LPRN1007Av04<\/a><\/li>\r\n \t<li><span lang=\"ES-TRAD\">H<\/span><span lang=\"ES-TRAD\">oja de Producto: <a target=\"_blank\" href=\"https:\/\/www.zivautomation.com\/wp-content\/uploads\/2018\/04\/h8prn1803a.pdf\">H8PRN1803A<\/a><\/span><\/li>\r\n \t<li>Cat\u00e1logo de producto: <a href=\"https:\/\/www.zivautomation.com\/wp-content\/uploads\/2016\/06\/fprn403b.pdf\" target=\"_blank\" rel=\"noopener\">FPRN403B<\/a><\/li>\r\n<\/ul>[\/vc_column][\/vc_row]<\/p>\n<\/div>","protected":false},"excerpt":{"rendered":"<p> Una soluci\u00f3n compacta que ofrece hasta 384 muestras por ciclo con acceso a Ethernet Los registradores 8PRN cubren aquellas aplicaciones de oscilograf\u00eda que requieren muy altas prestaciones tanto en la captura de se\u00f1ales como en el almacenamiento de la informaci\u00f3n captada y para las que las funciones de registro contenidas [&hellip;]<\/p>\n","protected":false},"author":1,"featured_media":74515,"parent":84398,"menu_order":243,"comment_status":"closed","ping_status":"closed","template":"","meta":{"_acf_changed":false,"footnotes":""},"categories":[268,440,322,441,217],"tags":[],"class_list":["post-16488","page","type-page","status-publish","has-post-thumbnail","hentry","category-sistemas-de-automatizacion-de-subestacion-cat","category-subestacion-primaria-cat","category-registrador-de-oscilos-cat","category-transmision-cat","category-protecciones-cat"],"acf":[],"yoast_head":"<!-- This site is optimized with the Yoast SEO plugin v27.4 - https:\/\/yoast.com\/product\/yoast-seo-wordpress\/ -->\n<title>8PRN - Registrador Oscilogr\u00e1fico - ZIV<\/title>\n<meta name=\"description\" content=\"Registrador oscilografico ZIV, 384 muestras por ciclo con acceso a Ethernet\" \/>\n<meta name=\"robots\" content=\"index, follow, max-snippet:-1, max-image-preview:large, max-video-preview:-1\" \/>\n<link rel=\"canonical\" href=\"https:\/\/www.zivautomation.com\/es\/productos\/sistemas-de-automatizacion-de-subestacion\/registrador-oscilografico-prn\/\" \/>\n<meta property=\"og:locale\" content=\"es_ES\" \/>\n<meta property=\"og:type\" content=\"article\" \/>\n<meta property=\"og:title\" content=\"8PRN - Registrador Oscilogr\u00e1fico - ZIV\" \/>\n<meta property=\"og:description\" content=\"Registrador oscilografico ZIV, 384 muestras por ciclo con acceso a Ethernet\" \/>\n<meta property=\"og:url\" content=\"https:\/\/www.zivautomation.com\/es\/productos\/sistemas-de-automatizacion-de-subestacion\/registrador-oscilografico-prn\/\" \/>\n<meta property=\"og:site_name\" content=\"ZIV\" \/>\n<meta property=\"article:modified_time\" content=\"2022-07-24T20:55:04+00:00\" \/>\n<meta property=\"og:image\" content=\"https:\/\/www.zivautomation.com\/wp-content\/uploads\/2020\/04\/8prn-disturbance-recorder-registrador-de-oscilos-ziv-800x400-1.png\" \/>\n\t<meta property=\"og:image:width\" content=\"800\" \/>\n\t<meta property=\"og:image:height\" content=\"400\" \/>\n\t<meta property=\"og:image:type\" content=\"image\/png\" \/>\n<meta name=\"twitter:card\" content=\"summary_large_image\" \/>\n<meta name=\"twitter:label1\" content=\"Tiempo de lectura\" \/>\n\t<meta name=\"twitter:data1\" content=\"2 minutos\" \/>\n<script type=\"application\/ld+json\" class=\"yoast-schema-graph\">{\"@context\":\"https:\\\/\\\/schema.org\",\"@graph\":[{\"@type\":\"WebPage\",\"@id\":\"https:\\\/\\\/www.zivautomation.com\\\/es\\\/productos\\\/sistemas-de-automatizacion-de-subestacion\\\/registrador-oscilografico-prn\\\/\",\"url\":\"https:\\\/\\\/www.zivautomation.com\\\/es\\\/productos\\\/sistemas-de-automatizacion-de-subestacion\\\/registrador-oscilografico-prn\\\/\",\"name\":\"8PRN - Registrador Oscilogr\u00e1fico - ZIV\",\"isPartOf\":{\"@id\":\"https:\\\/\\\/www.zivautomation.com\\\/es\\\/#website\"},\"primaryImageOfPage\":{\"@id\":\"https:\\\/\\\/www.zivautomation.com\\\/es\\\/productos\\\/sistemas-de-automatizacion-de-subestacion\\\/registrador-oscilografico-prn\\\/#primaryimage\"},\"image\":{\"@id\":\"https:\\\/\\\/www.zivautomation.com\\\/es\\\/productos\\\/sistemas-de-automatizacion-de-subestacion\\\/registrador-oscilografico-prn\\\/#primaryimage\"},\"thumbnailUrl\":\"https:\\\/\\\/www.zivautomation.com\\\/wp-content\\\/uploads\\\/2020\\\/04\\\/8prn-disturbance-recorder-registrador-de-oscilos-ziv-800x400-1.png\",\"datePublished\":\"2016-06-05T10:03:24+00:00\",\"dateModified\":\"2022-07-24T20:55:04+00:00\",\"description\":\"Registrador oscilografico ZIV, 384 muestras por ciclo con acceso a Ethernet\",\"breadcrumb\":{\"@id\":\"https:\\\/\\\/www.zivautomation.com\\\/es\\\/productos\\\/sistemas-de-automatizacion-de-subestacion\\\/registrador-oscilografico-prn\\\/#breadcrumb\"},\"inLanguage\":\"es\",\"potentialAction\":[{\"@type\":\"ReadAction\",\"target\":[\"https:\\\/\\\/www.zivautomation.com\\\/es\\\/productos\\\/sistemas-de-automatizacion-de-subestacion\\\/registrador-oscilografico-prn\\\/\"]}]},{\"@type\":\"ImageObject\",\"inLanguage\":\"es\",\"@id\":\"https:\\\/\\\/www.zivautomation.com\\\/es\\\/productos\\\/sistemas-de-automatizacion-de-subestacion\\\/registrador-oscilografico-prn\\\/#primaryimage\",\"url\":\"https:\\\/\\\/www.zivautomation.com\\\/wp-content\\\/uploads\\\/2020\\\/04\\\/8prn-disturbance-recorder-registrador-de-oscilos-ziv-800x400-1.png\",\"contentUrl\":\"https:\\\/\\\/www.zivautomation.com\\\/wp-content\\\/uploads\\\/2020\\\/04\\\/8prn-disturbance-recorder-registrador-de-oscilos-ziv-800x400-1.png\",\"width\":800,\"height\":400,\"caption\":\"disturbance recorder - oscilos registrador ZIV\"},{\"@type\":\"BreadcrumbList\",\"@id\":\"https:\\\/\\\/www.zivautomation.com\\\/es\\\/productos\\\/sistemas-de-automatizacion-de-subestacion\\\/registrador-oscilografico-prn\\\/#breadcrumb\",\"itemListElement\":[{\"@type\":\"ListItem\",\"position\":1,\"name\":\"Home\",\"item\":\"https:\\\/\\\/www.zivautomation.com\\\/es\\\/\"},{\"@type\":\"ListItem\",\"position\":2,\"name\":\"Soluciones ZIV\",\"item\":\"https:\\\/\\\/www.zivautomation.com\\\/es\\\/productos\\\/\"},{\"@type\":\"ListItem\",\"position\":3,\"name\":\"Sistemas de Automatizaci\u00f3n de Subestaciones\",\"item\":\"https:\\\/\\\/www.zivautomation.com\\\/es\\\/productos\\\/sistemas-de-automatizacion-de-subestacion\\\/\"},{\"@type\":\"ListItem\",\"position\":4,\"name\":\"8PRN &#8211; Registrador Oscilogr\u00e1fico\"}]},{\"@type\":\"WebSite\",\"@id\":\"https:\\\/\\\/www.zivautomation.com\\\/es\\\/#website\",\"url\":\"https:\\\/\\\/www.zivautomation.com\\\/es\\\/\",\"name\":\"ZIV\",\"description\":\"Haciendo realidad la Red del Futuro\",\"publisher\":{\"@id\":\"https:\\\/\\\/www.zivautomation.com\\\/es\\\/#organization\"},\"potentialAction\":[{\"@type\":\"SearchAction\",\"target\":{\"@type\":\"EntryPoint\",\"urlTemplate\":\"https:\\\/\\\/www.zivautomation.com\\\/es\\\/?s={search_term_string}\"},\"query-input\":{\"@type\":\"PropertyValueSpecification\",\"valueRequired\":true,\"valueName\":\"search_term_string\"}}],\"inLanguage\":\"es\"},{\"@type\":\"Organization\",\"@id\":\"https:\\\/\\\/www.zivautomation.com\\\/es\\\/#organization\",\"name\":\"ZIV\",\"url\":\"https:\\\/\\\/www.zivautomation.com\\\/es\\\/\",\"logo\":{\"@type\":\"ImageObject\",\"inLanguage\":\"es\",\"@id\":\"https:\\\/\\\/www.zivautomation.com\\\/es\\\/#\\\/schema\\\/logo\\\/image\\\/\",\"url\":\"https:\\\/\\\/www.zivautomation.com\\\/wp-content\\\/uploads\\\/2016\\\/10\\\/ziv_solo_cmyk_hr.jpg\",\"contentUrl\":\"https:\\\/\\\/www.zivautomation.com\\\/wp-content\\\/uploads\\\/2016\\\/10\\\/ziv_solo_cmyk_hr.jpg\",\"width\":7078,\"height\":2234,\"caption\":\"ZIV\"},\"image\":{\"@id\":\"https:\\\/\\\/www.zivautomation.com\\\/es\\\/#\\\/schema\\\/logo\\\/image\\\/\"}}]}<\/script>\n<!-- \/ Yoast SEO plugin. -->","yoast_head_json":{"title":"8PRN - Registrador Oscilogr\u00e1fico - ZIV","description":"Registrador oscilografico ZIV, 384 muestras por ciclo con acceso a Ethernet","robots":{"index":"index","follow":"follow","max-snippet":"max-snippet:-1","max-image-preview":"max-image-preview:large","max-video-preview":"max-video-preview:-1"},"canonical":"https:\/\/www.zivautomation.com\/es\/productos\/sistemas-de-automatizacion-de-subestacion\/registrador-oscilografico-prn\/","og_locale":"es_ES","og_type":"article","og_title":"8PRN - Registrador Oscilogr\u00e1fico - ZIV","og_description":"Registrador oscilografico ZIV, 384 muestras por ciclo con acceso a Ethernet","og_url":"https:\/\/www.zivautomation.com\/es\/productos\/sistemas-de-automatizacion-de-subestacion\/registrador-oscilografico-prn\/","og_site_name":"ZIV","article_modified_time":"2022-07-24T20:55:04+00:00","og_image":[{"width":800,"height":400,"url":"https:\/\/www.zivautomation.com\/wp-content\/uploads\/2020\/04\/8prn-disturbance-recorder-registrador-de-oscilos-ziv-800x400-1.png","type":"image\/png"}],"twitter_card":"summary_large_image","twitter_misc":{"Tiempo de lectura":"2 minutos"},"schema":{"@context":"https:\/\/schema.org","@graph":[{"@type":"WebPage","@id":"https:\/\/www.zivautomation.com\/es\/productos\/sistemas-de-automatizacion-de-subestacion\/registrador-oscilografico-prn\/","url":"https:\/\/www.zivautomation.com\/es\/productos\/sistemas-de-automatizacion-de-subestacion\/registrador-oscilografico-prn\/","name":"8PRN - Registrador Oscilogr\u00e1fico - ZIV","isPartOf":{"@id":"https:\/\/www.zivautomation.com\/es\/#website"},"primaryImageOfPage":{"@id":"https:\/\/www.zivautomation.com\/es\/productos\/sistemas-de-automatizacion-de-subestacion\/registrador-oscilografico-prn\/#primaryimage"},"image":{"@id":"https:\/\/www.zivautomation.com\/es\/productos\/sistemas-de-automatizacion-de-subestacion\/registrador-oscilografico-prn\/#primaryimage"},"thumbnailUrl":"https:\/\/www.zivautomation.com\/wp-content\/uploads\/2020\/04\/8prn-disturbance-recorder-registrador-de-oscilos-ziv-800x400-1.png","datePublished":"2016-06-05T10:03:24+00:00","dateModified":"2022-07-24T20:55:04+00:00","description":"Registrador oscilografico ZIV, 384 muestras por ciclo con acceso a Ethernet","breadcrumb":{"@id":"https:\/\/www.zivautomation.com\/es\/productos\/sistemas-de-automatizacion-de-subestacion\/registrador-oscilografico-prn\/#breadcrumb"},"inLanguage":"es","potentialAction":[{"@type":"ReadAction","target":["https:\/\/www.zivautomation.com\/es\/productos\/sistemas-de-automatizacion-de-subestacion\/registrador-oscilografico-prn\/"]}]},{"@type":"ImageObject","inLanguage":"es","@id":"https:\/\/www.zivautomation.com\/es\/productos\/sistemas-de-automatizacion-de-subestacion\/registrador-oscilografico-prn\/#primaryimage","url":"https:\/\/www.zivautomation.com\/wp-content\/uploads\/2020\/04\/8prn-disturbance-recorder-registrador-de-oscilos-ziv-800x400-1.png","contentUrl":"https:\/\/www.zivautomation.com\/wp-content\/uploads\/2020\/04\/8prn-disturbance-recorder-registrador-de-oscilos-ziv-800x400-1.png","width":800,"height":400,"caption":"disturbance recorder - oscilos registrador ZIV"},{"@type":"BreadcrumbList","@id":"https:\/\/www.zivautomation.com\/es\/productos\/sistemas-de-automatizacion-de-subestacion\/registrador-oscilografico-prn\/#breadcrumb","itemListElement":[{"@type":"ListItem","position":1,"name":"Home","item":"https:\/\/www.zivautomation.com\/es\/"},{"@type":"ListItem","position":2,"name":"Soluciones ZIV","item":"https:\/\/www.zivautomation.com\/es\/productos\/"},{"@type":"ListItem","position":3,"name":"Sistemas de Automatizaci\u00f3n de Subestaciones","item":"https:\/\/www.zivautomation.com\/es\/productos\/sistemas-de-automatizacion-de-subestacion\/"},{"@type":"ListItem","position":4,"name":"8PRN &#8211; Registrador Oscilogr\u00e1fico"}]},{"@type":"WebSite","@id":"https:\/\/www.zivautomation.com\/es\/#website","url":"https:\/\/www.zivautomation.com\/es\/","name":"ZIV","description":"Haciendo realidad la Red del Futuro","publisher":{"@id":"https:\/\/www.zivautomation.com\/es\/#organization"},"potentialAction":[{"@type":"SearchAction","target":{"@type":"EntryPoint","urlTemplate":"https:\/\/www.zivautomation.com\/es\/?s={search_term_string}"},"query-input":{"@type":"PropertyValueSpecification","valueRequired":true,"valueName":"search_term_string"}}],"inLanguage":"es"},{"@type":"Organization","@id":"https:\/\/www.zivautomation.com\/es\/#organization","name":"ZIV","url":"https:\/\/www.zivautomation.com\/es\/","logo":{"@type":"ImageObject","inLanguage":"es","@id":"https:\/\/www.zivautomation.com\/es\/#\/schema\/logo\/image\/","url":"https:\/\/www.zivautomation.com\/wp-content\/uploads\/2016\/10\/ziv_solo_cmyk_hr.jpg","contentUrl":"https:\/\/www.zivautomation.com\/wp-content\/uploads\/2016\/10\/ziv_solo_cmyk_hr.jpg","width":7078,"height":2234,"caption":"ZIV"},"image":{"@id":"https:\/\/www.zivautomation.com\/es\/#\/schema\/logo\/image\/"}}]}},"_links":{"self":[{"href":"https:\/\/www.zivautomation.com\/es\/wp-json\/wp\/v2\/pages\/16488","targetHints":{"allow":["GET"]}}],"collection":[{"href":"https:\/\/www.zivautomation.com\/es\/wp-json\/wp\/v2\/pages"}],"about":[{"href":"https:\/\/www.zivautomation.com\/es\/wp-json\/wp\/v2\/types\/page"}],"author":[{"embeddable":true,"href":"https:\/\/www.zivautomation.com\/es\/wp-json\/wp\/v2\/users\/1"}],"replies":[{"embeddable":true,"href":"https:\/\/www.zivautomation.com\/es\/wp-json\/wp\/v2\/comments?post=16488"}],"version-history":[{"count":3,"href":"https:\/\/www.zivautomation.com\/es\/wp-json\/wp\/v2\/pages\/16488\/revisions"}],"predecessor-version":[{"id":85338,"href":"https:\/\/www.zivautomation.com\/es\/wp-json\/wp\/v2\/pages\/16488\/revisions\/85338"}],"up":[{"embeddable":true,"href":"https:\/\/www.zivautomation.com\/es\/wp-json\/wp\/v2\/pages\/84398"}],"wp:featuredmedia":[{"embeddable":true,"href":"https:\/\/www.zivautomation.com\/es\/wp-json\/wp\/v2\/media\/74515"}],"wp:attachment":[{"href":"https:\/\/www.zivautomation.com\/es\/wp-json\/wp\/v2\/media?parent=16488"}],"wp:term":[{"taxonomy":"category","embeddable":true,"href":"https:\/\/www.zivautomation.com\/es\/wp-json\/wp\/v2\/categories?post=16488"},{"taxonomy":"post_tag","embeddable":true,"href":"https:\/\/www.zivautomation.com\/es\/wp-json\/wp\/v2\/tags?post=16488"}],"curies":[{"name":"wp","href":"https:\/\/api.w.org\/{rel}","templated":true}]}}