{"id":161464,"date":"2025-11-25T11:52:19","date_gmt":"2025-11-25T10:52:19","guid":{"rendered":"https:\/\/www.zivautomation.com\/?page_id=161464"},"modified":"2026-03-17T11:24:16","modified_gmt":"2026-03-17T10:24:16","slug":"area-partners","status":"publish","type":"page","link":"https:\/\/www.zivautomation.com\/es\/partner\/area-partners\/","title":{"rendered":"\u00c1rea Partners"},"content":{"rendered":"<div class=\"wpb-content-wrapper\"><p>[vc_row min_height=&#8221;&#8221; padding_top=&#8221;&#8221; padding_bottom=&#8221;&#8221; fixed_height=&#8221;&#8221; el_class=&#8221;products-home-search&#8221;][vc_column]<div  class=\"kleo-gap\" style=\"height:30px;line-height:30px;\"><\/div>[vc_column_text css=&#8221;&#8221;]<\/p>\n<h1>Bienvenido al \u00c1rea Partners<\/h1>\n<p>[\/vc_column_text]<div  class=\"kleo-gap\" style=\"height:10px;line-height:10px;\"><\/div>[\/vc_column][\/vc_row][vc_row][vc_column]<div  class=\"kleo-gap\" style=\"height:50px;line-height:50px;\"><\/div>[\/vc_column][\/vc_row][vc_row][vc_column width=&#8221;1\/2&#8243;][vc_column_text css=&#8221;&#8221;]<\/p>\n<h3>Un espacio dedicado a la formaci\u00f3n y al intercambio de conocimientos.<\/h3>\n<p>En esta p\u00e1gina encontrar\u00e1s v\u00eddeos formativos sobre los equipos y sistemas de ZIV, as\u00ed como documentaci\u00f3n t\u00e9cnica y presentaciones relacionadas en la secci\u00f3n <a href=\"https:\/\/www.zivautomation.com\/es\/biblioteca\/\">Biblioteca<\/a>.<\/p>\n<p>Esperamos que te resulte \u00fatil. Puedes ponerte en <a href=\"https:\/\/www.zivautomation.com\/es\/contacto\/\">contacto<\/a> con nosotros a trav\u00e9s del formulario de contacto con tus sugerencias de mejora.<\/p>\n<p>Muchas gracias.[\/vc_column_text][\/vc_column][vc_column width=&#8221;1\/6&#8243;][vc_btn title=&#8221;BIBLIOTECA&#8221; align=&#8221;right&#8221; css=&#8221;&#8221; link=&#8221;url:https%3A%2F%2Fwww.zivautomation.com%2Fes%2Fbiblioteca%2F&#8221;]<div  class=\"kleo-gap\" style=\"height:15px;line-height:15px;\"><\/div><div  class=\"kleo-gap\" style=\"height:15px;line-height:15px;\"><\/div>[\/vc_column][vc_column width=&#8221;1\/6&#8243;][vc_btn title=&#8221;CONFIGURATION TOOL&#8221; align=&#8221;right&#8221; css=&#8221;&#8221; link=&#8221;url:https%3A%2F%2Fwww.zivautomation.com%2Fwp-content%2Fuploads%2F2026%2F02%2Findex.html&#8221;][\/vc_column][vc_column width=&#8221;1\/6&#8243;][vc_raw_html css=&#8221;&#8221;]JTVCeml2X3BhcnRuZXJzX2xvZ291dCU1RExPR09VVCU1QiUyRnppdl9wYXJ0bmVyc19sb2dvdXQlNUQ=[\/vc_raw_html][\/vc_column][\/vc_row][vc_row][vc_column]<div  class=\"kleo-gap\" style=\"height:15px;line-height:15px;\"><\/div>[vc_basic_grid post_type=&#8221;ids&#8221; item=&#8221;99991&#8243; initial_loading_animation=&#8221;none&#8221; css=&#8221;&#8221; grid_id=&#8221;vc_gid:1773214289310-ab02c583-244e-0&#8243; include=&#8221;99696, 99703, 99709, 100003, 100000, 100009&#8243;][\/vc_column][\/vc_row]<\/p>\n<\/div>","protected":false},"excerpt":{"rendered":"<p> Bienvenido al \u00c1rea Partners  Un espacio dedicado a la formaci\u00f3n y al intercambio de conocimientos. En esta p\u00e1gina encontrar\u00e1s v\u00eddeos formativos sobre los equipos y sistemas de ZIV, as\u00ed como documentaci\u00f3n t\u00e9cnica y presentaciones relacionadas en la secci\u00f3n Biblioteca. Esperamos que te resulte \u00fatil. Puedes ponerte en contacto con nosotros [&hellip;]<\/p>\n","protected":false},"author":1324,"featured_media":0,"parent":99774,"menu_order":357,"comment_status":"closed","ping_status":"closed","template":"","meta":{"_acf_changed":false,"footnotes":""},"categories":[479,459],"tags":[],"class_list":["post-161464","page","type-page","status-publish","hentry","category-area-partners","category-partners"],"acf":[],"yoast_head":"<!-- This site is optimized with the Yoast SEO plugin v27.4 - https:\/\/yoast.com\/product\/yoast-seo-wordpress\/ -->\n<title>\u00c1rea Partners - ZIV<\/title>\n<meta name=\"robots\" content=\"noindex, nofollow\" \/>\n<meta property=\"og:locale\" content=\"es_ES\" \/>\n<meta property=\"og:type\" content=\"article\" \/>\n<meta property=\"og:title\" content=\"\u00c1rea Partners - ZIV\" \/>\n<meta property=\"og:description\" content=\"[vc_row min_height=&#8221;&#8221; padding_top=&#8221;&#8221; padding_bottom=&#8221;&#8221; fixed_height=&#8221;&#8221; el_class=&#8221;products-home-search&#8221;][vc_column][vc_column_text css=&#8221;&#8221;] Bienvenido al \u00c1rea Partners [\/vc_column_text][\/vc_column][\/vc_row][vc_row][vc_column][\/vc_column][\/vc_row][vc_row][vc_column width=&#8221;1\/2&#8243;][vc_column_text css=&#8221;&#8221;] Un espacio dedicado a la formaci\u00f3n y al intercambio de conocimientos. En esta p\u00e1gina encontrar\u00e1s v\u00eddeos formativos sobre los equipos y sistemas de ZIV, as\u00ed como documentaci\u00f3n t\u00e9cnica y presentaciones relacionadas en la secci\u00f3n Biblioteca. Esperamos que te resulte \u00fatil. Puedes ponerte en contacto con nosotros [&hellip;]\" \/>\n<meta property=\"og:url\" content=\"https:\/\/www.zivautomation.com\/es\/partner\/area-partners\/\" \/>\n<meta property=\"og:site_name\" content=\"ZIV\" \/>\n<meta property=\"article:modified_time\" content=\"2026-03-17T10:24:16+00:00\" \/>\n<meta name=\"twitter:card\" content=\"summary_large_image\" \/>\n<meta name=\"twitter:label1\" content=\"Tiempo de lectura\" \/>\n\t<meta name=\"twitter:data1\" content=\"1 minuto\" \/>\n<script type=\"application\/ld+json\" class=\"yoast-schema-graph\">{\"@context\":\"https:\\\/\\\/schema.org\",\"@graph\":[{\"@type\":\"WebPage\",\"@id\":\"https:\\\/\\\/www.zivautomation.com\\\/es\\\/partner\\\/area-partners\\\/\",\"url\":\"https:\\\/\\\/www.zivautomation.com\\\/es\\\/partner\\\/area-partners\\\/\",\"name\":\"\u00c1rea Partners - ZIV\",\"isPartOf\":{\"@id\":\"https:\\\/\\\/www.zivautomation.com\\\/es\\\/#website\"},\"datePublished\":\"2025-11-25T10:52:19+00:00\",\"dateModified\":\"2026-03-17T10:24:16+00:00\",\"breadcrumb\":{\"@id\":\"https:\\\/\\\/www.zivautomation.com\\\/es\\\/partner\\\/area-partners\\\/#breadcrumb\"},\"inLanguage\":\"es\",\"potentialAction\":[{\"@type\":\"ReadAction\",\"target\":[\"https:\\\/\\\/www.zivautomation.com\\\/es\\\/partner\\\/area-partners\\\/\"]}]},{\"@type\":\"BreadcrumbList\",\"@id\":\"https:\\\/\\\/www.zivautomation.com\\\/es\\\/partner\\\/area-partners\\\/#breadcrumb\",\"itemListElement\":[{\"@type\":\"ListItem\",\"position\":1,\"name\":\"Home\",\"item\":\"https:\\\/\\\/www.zivautomation.com\\\/es\\\/\"},{\"@type\":\"ListItem\",\"position\":2,\"name\":\"Partners\",\"item\":\"https:\\\/\\\/www.zivautomation.com\\\/es\\\/partner\\\/\"},{\"@type\":\"ListItem\",\"position\":3,\"name\":\"\u00c1rea Partners\"}]},{\"@type\":\"WebSite\",\"@id\":\"https:\\\/\\\/www.zivautomation.com\\\/es\\\/#website\",\"url\":\"https:\\\/\\\/www.zivautomation.com\\\/es\\\/\",\"name\":\"ZIV\",\"description\":\"Haciendo realidad la Red del Futuro\",\"publisher\":{\"@id\":\"https:\\\/\\\/www.zivautomation.com\\\/es\\\/#organization\"},\"potentialAction\":[{\"@type\":\"SearchAction\",\"target\":{\"@type\":\"EntryPoint\",\"urlTemplate\":\"https:\\\/\\\/www.zivautomation.com\\\/es\\\/?s={search_term_string}\"},\"query-input\":{\"@type\":\"PropertyValueSpecification\",\"valueRequired\":true,\"valueName\":\"search_term_string\"}}],\"inLanguage\":\"es\"},{\"@type\":\"Organization\",\"@id\":\"https:\\\/\\\/www.zivautomation.com\\\/es\\\/#organization\",\"name\":\"ZIV\",\"url\":\"https:\\\/\\\/www.zivautomation.com\\\/es\\\/\",\"logo\":{\"@type\":\"ImageObject\",\"inLanguage\":\"es\",\"@id\":\"https:\\\/\\\/www.zivautomation.com\\\/es\\\/#\\\/schema\\\/logo\\\/image\\\/\",\"url\":\"https:\\\/\\\/www.zivautomation.com\\\/wp-content\\\/uploads\\\/2016\\\/10\\\/ziv_solo_cmyk_hr.jpg\",\"contentUrl\":\"https:\\\/\\\/www.zivautomation.com\\\/wp-content\\\/uploads\\\/2016\\\/10\\\/ziv_solo_cmyk_hr.jpg\",\"width\":7078,\"height\":2234,\"caption\":\"ZIV\"},\"image\":{\"@id\":\"https:\\\/\\\/www.zivautomation.com\\\/es\\\/#\\\/schema\\\/logo\\\/image\\\/\"}}]}<\/script>\n<!-- \/ Yoast SEO plugin. -->","yoast_head_json":{"title":"\u00c1rea Partners - ZIV","robots":{"index":"noindex","follow":"nofollow"},"og_locale":"es_ES","og_type":"article","og_title":"\u00c1rea Partners - ZIV","og_description":"[vc_row min_height=&#8221;&#8221; padding_top=&#8221;&#8221; padding_bottom=&#8221;&#8221; fixed_height=&#8221;&#8221; el_class=&#8221;products-home-search&#8221;][vc_column][vc_column_text css=&#8221;&#8221;] Bienvenido al \u00c1rea Partners [\/vc_column_text][\/vc_column][\/vc_row][vc_row][vc_column][\/vc_column][\/vc_row][vc_row][vc_column width=&#8221;1\/2&#8243;][vc_column_text css=&#8221;&#8221;] Un espacio dedicado a la formaci\u00f3n y al intercambio de conocimientos. En esta p\u00e1gina encontrar\u00e1s v\u00eddeos formativos sobre los equipos y sistemas de ZIV, as\u00ed como documentaci\u00f3n t\u00e9cnica y presentaciones relacionadas en la secci\u00f3n Biblioteca. Esperamos que te resulte \u00fatil. Puedes ponerte en contacto con nosotros [&hellip;]","og_url":"https:\/\/www.zivautomation.com\/es\/partner\/area-partners\/","og_site_name":"ZIV","article_modified_time":"2026-03-17T10:24:16+00:00","twitter_card":"summary_large_image","twitter_misc":{"Tiempo de lectura":"1 minuto"},"schema":{"@context":"https:\/\/schema.org","@graph":[{"@type":"WebPage","@id":"https:\/\/www.zivautomation.com\/es\/partner\/area-partners\/","url":"https:\/\/www.zivautomation.com\/es\/partner\/area-partners\/","name":"\u00c1rea Partners - ZIV","isPartOf":{"@id":"https:\/\/www.zivautomation.com\/es\/#website"},"datePublished":"2025-11-25T10:52:19+00:00","dateModified":"2026-03-17T10:24:16+00:00","breadcrumb":{"@id":"https:\/\/www.zivautomation.com\/es\/partner\/area-partners\/#breadcrumb"},"inLanguage":"es","potentialAction":[{"@type":"ReadAction","target":["https:\/\/www.zivautomation.com\/es\/partner\/area-partners\/"]}]},{"@type":"BreadcrumbList","@id":"https:\/\/www.zivautomation.com\/es\/partner\/area-partners\/#breadcrumb","itemListElement":[{"@type":"ListItem","position":1,"name":"Home","item":"https:\/\/www.zivautomation.com\/es\/"},{"@type":"ListItem","position":2,"name":"Partners","item":"https:\/\/www.zivautomation.com\/es\/partner\/"},{"@type":"ListItem","position":3,"name":"\u00c1rea Partners"}]},{"@type":"WebSite","@id":"https:\/\/www.zivautomation.com\/es\/#website","url":"https:\/\/www.zivautomation.com\/es\/","name":"ZIV","description":"Haciendo realidad la Red del Futuro","publisher":{"@id":"https:\/\/www.zivautomation.com\/es\/#organization"},"potentialAction":[{"@type":"SearchAction","target":{"@type":"EntryPoint","urlTemplate":"https:\/\/www.zivautomation.com\/es\/?s={search_term_string}"},"query-input":{"@type":"PropertyValueSpecification","valueRequired":true,"valueName":"search_term_string"}}],"inLanguage":"es"},{"@type":"Organization","@id":"https:\/\/www.zivautomation.com\/es\/#organization","name":"ZIV","url":"https:\/\/www.zivautomation.com\/es\/","logo":{"@type":"ImageObject","inLanguage":"es","@id":"https:\/\/www.zivautomation.com\/es\/#\/schema\/logo\/image\/","url":"https:\/\/www.zivautomation.com\/wp-content\/uploads\/2016\/10\/ziv_solo_cmyk_hr.jpg","contentUrl":"https:\/\/www.zivautomation.com\/wp-content\/uploads\/2016\/10\/ziv_solo_cmyk_hr.jpg","width":7078,"height":2234,"caption":"ZIV"},"image":{"@id":"https:\/\/www.zivautomation.com\/es\/#\/schema\/logo\/image\/"}}]}},"_links":{"self":[{"href":"https:\/\/www.zivautomation.com\/es\/wp-json\/wp\/v2\/pages\/161464","targetHints":{"allow":["GET"]}}],"collection":[{"href":"https:\/\/www.zivautomation.com\/es\/wp-json\/wp\/v2\/pages"}],"about":[{"href":"https:\/\/www.zivautomation.com\/es\/wp-json\/wp\/v2\/types\/page"}],"author":[{"embeddable":true,"href":"https:\/\/www.zivautomation.com\/es\/wp-json\/wp\/v2\/users\/1324"}],"replies":[{"embeddable":true,"href":"https:\/\/www.zivautomation.com\/es\/wp-json\/wp\/v2\/comments?post=161464"}],"version-history":[{"count":10,"href":"https:\/\/www.zivautomation.com\/es\/wp-json\/wp\/v2\/pages\/161464\/revisions"}],"predecessor-version":[{"id":162132,"href":"https:\/\/www.zivautomation.com\/es\/wp-json\/wp\/v2\/pages\/161464\/revisions\/162132"}],"up":[{"embeddable":true,"href":"https:\/\/www.zivautomation.com\/es\/wp-json\/wp\/v2\/pages\/99774"}],"wp:attachment":[{"href":"https:\/\/www.zivautomation.com\/es\/wp-json\/wp\/v2\/media?parent=161464"}],"wp:term":[{"taxonomy":"category","embeddable":true,"href":"https:\/\/www.zivautomation.com\/es\/wp-json\/wp\/v2\/categories?post=161464"},{"taxonomy":"post_tag","embeddable":true,"href":"https:\/\/www.zivautomation.com\/es\/wp-json\/wp\/v2\/tags?post=161464"}],"curies":[{"name":"wp","href":"https:\/\/api.w.org\/{rel}","templated":true}]}}