{"id":153626,"date":"2025-12-19T11:36:04","date_gmt":"2025-12-19T10:36:04","guid":{"rendered":"https:\/\/www.zivautomation.com\/?page_id=153626"},"modified":"2026-02-23T12:04:55","modified_gmt":"2026-02-23T11:04:55","slug":"servicios-y-sistemas","status":"publish","type":"page","link":"https:\/\/www.zivautomation.com\/es\/productos\/servicios-y-sistemas\/","title":{"rendered":"Servicios de Valor A\u00f1adido"},"content":{"rendered":"<div class=\"wpb-content-wrapper\"><p>[vc_row min_height=&#8221;&#8221; padding_top=&#8221;&#8221; padding_bottom=&#8221;&#8221; fixed_height=&#8221;&#8221; el_class=&#8221;products-home-search&#8221;][vc_column]<div  class=\"kleo-gap\" style=\"height:30px;line-height:30px;\"><\/div>[vc_column_text css=&#8221;&#8221;]<\/p>\n<h2>Ingenier\u00eda, formaci\u00f3n t\u00e9cnica, revamping, soporte postventa y gesti\u00f3n digital de activos<\/h2>\n<p>[\/vc_column_text]<div  class=\"kleo-gap\" style=\"height:30px;line-height:30px;\"><\/div>[vc_single_image image=&#8221;153705&#8243; img_size=&#8221;full&#8221; alignment=&#8221;center&#8221; css=&#8221;&#8221;]<div  class=\"kleo-gap\" style=\"height:50px;line-height:50px;\"><\/div>[\/vc_column][\/vc_row][vc_row][vc_column]<div  class=\"kleo-gap\" style=\"height:30px;line-height:30px;\"><\/div>[vc_column_text css=&#8221;&#8221;]<\/p>\n<h3>Las redes el\u00e9ctricas afrontan una transformaci\u00f3n profunda marcada por la electrificaci\u00f3n, la digitalizaci\u00f3n, la automatizaci\u00f3n y la necesidad de operar con mayores niveles de fiabilidad.<\/h3>\n<p>En este contexto, los clientes no solo requieren tecnolog\u00eda robusta, sino tambi\u00e9n servicios t\u00e9cnicos que garanticen una integraci\u00f3n adecuada y un soporte constante a lo largo de la vida \u00fatil de sus instalaciones.<\/p>\n<p>En ZIV ponemos nuestra experiencia y conocimiento al servicio de esa necesidad, acompa\u00f1ando a cada cliente con soluciones y servicios que aportan seguridad, continuidad y eficiencia a sus proyectos.[\/vc_column_text]<div  class=\"kleo-gap\" style=\"height:50px;line-height:50px;\"><\/div>[vc_single_image image=&#8221;161384&#8243; img_size=&#8221;large&#8221; alignment=&#8221;center&#8221; css=&#8221;&#8221;]<div  class=\"kleo-gap\" style=\"height:50px;line-height:50px;\"><\/div>[\/vc_column][\/vc_row][vc_row][vc_column]<div  class=\"kleo-gap\" style=\"height:50px;line-height:50px;\"><\/div>[vc_single_image image=&#8221;161677&#8243; img_size=&#8221;large&#8221; alignment=&#8221;center&#8221; css=&#8221;&#8221;]<div  class=\"kleo-gap\" style=\"height:50px;line-height:50px;\"><\/div>[\/vc_column][\/vc_row][vc_row][vc_column]<div  class=\"kleo-gap\" style=\"height:50px;line-height:50px;\"><\/div>[vc_column_text css=&#8221;&#8221;]<\/p>\n<h3>ZIV University &#8211; Servicios de formaci\u00f3n<\/h3>\n<p>A trav\u00e9s de cursos estructurados, programas personalizados y seminarios web interactivos, <strong>ZIV University<\/strong> ayuda a los profesionales del sector a reforzar sus capacidades y maximizar el valor de sus instalaciones. Descubre en el nuevo <a class=\"icon-lock\" href=\"https:\/\/www.zivautomation.com\/es\/access\/acceso\/\" target=\"_blank\" rel=\"noopener\"><strong>dossier (PDF)<\/strong><\/a>:<\/p>\n<div class=\"kleo_text_column wpb_text_column wpb_content_element \">\n<div class=\"wpb_wrapper\">\n<ul>\n<li>El contenido detallado de los cursos.<\/li>\n<li>El calendario de formaci\u00f3n para 2026.<\/li>\n<li>C\u00f3mo <a href=\"https:\/\/forms.office.com\/Pages\/ResponsePage.aspx?id=vp19lAhfFkSWqYRo9_gpnsMUHMdPWH5MksX29qII4g9UMjAxTFFFMklWN0lCTzc0UzUySDU1RE5UQi4u\">reservar tu plaza<\/a>.<\/li>\n<\/ul>\n<\/div>\n<\/div>\n<p><a target=\"_blank\" href=\"https:\/\/www.zivautomation.com\/wp-content\/uploads\/2026\/02\/condiciones-comerciales-2026.pdf\">Condiciones Comerciales<\/a>[\/vc_column_text]<div  class=\"kleo-gap\" style=\"height:50px;line-height:50px;\"><\/div>[vc_column_text css=&#8221;&#8221;]\u00a1Echa un vistazo a los pr\u00f3ximos seminarios web y reg\u00edstrate ahora![\/vc_column_text][vc_column_text css=&#8221;&#8221;]<iframe loading=\"lazy\" title=\"ZIV Automation eventos | Livestorm\" src=\"https:\/\/app.livestorm.co\/ziv\/upcoming?upcoming_locale=es&amp;limit=3\" width=\"100%\" height=\"400\" frameborder=\"0\"><\/iframe>[\/vc_column_text][\/vc_column][\/vc_row]<\/p>\n<\/div>","protected":false},"excerpt":{"rendered":"<p> Ingenier\u00eda, formaci\u00f3n t\u00e9cnica, revamping, soporte postventa y gesti\u00f3n digital de activos  Las redes el\u00e9ctricas afrontan una transformaci\u00f3n profunda marcada por la electrificaci\u00f3n, la digitalizaci\u00f3n, la automatizaci\u00f3n y la necesidad de operar con mayores niveles de fiabilidad. En este contexto, los clientes no solo requieren tecnolog\u00eda robusta, sino [&hellip;]<\/p>\n","protected":false},"author":1324,"featured_media":153705,"parent":82858,"menu_order":66,"comment_status":"closed","ping_status":"closed","template":"","meta":{"_acf_changed":false,"footnotes":""},"categories":[357],"tags":[],"class_list":["post-153626","page","type-page","status-publish","has-post-thumbnail","hentry","category-productos-cat"],"acf":[],"yoast_head":"<!-- This site is optimized with the Yoast SEO plugin v27.4 - https:\/\/yoast.com\/product\/yoast-seo-wordpress\/ -->\n<title>Servicios de Valor A\u00f1adido - ZIV Digital Substation<\/title>\n<meta name=\"description\" content=\"Servicios especializados para maximizar el rendimiento y la vida \u00fatil de nuestras soluciones.\" \/>\n<meta name=\"robots\" content=\"index, follow, max-snippet:-1, max-image-preview:large, max-video-preview:-1\" \/>\n<link rel=\"canonical\" href=\"https:\/\/www.zivautomation.com\/es\/productos\/servicios-y-sistemas\/\" \/>\n<meta property=\"og:locale\" content=\"es_ES\" \/>\n<meta property=\"og:type\" content=\"article\" \/>\n<meta property=\"og:title\" content=\"Servicios de Valor A\u00f1adido - ZIV Digital Substation\" \/>\n<meta property=\"og:description\" content=\"Servicios especializados para maximizar el rendimiento y la vida \u00fatil de nuestras soluciones.\" \/>\n<meta property=\"og:url\" content=\"https:\/\/www.zivautomation.com\/es\/productos\/servicios-y-sistemas\/\" \/>\n<meta property=\"og:site_name\" content=\"ZIV\" \/>\n<meta property=\"article:modified_time\" content=\"2026-02-23T11:04:55+00:00\" \/>\n<meta property=\"og:image\" content=\"https:\/\/www.zivautomation.com\/wp-content\/uploads\/2025\/12\/2511-ziv_064_b.jpg\" \/>\n\t<meta property=\"og:image:width\" content=\"1800\" \/>\n\t<meta property=\"og:image:height\" content=\"720\" \/>\n\t<meta property=\"og:image:type\" content=\"image\/jpeg\" \/>\n<meta name=\"twitter:card\" content=\"summary_large_image\" \/>\n<meta name=\"twitter:label1\" content=\"Tiempo de lectura\" \/>\n\t<meta name=\"twitter:data1\" content=\"2 minutos\" \/>\n<script type=\"application\/ld+json\" class=\"yoast-schema-graph\">{\"@context\":\"https:\\\/\\\/schema.org\",\"@graph\":[{\"@type\":\"WebPage\",\"@id\":\"https:\\\/\\\/www.zivautomation.com\\\/es\\\/productos\\\/servicios-y-sistemas\\\/\",\"url\":\"https:\\\/\\\/www.zivautomation.com\\\/es\\\/productos\\\/servicios-y-sistemas\\\/\",\"name\":\"Servicios de Valor A\u00f1adido - ZIV Digital Substation\",\"isPartOf\":{\"@id\":\"https:\\\/\\\/www.zivautomation.com\\\/es\\\/#website\"},\"primaryImageOfPage\":{\"@id\":\"https:\\\/\\\/www.zivautomation.com\\\/es\\\/productos\\\/servicios-y-sistemas\\\/#primaryimage\"},\"image\":{\"@id\":\"https:\\\/\\\/www.zivautomation.com\\\/es\\\/productos\\\/servicios-y-sistemas\\\/#primaryimage\"},\"thumbnailUrl\":\"https:\\\/\\\/www.zivautomation.com\\\/wp-content\\\/uploads\\\/2025\\\/12\\\/2511-ziv_064_b.jpg\",\"datePublished\":\"2025-12-19T10:36:04+00:00\",\"dateModified\":\"2026-02-23T11:04:55+00:00\",\"description\":\"Servicios especializados para maximizar el rendimiento y la vida \u00fatil de nuestras soluciones.\",\"breadcrumb\":{\"@id\":\"https:\\\/\\\/www.zivautomation.com\\\/es\\\/productos\\\/servicios-y-sistemas\\\/#breadcrumb\"},\"inLanguage\":\"es\",\"potentialAction\":[{\"@type\":\"ReadAction\",\"target\":[\"https:\\\/\\\/www.zivautomation.com\\\/es\\\/productos\\\/servicios-y-sistemas\\\/\"]}]},{\"@type\":\"ImageObject\",\"inLanguage\":\"es\",\"@id\":\"https:\\\/\\\/www.zivautomation.com\\\/es\\\/productos\\\/servicios-y-sistemas\\\/#primaryimage\",\"url\":\"https:\\\/\\\/www.zivautomation.com\\\/wp-content\\\/uploads\\\/2025\\\/12\\\/2511-ziv_064_b.jpg\",\"contentUrl\":\"https:\\\/\\\/www.zivautomation.com\\\/wp-content\\\/uploads\\\/2025\\\/12\\\/2511-ziv_064_b.jpg\",\"width\":1800,\"height\":720},{\"@type\":\"BreadcrumbList\",\"@id\":\"https:\\\/\\\/www.zivautomation.com\\\/es\\\/productos\\\/servicios-y-sistemas\\\/#breadcrumb\",\"itemListElement\":[{\"@type\":\"ListItem\",\"position\":1,\"name\":\"Home\",\"item\":\"https:\\\/\\\/www.zivautomation.com\\\/es\\\/\"},{\"@type\":\"ListItem\",\"position\":2,\"name\":\"Soluciones ZIV\",\"item\":\"https:\\\/\\\/www.zivautomation.com\\\/es\\\/productos\\\/\"},{\"@type\":\"ListItem\",\"position\":3,\"name\":\"Servicios de Valor A\u00f1adido\"}]},{\"@type\":\"WebSite\",\"@id\":\"https:\\\/\\\/www.zivautomation.com\\\/es\\\/#website\",\"url\":\"https:\\\/\\\/www.zivautomation.com\\\/es\\\/\",\"name\":\"ZIV\",\"description\":\"Haciendo realidad la Red del Futuro\",\"publisher\":{\"@id\":\"https:\\\/\\\/www.zivautomation.com\\\/es\\\/#organization\"},\"potentialAction\":[{\"@type\":\"SearchAction\",\"target\":{\"@type\":\"EntryPoint\",\"urlTemplate\":\"https:\\\/\\\/www.zivautomation.com\\\/es\\\/?s={search_term_string}\"},\"query-input\":{\"@type\":\"PropertyValueSpecification\",\"valueRequired\":true,\"valueName\":\"search_term_string\"}}],\"inLanguage\":\"es\"},{\"@type\":\"Organization\",\"@id\":\"https:\\\/\\\/www.zivautomation.com\\\/es\\\/#organization\",\"name\":\"ZIV\",\"url\":\"https:\\\/\\\/www.zivautomation.com\\\/es\\\/\",\"logo\":{\"@type\":\"ImageObject\",\"inLanguage\":\"es\",\"@id\":\"https:\\\/\\\/www.zivautomation.com\\\/es\\\/#\\\/schema\\\/logo\\\/image\\\/\",\"url\":\"https:\\\/\\\/www.zivautomation.com\\\/wp-content\\\/uploads\\\/2016\\\/10\\\/ziv_solo_cmyk_hr.jpg\",\"contentUrl\":\"https:\\\/\\\/www.zivautomation.com\\\/wp-content\\\/uploads\\\/2016\\\/10\\\/ziv_solo_cmyk_hr.jpg\",\"width\":7078,\"height\":2234,\"caption\":\"ZIV\"},\"image\":{\"@id\":\"https:\\\/\\\/www.zivautomation.com\\\/es\\\/#\\\/schema\\\/logo\\\/image\\\/\"}}]}<\/script>\n<!-- \/ Yoast SEO plugin. -->","yoast_head_json":{"title":"Servicios de Valor A\u00f1adido - ZIV Digital Substation","description":"Servicios especializados para maximizar el rendimiento y la vida \u00fatil de nuestras soluciones.","robots":{"index":"index","follow":"follow","max-snippet":"max-snippet:-1","max-image-preview":"max-image-preview:large","max-video-preview":"max-video-preview:-1"},"canonical":"https:\/\/www.zivautomation.com\/es\/productos\/servicios-y-sistemas\/","og_locale":"es_ES","og_type":"article","og_title":"Servicios de Valor A\u00f1adido - ZIV Digital Substation","og_description":"Servicios especializados para maximizar el rendimiento y la vida \u00fatil de nuestras soluciones.","og_url":"https:\/\/www.zivautomation.com\/es\/productos\/servicios-y-sistemas\/","og_site_name":"ZIV","article_modified_time":"2026-02-23T11:04:55+00:00","og_image":[{"width":1800,"height":720,"url":"https:\/\/www.zivautomation.com\/wp-content\/uploads\/2025\/12\/2511-ziv_064_b.jpg","type":"image\/jpeg"}],"twitter_card":"summary_large_image","twitter_misc":{"Tiempo de lectura":"2 minutos"},"schema":{"@context":"https:\/\/schema.org","@graph":[{"@type":"WebPage","@id":"https:\/\/www.zivautomation.com\/es\/productos\/servicios-y-sistemas\/","url":"https:\/\/www.zivautomation.com\/es\/productos\/servicios-y-sistemas\/","name":"Servicios de Valor A\u00f1adido - ZIV Digital Substation","isPartOf":{"@id":"https:\/\/www.zivautomation.com\/es\/#website"},"primaryImageOfPage":{"@id":"https:\/\/www.zivautomation.com\/es\/productos\/servicios-y-sistemas\/#primaryimage"},"image":{"@id":"https:\/\/www.zivautomation.com\/es\/productos\/servicios-y-sistemas\/#primaryimage"},"thumbnailUrl":"https:\/\/www.zivautomation.com\/wp-content\/uploads\/2025\/12\/2511-ziv_064_b.jpg","datePublished":"2025-12-19T10:36:04+00:00","dateModified":"2026-02-23T11:04:55+00:00","description":"Servicios especializados para maximizar el rendimiento y la vida \u00fatil de nuestras soluciones.","breadcrumb":{"@id":"https:\/\/www.zivautomation.com\/es\/productos\/servicios-y-sistemas\/#breadcrumb"},"inLanguage":"es","potentialAction":[{"@type":"ReadAction","target":["https:\/\/www.zivautomation.com\/es\/productos\/servicios-y-sistemas\/"]}]},{"@type":"ImageObject","inLanguage":"es","@id":"https:\/\/www.zivautomation.com\/es\/productos\/servicios-y-sistemas\/#primaryimage","url":"https:\/\/www.zivautomation.com\/wp-content\/uploads\/2025\/12\/2511-ziv_064_b.jpg","contentUrl":"https:\/\/www.zivautomation.com\/wp-content\/uploads\/2025\/12\/2511-ziv_064_b.jpg","width":1800,"height":720},{"@type":"BreadcrumbList","@id":"https:\/\/www.zivautomation.com\/es\/productos\/servicios-y-sistemas\/#breadcrumb","itemListElement":[{"@type":"ListItem","position":1,"name":"Home","item":"https:\/\/www.zivautomation.com\/es\/"},{"@type":"ListItem","position":2,"name":"Soluciones ZIV","item":"https:\/\/www.zivautomation.com\/es\/productos\/"},{"@type":"ListItem","position":3,"name":"Servicios de Valor A\u00f1adido"}]},{"@type":"WebSite","@id":"https:\/\/www.zivautomation.com\/es\/#website","url":"https:\/\/www.zivautomation.com\/es\/","name":"ZIV","description":"Haciendo realidad la Red del Futuro","publisher":{"@id":"https:\/\/www.zivautomation.com\/es\/#organization"},"potentialAction":[{"@type":"SearchAction","target":{"@type":"EntryPoint","urlTemplate":"https:\/\/www.zivautomation.com\/es\/?s={search_term_string}"},"query-input":{"@type":"PropertyValueSpecification","valueRequired":true,"valueName":"search_term_string"}}],"inLanguage":"es"},{"@type":"Organization","@id":"https:\/\/www.zivautomation.com\/es\/#organization","name":"ZIV","url":"https:\/\/www.zivautomation.com\/es\/","logo":{"@type":"ImageObject","inLanguage":"es","@id":"https:\/\/www.zivautomation.com\/es\/#\/schema\/logo\/image\/","url":"https:\/\/www.zivautomation.com\/wp-content\/uploads\/2016\/10\/ziv_solo_cmyk_hr.jpg","contentUrl":"https:\/\/www.zivautomation.com\/wp-content\/uploads\/2016\/10\/ziv_solo_cmyk_hr.jpg","width":7078,"height":2234,"caption":"ZIV"},"image":{"@id":"https:\/\/www.zivautomation.com\/es\/#\/schema\/logo\/image\/"}}]}},"_links":{"self":[{"href":"https:\/\/www.zivautomation.com\/es\/wp-json\/wp\/v2\/pages\/153626","targetHints":{"allow":["GET"]}}],"collection":[{"href":"https:\/\/www.zivautomation.com\/es\/wp-json\/wp\/v2\/pages"}],"about":[{"href":"https:\/\/www.zivautomation.com\/es\/wp-json\/wp\/v2\/types\/page"}],"author":[{"embeddable":true,"href":"https:\/\/www.zivautomation.com\/es\/wp-json\/wp\/v2\/users\/1324"}],"replies":[{"embeddable":true,"href":"https:\/\/www.zivautomation.com\/es\/wp-json\/wp\/v2\/comments?post=153626"}],"version-history":[{"count":29,"href":"https:\/\/www.zivautomation.com\/es\/wp-json\/wp\/v2\/pages\/153626\/revisions"}],"predecessor-version":[{"id":161830,"href":"https:\/\/www.zivautomation.com\/es\/wp-json\/wp\/v2\/pages\/153626\/revisions\/161830"}],"up":[{"embeddable":true,"href":"https:\/\/www.zivautomation.com\/es\/wp-json\/wp\/v2\/pages\/82858"}],"wp:featuredmedia":[{"embeddable":true,"href":"https:\/\/www.zivautomation.com\/es\/wp-json\/wp\/v2\/media\/153705"}],"wp:attachment":[{"href":"https:\/\/www.zivautomation.com\/es\/wp-json\/wp\/v2\/media?parent=153626"}],"wp:term":[{"taxonomy":"category","embeddable":true,"href":"https:\/\/www.zivautomation.com\/es\/wp-json\/wp\/v2\/categories?post=153626"},{"taxonomy":"post_tag","embeddable":true,"href":"https:\/\/www.zivautomation.com\/es\/wp-json\/wp\/v2\/tags?post=153626"}],"curies":[{"name":"wp","href":"https:\/\/api.w.org\/{rel}","templated":true}]}}